{"id":21145,"date":"2025-01-03T09:45:27","date_gmt":"2025-01-03T08:45:27","guid":{"rendered":"https:\/\/www.le-cabellou-plage.com\/bar-restaurant-snack-concarneau\/"},"modified":"2025-03-04T10:34:09","modified_gmt":"2025-03-04T09:34:09","slug":"bar-en-snackrestaurant","status":"publish","type":"page","link":"https:\/\/www.le-cabellou-plage.com\/nl\/bar-en-snackrestaurant\/","title":{"rendered":"Restauratie"},"content":{"rendered":"\n<section class=\"wp-block-group home-intro page-one has-custom-color-2-background-color has-background is-layout-flow wp-block-group-is-layout-flow\" style=\"padding-top:var(--wp--preset--spacing--40);padding-bottom:var(--wp--preset--spacing--30)\">\n<div class=\"wp-block-columns is-layout-flex wp-container-core-columns-is-layout-b0eedf20 wp-block-columns-is-layout-flex\" style=\"margin-top:1rem;margin-bottom:0\">\n<div class=\"wp-block-column is-layout-flow wp-block-column-is-layout-flow\" style=\"padding-right:2rem;padding-left:2rem;flex-basis:60%\">\n<div class=\"wp-block-group gt-no-padding-mobile is-layout-flow wp-block-group-is-layout-flow\" style=\"padding-right:10rem;padding-left:15rem\">\n<h1 class=\"wp-block-heading\"><strong>Restaurant en snackbar K&#8217;Bel<\/strong> <br\/>in Concarneau<\/h1>\n\n\n\n<p>Op <strong>Camping Resort Le Cabellou Plage<\/strong> geniet je van de rustige omgeving en de ontspannen sfeer van het <strong>restaurant<\/strong> en <strong>de bar bij het zwembad<\/strong>. Geniet met vrienden en familie van een magisch moment onder het genot van een <strong>cocktail<\/strong> of een <strong>goede maaltijd<\/strong>. Er wordt een gevarieerd menu aangeboden met <strong>lokale dranken<\/strong> en <strong>gerechten van de chef<\/strong>.  <\/p>\n\n\n\n<h2 class=\"wp-block-heading\" style=\"padding-top:var(--wp--preset--spacing--30);text-transform:uppercase\"><strong>Lekkernijen in het bar-restaurant<\/strong> <br\/>Le K&#8217;Bel in Bretagne<\/h2>\n\n\n\n<p>Maak het jezelf gemakkelijk op het <strong>terras van het restaurant<\/strong>, met een prachtig uitzicht op het <a href=\"https:\/\/www.le-cabellou-plage.com\/nl\/camping-waterpark-bretagne\/\">watergebied Blue Cara\u00efbes<\/a> en de weelderige vegetatie. Gedurende de hele openingsperiode zijn de tafels gedekt voor lunch en diner. <\/p>\n\n\n\n<p>Op <strong>het menu van de chef<\/strong> vind je een keuze aan fijne gemengde salades en kwaliteitsvlees- en visgerechten. Je kunt ook onze verbeterde klassiekers proberen met onze geweldige hamburgers en stevige pizza&#8217;s. <\/p>\n\n\n\n<p>Laat je tot slot verleiden door een <strong>gastronomisch dessert<\/strong>. Je kunt kiezen tussen een gigantische ijscoupe (de Cabellou sundae is de grote favoriet!) of een <strong>royaal dessert<\/strong> zoals een huisgemaakte Bretonse taart, chocoladefondant, caf\u00e9 gourmand, cr\u00e8me br\u00fbl\u00e9e&#8230; <\/p>\n<\/div>\n<\/div>\n\n\n\n<div class=\"wp-block-column animated fadeIn delay-100ms slow is-layout-flow wp-block-column-is-layout-flow\" style=\"padding-top:0em;flex-basis:40%\">\n<div data-swiper=\"{&quot;speed&quot;:400,&quot;spaceBetween&quot;:16,&quot;slidesPerView&quot;:1,&quot;createElements&quot;:true,&quot;loop&quot;:true,&quot;freemode&quot;:true,&quot;pagination&quot;:{&quot;el&quot;:&quot;.swiper-pagination&quot;,&quot;dynamicBullets&quot;:false},&quot;breakpoints&quot;:{&quot;0&quot;:{&quot;slidesPerView&quot;:1},&quot;380&quot;:[],&quot;1024&quot;:[]},&quot;effect&quot;:&quot;fade&quot;}\" class=\"wp-block-group gt-is-slider gt-is-slider-desktop has-global-padding is-layout-constrained wp-block-group-is-layout-constrained\">\n<figure class=\"wp-block-image size-full\"><img decoding=\"async\" width=\"686\" height=\"660\" src=\"https:\/\/www.le-cabellou-plage.com\/wp-content\/uploads\/2025\/01\/terrasse-du-restaurant-et-snack-k-bel.webp\" alt=\"k bel restaurant en snackbar terras\" class=\"wp-image-13438\" srcset=\"https:\/\/www.le-cabellou-plage.com\/wp-content\/uploads\/2025\/01\/terrasse-du-restaurant-et-snack-k-bel.webp 686w, https:\/\/www.le-cabellou-plage.com\/wp-content\/uploads\/2025\/01\/terrasse-du-restaurant-et-snack-k-bel-300x289.webp 300w\" sizes=\"(max-width: 686px) 100vw, 686px\" \/><\/figure>\n\n\n\n<figure class=\"wp-block-image size-full\"><img decoding=\"async\" width=\"686\" height=\"660\" src=\"https:\/\/www.le-cabellou-plage.com\/wp-content\/uploads\/2025\/03\/delices-au-bar-restaurant-le-k-bel-a-concarneau-en-bretagne-le-cabellou-plage.webp\" alt=\"lekkernijen aan de bar restaurant le k bel in concarneau in bretagne le cabellou plage\" class=\"wp-image-20724\" srcset=\"https:\/\/www.le-cabellou-plage.com\/wp-content\/uploads\/2025\/03\/delices-au-bar-restaurant-le-k-bel-a-concarneau-en-bretagne-le-cabellou-plage.webp 686w, https:\/\/www.le-cabellou-plage.com\/wp-content\/uploads\/2025\/03\/delices-au-bar-restaurant-le-k-bel-a-concarneau-en-bretagne-le-cabellou-plage-300x289.webp 300w\" sizes=\"(max-width: 686px) 100vw, 686px\" \/><\/figure>\n\n\n\n<figure class=\"wp-block-image size-full\"><img decoding=\"async\" width=\"686\" height=\"660\" src=\"https:\/\/www.le-cabellou-plage.com\/wp-content\/uploads\/2025\/01\/copieuses-pizzas-du-chef.webp\" alt=\"overvloedige pizza's van de chef\" class=\"wp-image-13446\" srcset=\"https:\/\/www.le-cabellou-plage.com\/wp-content\/uploads\/2025\/01\/copieuses-pizzas-du-chef.webp 686w, https:\/\/www.le-cabellou-plage.com\/wp-content\/uploads\/2025\/01\/copieuses-pizzas-du-chef-300x289.webp 300w\" sizes=\"(max-width: 686px) 100vw, 686px\" \/><\/figure>\n<\/div>\n<\/div>\n<\/div>\n<\/section>\n\n<section id=\"bar-a-cocktails\" class=\"wp-block-group home-third page-two has-custom-color-2-background-color has-background is-layout-flow wp-block-group-is-layout-flow\" style=\"margin-top:0;padding-bottom:var(--wp--preset--spacing--40)\">\n<div data-swiper=\"{&quot;speed&quot;:1000,&quot;autoplay&quot;:{&quot;delay&quot;:5000,&quot;disableOnInteraction&quot;:false},&quot;spaceBetween&quot;:0,&quot;slidesPerView&quot;:1,&quot;pagination&quot;:{&quot;el&quot;:&quot;.swiper-pagination&quot;,&quot;dynamicBullets&quot;:true,&quot;clickable&quot;:true,&quot;type&quot;:&quot;bullets&quot;},&quot;navigation&quot;:{&quot;nextEl&quot;:&quot;.swiper-button-next&quot;,&quot;prevEl&quot;:&quot;.swiper-button-prev&quot;},&quot;breakpoints&quot;:[{&quot;slidesPerView&quot;:1}]}\" class=\"wp-block-cover has-parallax has-custom-content-position is-position-bottom-right\" style=\"min-height:825px;aspect-ratio:unset;\"><span aria-hidden=\"true\" class=\"wp-block-cover__background has-contrast-background-color has-background-dim-30 has-background-dim\"><\/span><div role=\"img\" aria-label=\"bar a cocktails et bieres locales\" class=\"wp-block-cover__image-background wp-image-13450 has-parallax\" style=\"background-position:50% 50%;background-image:url(https:\/\/www.le-cabellou-plage.com\/wp-content\/uploads\/2025\/01\/bar-a-cocktails-et-bieres-locales.webp)\"><\/div><div class=\"wp-block-cover__inner-container has-global-padding is-layout-constrained wp-block-cover-is-layout-constrained\">\n<p class=\"has-text-align-center has-base-2-color has-text-color has-link-color has-bodidota-font-family wp-elements-5fd2266fc5767de60830201ebf39ad03\" style=\"padding-right:35rem;padding-bottom:var(--wp--preset--spacing--40);font-size:clamp(39.963px, 2.498rem + ((1vw - 3.2px) * 2.969), 75px);text-transform:uppercase\"><strong>Huis cocktails<\/strong><\/p>\n<\/div><\/div>\n\n\n\n<div class=\"wp-block-columns is-layout-flex wp-container-core-columns-is-layout-b674b79b wp-block-columns-is-layout-flex\" style=\"padding-top:var(--wp--preset--spacing--10);padding-right:var(--wp--preset--spacing--50);padding-bottom:var(--wp--preset--spacing--10);padding-left:var(--wp--preset--spacing--50)\">\n<div class=\"wp-block-column left is-layout-flow wp-block-column-is-layout-flow\" style=\"flex-basis:40%\">\n<div class=\"wp-block-group gt-no-padding-mobile is-layout-flow wp-block-group-is-layout-flow\" style=\"padding-right:2rem;padding-left:2rem\">\n<p class=\"has-custom-color-3-color has-text-color has-link-color has-josefin-sans-font-family has-small-font-size wp-elements-d145c5df579ffd73ae238564e68ce310\" style=\"margin-bottom:var(--wp--preset--spacing--30);letter-spacing:3px;line-height:1.5;text-transform:uppercase\">Smaakplezier<\/p>\n\n\n\n<div class=\"wp-block-group h1-like is-layout-flow wp-block-group-is-layout-flow\">\n<p class=\"has-bodidota-font-family\" style=\"font-size:clamp(47.79px, 2.987rem + ((1vw - 3.2px) * 3.916), 94px);line-height:0.8\">Geniet van een mojito<\/p>\n\n\n\n<p class=\"has-custom-color-3-color has-text-color has-link-color has-north-wave-font-family wp-elements-b25733396e36865514318b0c84020b6d\" style=\"padding-left:var(--wp--preset--spacing--40);font-size:clamp(52.125px, 3.258rem + ((1vw - 3.2px) * 4.481), 105px);line-height:0.1\">breton<\/p>\n<\/div>\n<\/div>\n<\/div>\n\n\n\n<div class=\"wp-block-column right is-layout-flow wp-block-column-is-layout-flow\" style=\"padding-top:var(--wp--preset--spacing--40);flex-basis:60%\">\n<div class=\"wp-block-group gt-no-padding-mobile is-layout-flow wp-block-group-is-layout-flow\" style=\"padding-right:15rem;padding-left:10rem\">\n<h2 class=\"wp-block-heading\" style=\"margin-bottom:var(--wp--preset--spacing--30)\"><strong>Cocktailbar<\/strong> en lokale bieren<\/h2>\n\n\n\n<p>Onze barmannen en barmeisjes maken <strong> zelfgemaakte cocktails, met of zonder alcohol<\/strong>, voor jouw <strong>plezier<\/strong>. Voor <strong>bierliefhebbers<\/strong> bieden we <strong>lokale bieren<\/strong> van de <strong>Brasserie de Bretagne<\/strong> in <a href=\"https:\/\/www.le-cabellou-plage.com\/nl\/concarneau-toerisme\/\">Concarneau<\/a>: ontdek Saint-Erwann, Bretons blond of wit. Er zijn nog veel meer klassieke drankjes verkrijgbaar voor kinderen en volwassenen.  <\/p>\n\n\n\n<p>Geniet van deze <strong>magische momenten met z&#8217;n twee\u00ebn<\/strong> of met het gezin, nippend aan <strong>een Bretonse Mojito<\/strong> in een <strong>aangename, ontspannen omgeving<\/strong>.<\/p>\n<\/div>\n<\/div>\n<\/div>\n<\/section>\n\n<section class=\"wp-block-group home-second page-third has-custom-color-2-background-color has-background is-layout-flow wp-block-group-is-layout-flow\" style=\"margin-top:0;padding-bottom:var(--wp--preset--spacing--40)\">\n<div class=\"wp-block-columns gt-reverse-mobile is-layout-flex wp-container-core-columns-is-layout-28f84493 wp-block-columns-is-layout-flex\">\n<div class=\"wp-block-column left animated fadeIn delay-100ms slow is-layout-flow wp-block-column-is-layout-flow\">\n<div data-swiper=\"{&quot;speed&quot;:400,&quot;spaceBetween&quot;:30,&quot;slidesPerView&quot;:1,&quot;createElements&quot;:true,&quot;loop&quot;:true,&quot;breakpoints&quot;:{&quot;0&quot;:{&quot;slidesPerView&quot;:1},&quot;380&quot;:[]},&quot;pagination&quot;:false,&quot;effect&quot;:&quot;fade&quot;}\" class=\"wp-block-group gt-is-slider gt-is-slider-desktop is-layout-flow wp-block-group-is-layout-flow\">\n<div class=\"wp-block-group is-layout-flow wp-block-group-is-layout-flow\">\n<figure class=\"wp-block-image size-full\"><img decoding=\"async\" width=\"760\" height=\"479\" src=\"https:\/\/www.le-cabellou-plage.com\/wp-content\/uploads\/2025\/01\/snack-petits-plaisirs-a-emporter.webp\" alt=\"snack petits plaisirs afhaalmaaltijden\" class=\"wp-image-13454\" srcset=\"https:\/\/www.le-cabellou-plage.com\/wp-content\/uploads\/2025\/01\/snack-petits-plaisirs-a-emporter.webp 760w, https:\/\/www.le-cabellou-plage.com\/wp-content\/uploads\/2025\/01\/snack-petits-plaisirs-a-emporter-300x189.webp 300w\" sizes=\"(max-width: 760px) 100vw, 760px\" \/><\/figure>\n<\/div>\n\n\n\n<div class=\"wp-block-group is-layout-flow wp-block-group-is-layout-flow\">\n<figure class=\"wp-block-image size-full\"><img decoding=\"async\" width=\"760\" height=\"479\" src=\"https:\/\/www.le-cabellou-plage.com\/wp-content\/uploads\/2025\/01\/burgers-gourmands.webp\" alt=\"gastronomische hamburgers\" class=\"wp-image-13459\" srcset=\"https:\/\/www.le-cabellou-plage.com\/wp-content\/uploads\/2025\/01\/burgers-gourmands.webp 760w, https:\/\/www.le-cabellou-plage.com\/wp-content\/uploads\/2025\/01\/burgers-gourmands-300x189.webp 300w\" sizes=\"(max-width: 760px) 100vw, 760px\" \/><\/figure>\n<\/div>\n\n\n\n<div class=\"wp-block-group is-layout-flow wp-block-group-is-layout-flow\">\n<figure class=\"wp-block-image size-full\"><img decoding=\"async\" width=\"760\" height=\"479\" src=\"https:\/\/www.le-cabellou-plage.com\/wp-content\/uploads\/2025\/01\/coucher-de-soleil-sur-la-plage-de-la-belle-etoile.webp\" alt=\"zonsondergang op het strand van belle etoile\" class=\"wp-image-13463\" srcset=\"https:\/\/www.le-cabellou-plage.com\/wp-content\/uploads\/2025\/01\/coucher-de-soleil-sur-la-plage-de-la-belle-etoile.webp 760w, https:\/\/www.le-cabellou-plage.com\/wp-content\/uploads\/2025\/01\/coucher-de-soleil-sur-la-plage-de-la-belle-etoile-300x189.webp 300w\" sizes=\"(max-width: 760px) 100vw, 760px\" \/><\/figure>\n<\/div>\n<\/div>\n<\/div>\n\n\n\n<div class=\"wp-block-column is-vertically-aligned-top right is-layout-flow wp-block-column-is-layout-flow\" style=\"padding-top:2rem;padding-right:6rem;padding-left:var(--wp--preset--spacing--20)\">\n<div class=\"wp-block-group gt-no-padding-mobile has-global-padding is-layout-constrained wp-container-core-group-is-layout-d2a9254a wp-block-group-is-layout-constrained\" style=\"padding-right:var(--wp--preset--spacing--60);padding-left:0\">\n<h2 class=\"wp-block-heading\"><strong>Snacks<\/strong>: meeneemtraktaties<\/h2>\n\n\n\n<p><strong>Het koksteam<\/strong> van onze <strong>5-sterrencamping<\/strong> in <a href=\"https:\/\/www.le-cabellou-plage.com\/nl\/zuid-bretagne-toerisme\/\">Bretagne<\/a><strong> biedt kwaliteitshapjes<\/strong>: een ruime keuze aan gastronomische hamburgers en royale pizza&#8217;s. Wat een genot om <strong>afhaalmaaltijden te bestellen<\/strong> voor de lunch of het diner aan de kust en te genieten van een <strong>prachtige zonsondergang<\/strong> op het <a href=\"https:\/\/www.le-cabellou-plage.com\/nl\/camping-aan-zee-bretagne\/\">strand van La Belle \u00c9toile<\/a> of bij het Fort du Cabellou. Profiteer van je vakantie om het koken te vergeten en de tijd te nemen om <strong>onvergetelijke landschappen<\/strong> te aanschouwen!  <\/p>\n<\/div>\n\n\n\n<div class=\"wp-block-group bubbles is-nowrap is-layout-flex wp-container-core-group-is-layout-17c695da wp-block-group-is-layout-flex\">\n<div class=\"wp-block-group bubble is-layout-flow wp-block-group-is-layout-flow\">\n<figure class=\"wp-block-image size-full is-resized has-custom-border is-style-rounded animated fadeIn delay-3s is-style-rounded--1\"><img decoding=\"async\" width=\"760\" height=\"479\" src=\"https:\/\/www.le-cabellou-plage.com\/wp-content\/uploads\/2025\/01\/snack-petits-plaisirs-a-emporter.webp\" alt=\"snack petits plaisirs afhaalmaaltijden\" class=\"wp-image-13454\" style=\"border-style:none;border-width:0px;border-radius:100%;object-fit:cover;width:90px;height:90px\" srcset=\"https:\/\/www.le-cabellou-plage.com\/wp-content\/uploads\/2025\/01\/snack-petits-plaisirs-a-emporter.webp 760w, https:\/\/www.le-cabellou-plage.com\/wp-content\/uploads\/2025\/01\/snack-petits-plaisirs-a-emporter-300x189.webp 300w\" sizes=\"(max-width: 760px) 100vw, 760px\" \/><\/figure>\n<\/div>\n\n\n\n<div class=\"wp-block-group bubble is-layout-flow wp-block-group-is-layout-flow\">\n<figure class=\"wp-block-image size-full is-resized has-custom-border is-style-rounded animated fadeIn delay-2s is-style-rounded--2\"><img decoding=\"async\" width=\"760\" height=\"479\" src=\"https:\/\/www.le-cabellou-plage.com\/wp-content\/uploads\/2025\/01\/burgers-gourmands.webp\" alt=\"gastronomische hamburgers\" class=\"wp-image-13459\" style=\"border-style:none;border-width:0px;border-radius:100%;object-fit:cover;width:90px;height:90px\" srcset=\"https:\/\/www.le-cabellou-plage.com\/wp-content\/uploads\/2025\/01\/burgers-gourmands.webp 760w, https:\/\/www.le-cabellou-plage.com\/wp-content\/uploads\/2025\/01\/burgers-gourmands-300x189.webp 300w\" sizes=\"(max-width: 760px) 100vw, 760px\" \/><\/figure>\n<\/div>\n\n\n\n<div class=\"wp-block-group bubble is-layout-flow wp-block-group-is-layout-flow\">\n<figure class=\"wp-block-image size-full is-resized has-custom-border is-style-rounded animated fadeIn delay-1s is-style-rounded--3\"><img decoding=\"async\" width=\"760\" height=\"479\" src=\"https:\/\/www.le-cabellou-plage.com\/wp-content\/uploads\/2025\/01\/coucher-de-soleil-sur-la-plage-de-la-belle-etoile.webp\" alt=\"zonsondergang op het strand van belle etoile\" class=\"wp-image-13463\" style=\"border-style:none;border-width:0px;border-radius:100%;object-fit:cover;width:90px;height:90px\" srcset=\"https:\/\/www.le-cabellou-plage.com\/wp-content\/uploads\/2025\/01\/coucher-de-soleil-sur-la-plage-de-la-belle-etoile.webp 760w, https:\/\/www.le-cabellou-plage.com\/wp-content\/uploads\/2025\/01\/coucher-de-soleil-sur-la-plage-de-la-belle-etoile-300x189.webp 300w\" sizes=\"(max-width: 760px) 100vw, 760px\" \/><\/figure>\n<\/div>\n<\/div>\n<\/div>\n<\/div>\n<\/section>\n\n<section class=\"wp-block-group page-fourth has-custom-color-3-background-color has-background is-layout-flow wp-block-group-is-layout-flow\" style=\"margin-top:0;padding-top:var(--wp--preset--spacing--30);padding-bottom:3rem\">\n<div class=\"wp-block-columns is-layout-flex wp-container-core-columns-is-layout-28f84493 wp-block-columns-is-layout-flex\">\n<div class=\"wp-block-column is-layout-flow wp-block-column-is-layout-flow\" style=\"flex-basis:40%\">\n<figure class=\"wp-block-image size-full animated fadeIn delay-100ms slow\"><img decoding=\"async\" width=\"688\" height=\"639\" src=\"https:\/\/www.le-cabellou-plage.com\/wp-content\/uploads\/2025\/01\/moules-frites-repas-a-themes-en-bretagne.webp\" alt=\"themamaaltijd mosselen en friet in bretagne\" class=\"wp-image-13467\" srcset=\"https:\/\/www.le-cabellou-plage.com\/wp-content\/uploads\/2025\/01\/moules-frites-repas-a-themes-en-bretagne.webp 688w, https:\/\/www.le-cabellou-plage.com\/wp-content\/uploads\/2025\/01\/moules-frites-repas-a-themes-en-bretagne-300x279.webp 300w\" sizes=\"(max-width: 688px) 100vw, 688px\" \/><\/figure>\n<\/div>\n\n\n\n<div class=\"wp-block-column is-vertically-aligned-center is-layout-flow wp-block-column-is-layout-flow\" style=\"padding-right:2rem;padding-left:2rem;flex-basis:60%\">\n<div class=\"wp-block-group gt-no-padding-mobile is-layout-flow wp-block-group-is-layout-flow\" style=\"padding-right:15rem;padding-left:10rem\">\n<h2 class=\"wp-block-heading has-base-2-color has-text-color has-link-color wp-elements-0be2dfabef5db2b9a73a433403013253\" style=\"margin-bottom:var(--wp--preset--spacing--30)\"><strong>Themamaaltijden<\/strong> in Bretagne<\/h2>\n\n\n\n<p>Om je eetlust op te wekken&#8230; Op onze <a href=\"https:\/\/www.le-cabellou-plage.com\/nl\/\">5-sterrencamping in Concarneau<\/a> biedt de chef-kok tijdens <strong>de schoolvakanties<\/strong> <strong>themamaaltijden<\/strong> aan.<\/p>\n\n\n\n<p>Wat is er meer lokaal dan een <strong>avondje mosselen en friet<\/strong> voor <strong>het Blue Cara\u00efbes waterpark<\/strong>? Een echte traktatie met Bouchot mosselen geleverd door Les Viviers de La For\u00eat. <\/p>\n\n\n\n<p>Je kunt ook genieten van een <strong>paella-avond<\/strong> die onze chef-koks ter plekke voor je neus bereiden. Voor je smaakpapillen hebben we ook nog andere <strong>idee\u00ebn voor thema-avonden<\/strong>, afhankelijk van de week! <\/p>\n<\/div>\n<\/div>\n<\/div>\n<\/section>\n\n<section class=\"wp-block-group page-maillage has-custom-color-2-background-color has-background has-global-padding is-layout-constrained wp-block-group-is-layout-constrained\" style=\"margin-top:0;margin-bottom:0;padding-top:var(--wp--preset--spacing--40);padding-bottom:var(--wp--preset--spacing--40)\">\n<div class=\"wp-block-group h1-like is-layout-flow wp-block-group-is-layout-flow\" style=\"margin-bottom:var(--wp--preset--spacing--50)\">\n<p class=\"has-bodidota-font-family\" style=\"font-size:clamp(47.79px, 2.987rem + ((1vw - 3.2px) * 3.916), 94px);line-height:0.8\">Kom en ontdek<\/p>\n\n\n\n<p class=\"has-custom-color-3-color has-text-color has-link-color has-north-wave-font-family wp-elements-fb641a71b240a7dd59961a8a789fdeec\" style=\"padding-left:var(--wp--preset--spacing--60);font-size:clamp(52.125px, 3.258rem + ((1vw - 3.2px) * 4.481), 105px);line-height:0.1\">onze camping<\/p>\n<\/div>\n\n\n\n<div class=\"wp-block-query is-layout-flow wp-block-query-is-layout-flow\"><ul class=\"columns-3 wp-block-post-template has-medium-font-size is-layout-grid wp-container-core-post-template-is-layout-572542b5 wp-block-post-template-is-layout-grid\"><li class=\"wp-block-post post-21140 page type-page status-publish has-post-thumbnail hentry\">\n\n<figure class=\"wp-block-image maillage-img\"><img decoding=\"async\" src=\"https:\/\/www.le-cabellou-plage.com\/wp-content\/uploads\/2025\/01\/camping-animations-bretagne-cta.webp\" alt=\"camping animaties bretagne\"\/><\/figure>\n\n\n\n<div class=\"wp-block-group content-maillage has-global-padding is-layout-constrained wp-block-group-is-layout-constrained\">\n<p class=\"maillage-title has-base-2-color has-text-color has-link-color has-josefin-sans-font-family wp-elements-939842b9118177581784f7034ceeec07\" style=\"border-style:none;border-width:0px;border-radius:0px;font-size:clamp(0.875rem, 0.875rem + ((1vw - 0.2rem) * 0.576), 1.3rem);letter-spacing:1px;text-transform:uppercase\">Activiteiten en animaties<\/p>\n<\/div>\n\n\n<a class=\"is-style-lien-cover wp-block-read-more\" href=\"https:\/\/www.le-cabellou-plage.com\/nl\/camping-animaties-bretagne\/\" target=\"_self\">Read more<span class=\"screen-reader-text\">: Animaties<\/span><\/a>\n<\/li><li class=\"wp-block-post post-21057 page type-page status-publish has-post-thumbnail hentry\">\n\n<figure class=\"wp-block-image maillage-img\"><img decoding=\"async\" src=\"https:\/\/www.le-cabellou-plage.com\/wp-content\/uploads\/2025\/03\/camping-parc-aquatique-bretagne-cabellou-plage-cta.webp\" alt=\"camping waterpark bretagne cabellou plage\"\/><\/figure>\n\n\n\n<div class=\"wp-block-group content-maillage has-global-padding is-layout-constrained wp-block-group-is-layout-constrained\">\n<p class=\"maillage-title has-base-2-color has-text-color has-link-color has-josefin-sans-font-family wp-elements-939842b9118177581784f7034ceeec07\" style=\"border-style:none;border-width:0px;border-radius:0px;font-size:clamp(0.875rem, 0.875rem + ((1vw - 0.2rem) * 0.576), 1.3rem);letter-spacing:1px;text-transform:uppercase\">Waterpark<\/p>\n<\/div>\n\n\n<a class=\"is-style-lien-cover wp-block-read-more\" href=\"https:\/\/www.le-cabellou-plage.com\/nl\/camping-waterpark-bretagne\/\" target=\"_self\">Read more<span class=\"screen-reader-text\">: Waterpark<\/span><\/a>\n<\/li><li class=\"wp-block-post post-21193 page type-page status-publish has-post-thumbnail hentry\">\n\n<figure class=\"wp-block-image maillage-img\"><img decoding=\"async\" src=\"https:\/\/www.le-cabellou-plage.com\/wp-content\/uploads\/2025\/01\/camping-services-bretagne-cta.webp\" alt=\"camping diensten bretagne\"\/><\/figure>\n\n\n\n<div class=\"wp-block-group content-maillage has-global-padding is-layout-constrained wp-block-group-is-layout-constrained\">\n<p class=\"maillage-title has-base-2-color has-text-color has-link-color has-josefin-sans-font-family wp-elements-939842b9118177581784f7034ceeec07\" style=\"border-style:none;border-width:0px;border-radius:0px;font-size:clamp(0.875rem, 0.875rem + ((1vw - 0.2rem) * 0.576), 1.3rem);letter-spacing:1px;text-transform:uppercase\">Camping diensten<\/p>\n<\/div>\n\n\n<a class=\"is-style-lien-cover wp-block-read-more\" href=\"https:\/\/www.le-cabellou-plage.com\/nl\/kampeerservices-bretagne\/\" target=\"_self\">Read more<span class=\"screen-reader-text\">: Diensten<\/span><\/a>\n<\/li><\/ul><\/div>\n<\/section>\n","protected":false},"excerpt":{"rendered":"<p>Restaurant en snackbar K&#8217;Bel in Concarneau Op Camping Resort Le Cabellou Plage geniet je van de rustige omgeving en de ontspannen sfeer van het restaurant en de bar bij het zwembad. Geniet met vrienden en familie van een magisch moment onder het genot van een cocktail of een goede maaltijd. Er wordt een gevarieerd menu [&hellip;]<\/p>\n","protected":false},"author":1,"featured_media":13263,"parent":0,"menu_order":0,"comment_status":"closed","ping_status":"closed","template":"","meta":{"_acf_changed":false,"_seopress_robots_primary_cat":"","_seopress_titles_title":"bar en snackrestaurant","_seopress_titles_desc":"Ontspan bij het water met onze cocktails en Bretonse lekkernijen. Geniet van themamaaltijden en proef de gerechten van de chef aan de kust. ","_seopress_robots_index":"","inline_featured_image":false,"gt_fse_maillage_image":"https:\/\/www.le-cabellou-plage.com\/wp-content\/uploads\/2025\/01\/bar-restaurant-snack-concarneau-cta.webp","gt_fse_maillage_titre":"Restaurant-bar in Bretagne","gt_fse_maillage_alt":"bar restaurant snack concarneau","gt_fse_maillage_resume":"","footnotes":""},"categories":[],"tags":[],"class_list":["post-21145","page","type-page","status-publish","has-post-thumbnail","hentry"],"acf":[],"_links":{"self":[{"href":"https:\/\/www.le-cabellou-plage.com\/nl\/wp-json\/wp\/v2\/pages\/21145","targetHints":{"allow":["GET"]}}],"collection":[{"href":"https:\/\/www.le-cabellou-plage.com\/nl\/wp-json\/wp\/v2\/pages"}],"about":[{"href":"https:\/\/www.le-cabellou-plage.com\/nl\/wp-json\/wp\/v2\/types\/page"}],"author":[{"embeddable":true,"href":"https:\/\/www.le-cabellou-plage.com\/nl\/wp-json\/wp\/v2\/users\/1"}],"replies":[{"embeddable":true,"href":"https:\/\/www.le-cabellou-plage.com\/nl\/wp-json\/wp\/v2\/comments?post=21145"}],"version-history":[{"count":6,"href":"https:\/\/www.le-cabellou-plage.com\/nl\/wp-json\/wp\/v2\/pages\/21145\/revisions"}],"predecessor-version":[{"id":21340,"href":"https:\/\/www.le-cabellou-plage.com\/nl\/wp-json\/wp\/v2\/pages\/21145\/revisions\/21340"}],"wp:featuredmedia":[{"embeddable":true,"href":"https:\/\/www.le-cabellou-plage.com\/nl\/wp-json\/wp\/v2\/media\/13263"}],"wp:attachment":[{"href":"https:\/\/www.le-cabellou-plage.com\/nl\/wp-json\/wp\/v2\/media?parent=21145"}],"wp:term":[{"taxonomy":"category","embeddable":true,"href":"https:\/\/www.le-cabellou-plage.com\/nl\/wp-json\/wp\/v2\/categories?post=21145"},{"taxonomy":"post_tag","embeddable":true,"href":"https:\/\/www.le-cabellou-plage.com\/nl\/wp-json\/wp\/v2\/tags?post=21145"}],"curies":[{"name":"wp","href":"https:\/\/api.w.org\/{rel}","templated":true}]}}