{"id":20907,"date":"2025-01-20T09:07:38","date_gmt":"2025-01-20T08:07:38","guid":{"rendered":"https:\/\/www.le-cabellou-plage.com\/pont-l-abbe\/"},"modified":"2025-03-05T17:05:50","modified_gmt":"2025-03-05T16:05:50","slug":"pont-l-abbe","status":"publish","type":"page","link":"https:\/\/www.le-cabellou-plage.com\/nl\/pont-l-abbe\/","title":{"rendered":"Pont l&#8217;Abb\u00e9"},"content":{"rendered":"\n<section class=\"wp-block-group home-intro page-one has-custom-color-2-background-color has-background is-layout-flow wp-block-group-is-layout-flow\" style=\"padding-top:var(--wp--preset--spacing--40);padding-bottom:var(--wp--preset--spacing--30)\">\n<div class=\"wp-block-columns is-layout-flex wp-container-core-columns-is-layout-b0eedf20 wp-block-columns-is-layout-flex\" style=\"margin-top:1rem;margin-bottom:0\">\n<div class=\"wp-block-column is-layout-flow wp-block-column-is-layout-flow\" style=\"padding-right:2rem;padding-left:2rem;flex-basis:60%\">\n<div class=\"wp-block-group gt-no-padding-mobile is-layout-flow wp-block-group-is-layout-flow\" style=\"padding-right:10rem;padding-left:15rem\">\n<h1 class=\"wp-block-heading\">Kampeerplaats &#8211; <strong>Pont-L&#8217;Abb\u00e9<\/strong> &#8211; 35 km &#8211; Zuid-Finist\u00e8re<\/h1>\n\n\n\n<p>Hier zijn we in <strong>de hoofdstad van de Bigouden<\/strong>. <strong>Pont l&#8217;abb\u00e9<\/strong> is beroemd om zijn <strong>Bigouden-museum<\/strong>, zijn bijzondere stadscentrum met talrijke <strong>ambachtelijke winkeltjes<\/strong> en de Bigouden-hoofdtooien!<\/p>\n\n\n\n<p>Pont-L&#8217;Abb\u00e9 ligt op het kruispunt van de <strong>Bigouden<\/strong> en is een kleine, dynamische stad <strong>vol charme<\/strong>.<\/p>\n\n\n\n<p>Vanaf het Mus\u00e9e Bigouden kun <strong>je prachtige wandelingen<\/strong> maken naar de haven van <strong>Loctudy<\/strong>. Deze wandeling geeft je een <strong>prachtig uitzicht op Ile Chevalier<\/strong>, dat Pont-L&#8217;Abb\u00e9 en Ile Tudy van elkaar scheidt. <\/p>\n\n\n\n<p>Ons <strong>familiebedrijf<\/strong> ligt op 35 km van de stad. Dit maakt het een ideale bestemming voor een aangenaam verblijf op <a href=\"https:\/\/www.le-cabellou-plage.com\/nl\/\">camping Concarneau<\/a> <strong>bij Pont l&#8217;Abb\u00e9<\/strong>. <\/p>\n<\/div>\n<\/div>\n\n\n\n<div class=\"wp-block-column animated fadeIn delay-100ms slow is-layout-flow wp-block-column-is-layout-flow\" style=\"padding-top:0em;flex-basis:40%\">\n<div data-swiper=\"{&quot;speed&quot;:400,&quot;spaceBetween&quot;:16,&quot;slidesPerView&quot;:1,&quot;createElements&quot;:true,&quot;loop&quot;:true,&quot;freemode&quot;:true,&quot;pagination&quot;:{&quot;el&quot;:&quot;.swiper-pagination&quot;,&quot;dynamicBullets&quot;:false},&quot;breakpoints&quot;:{&quot;0&quot;:{&quot;slidesPerView&quot;:1},&quot;380&quot;:[],&quot;1024&quot;:[]},&quot;navigation&quot;:false,&quot;effect&quot;:&quot;fade&quot;}\" class=\"wp-block-group gt-is-slider gt-is-slider-desktop has-global-padding is-layout-constrained wp-block-group-is-layout-constrained\">\n<figure class=\"wp-block-image size-full\"><img decoding=\"async\" width=\"686\" height=\"660\" src=\"https:\/\/www.le-cabellou-plage.com\/wp-content\/uploads\/2025\/01\/pont-l-abbe-la-capitale-du-pays-bigouden-1.webp\" alt=\"pont l'abbe de hoofdstad van de regio bigouden\" class=\"wp-image-15735\" srcset=\"https:\/\/www.le-cabellou-plage.com\/wp-content\/uploads\/2025\/01\/pont-l-abbe-la-capitale-du-pays-bigouden-1.webp 686w, https:\/\/www.le-cabellou-plage.com\/wp-content\/uploads\/2025\/01\/pont-l-abbe-la-capitale-du-pays-bigouden-1-300x289.webp 300w\" sizes=\"(max-width: 686px) 100vw, 686px\" \/><\/figure>\n\n\n\n<figure class=\"wp-block-image size-full\"><img decoding=\"async\" width=\"686\" height=\"660\" src=\"https:\/\/www.le-cabellou-plage.com\/wp-content\/uploads\/2025\/01\/tres-belles-balades-au-depart-du-musee-bigouden.webp\" alt=\"mooie wandelingen vanaf het bigouden museum\" class=\"wp-image-15726\" srcset=\"https:\/\/www.le-cabellou-plage.com\/wp-content\/uploads\/2025\/01\/tres-belles-balades-au-depart-du-musee-bigouden.webp 686w, https:\/\/www.le-cabellou-plage.com\/wp-content\/uploads\/2025\/01\/tres-belles-balades-au-depart-du-musee-bigouden-300x289.webp 300w\" sizes=\"(max-width: 686px) 100vw, 686px\" \/><\/figure>\n\n\n\n<figure class=\"wp-block-image size-full\"><img decoding=\"async\" width=\"686\" height=\"660\" src=\"https:\/\/www.le-cabellou-plage.com\/wp-content\/uploads\/2025\/01\/port-de-loctudy.webp\" alt=\"haven van loctudie\" class=\"wp-image-15730\" srcset=\"https:\/\/www.le-cabellou-plage.com\/wp-content\/uploads\/2025\/01\/port-de-loctudy.webp 686w, https:\/\/www.le-cabellou-plage.com\/wp-content\/uploads\/2025\/01\/port-de-loctudy-300x289.webp 300w\" sizes=\"(max-width: 686px) 100vw, 686px\" \/><\/figure>\n<\/div>\n<\/div>\n<\/div>\n<\/section>\n\n<section class=\"wp-block-group page-maillage has-custom-color-2-background-color has-background has-global-padding is-layout-constrained wp-block-group-is-layout-constrained\" style=\"margin-top:0;margin-bottom:0;padding-top:var(--wp--preset--spacing--40);padding-bottom:var(--wp--preset--spacing--40)\">\n<div class=\"wp-block-group h1-like is-layout-flow wp-block-group-is-layout-flow\" style=\"margin-bottom:var(--wp--preset--spacing--50)\">\n<p class=\"has-bodidota-font-family\" style=\"font-size:clamp(47.79px, 2.987rem + ((1vw - 3.2px) * 3.916), 94px);line-height:0.8\">Kom en ontdek<\/p>\n\n\n\n<p class=\"has-custom-color-3-color has-text-color has-link-color has-north-wave-font-family wp-elements-6a85bbe0eeb352997d9dbe425ebec73e\" style=\"padding-left:var(--wp--preset--spacing--60);font-size:clamp(52.125px, 3.258rem + ((1vw - 3.2px) * 4.481), 105px);line-height:0.1\">Bretagne<\/p>\n<\/div>\n\n\n\n<div class=\"wp-block-query is-layout-flow wp-block-query-is-layout-flow\"><ul class=\"columns-3 wp-block-post-template has-medium-font-size is-layout-grid wp-container-core-post-template-is-layout-572542b5 wp-block-post-template-is-layout-grid\"><li class=\"wp-block-post post-20885 page type-page status-publish has-post-thumbnail hentry\">\n\n<figure class=\"wp-block-image maillage-img\"><img decoding=\"async\" src=\"https:\/\/www.le-cabellou-plage.com\/wp-content\/uploads\/2025\/01\/camping-5-etoiles-finistere-sud-cabellou-plage-resort-5-etoiles-concarneau-cta.webp\" alt=\"5-sterren camping zuid finistere cabellou plage resort 5 sterren concarneau\"\/><\/figure>\n\n\n\n<div class=\"wp-block-group content-maillage has-global-padding is-layout-constrained wp-block-group-is-layout-constrained\">\n<p class=\"maillage-title has-base-2-color has-text-color has-link-color has-josefin-sans-font-family wp-elements-939842b9118177581784f7034ceeec07\" style=\"border-style:none;border-width:0px;border-radius:0px;font-size:clamp(0.875rem, 0.875rem + ((1vw - 0.2rem) * 0.576), 1.3rem);letter-spacing:1px;text-transform:uppercase\">5-sterren camping<\/p>\n<\/div>\n\n\n<a class=\"is-style-lien-cover wp-block-read-more\" href=\"https:\/\/www.le-cabellou-plage.com\/nl\/5-sterren-camping-zuid-finistere\/\" target=\"_self\">Read more<span class=\"screen-reader-text\">: 5-sterren camping Zuid-Finist\u00e8re<\/span><\/a>\n<\/li><li class=\"wp-block-post post-20898 page type-page status-publish has-post-thumbnail hentry\">\n\n<figure class=\"wp-block-image maillage-img\"><img decoding=\"async\" src=\"https:\/\/www.le-cabellou-plage.com\/wp-content\/uploads\/2025\/01\/camping-archipel-des-glenan-cabellou-plage-resort-5-etoiles-cta.webp\" alt=\"kampeerplaats archipel des glenan cabellou plage resort 5 sterren\"\/><\/figure>\n\n\n\n<div class=\"wp-block-group content-maillage has-global-padding is-layout-constrained wp-block-group-is-layout-constrained\">\n<p class=\"maillage-title has-base-2-color has-text-color has-link-color has-josefin-sans-font-family wp-elements-939842b9118177581784f7034ceeec07\" style=\"border-style:none;border-width:0px;border-radius:0px;font-size:clamp(0.875rem, 0.875rem + ((1vw - 0.2rem) * 0.576), 1.3rem);letter-spacing:1px;text-transform:uppercase\">Kampeerplaats Gl\u00e9nan archipel<\/p>\n<\/div>\n\n\n<a class=\"is-style-lien-cover wp-block-read-more\" href=\"https:\/\/www.le-cabellou-plage.com\/nl\/kampeerplaats-archipel-des-glenan\/\" target=\"_self\">Read more<span class=\"screen-reader-text\">: Kampeerplaats Archipel des Gl\u00e9nan<\/span><\/a>\n<\/li><li class=\"wp-block-post post-20892 page type-page status-publish has-post-thumbnail hentry\">\n\n<figure class=\"wp-block-image maillage-img\"><img decoding=\"async\" src=\"https:\/\/www.le-cabellou-plage.com\/wp-content\/uploads\/2025\/01\/camping-bretagne-sud-cabellou-plage-resort-5-etoiles-concarneau-cta.webp\" alt=\"kampeerplaats zuid bretagne cabellou plage resort 5 sterren concarneau\"\/><\/figure>\n\n\n\n<div class=\"wp-block-group content-maillage has-global-padding is-layout-constrained wp-block-group-is-layout-constrained\">\n<p class=\"maillage-title has-base-2-color has-text-color has-link-color has-josefin-sans-font-family wp-elements-939842b9118177581784f7034ceeec07\" style=\"border-style:none;border-width:0px;border-radius:0px;font-size:clamp(0.875rem, 0.875rem + ((1vw - 0.2rem) * 0.576), 1.3rem);letter-spacing:1px;text-transform:uppercase\">Kampeerplaats Zuid-Bretagne<\/p>\n<\/div>\n\n\n<a class=\"is-style-lien-cover wp-block-read-more\" href=\"https:\/\/www.le-cabellou-plage.com\/nl\/kampeerplaats-zuid-bretagne\/\" target=\"_self\">Read more<span class=\"screen-reader-text\">: Kampeerplaats Zuid-Bretagne<\/span><\/a>\n<\/li><\/ul><\/div>\n<\/section>\n","protected":false},"excerpt":{"rendered":"<p>Kampeerplaats &#8211; Pont-L&#8217;Abb\u00e9 &#8211; 35 km &#8211; Zuid-Finist\u00e8re Hier zijn we in de hoofdstad van de Bigouden. Pont l&#8217;abb\u00e9 is beroemd om zijn Bigouden-museum, zijn bijzondere stadscentrum met talrijke ambachtelijke winkeltjes en de Bigouden-hoofdtooien! Pont-L&#8217;Abb\u00e9 ligt op het kruispunt van de Bigouden en is een kleine, dynamische stad vol charme. Vanaf het Mus\u00e9e Bigouden kun [&hellip;]<\/p>\n","protected":false},"author":1,"featured_media":16683,"parent":0,"menu_order":0,"comment_status":"closed","ping_status":"closed","template":"","meta":{"_acf_changed":false,"_seopress_robots_primary_cat":"","_seopress_titles_title":"Pont L'Abb\u00e9 - Camping Le Cabellou Plage","_seopress_titles_desc":"Ontdek Pont-L'Abb\u00e9: museum, ambachtelijke winkels, wandelingen. Ideale camping in de buurt van Concarneau. Verblijf in Bretagne en verken de regio Bigouden.  ","_seopress_robots_index":"","inline_featured_image":false,"gt_fse_maillage_image":"https:\/\/www.le-cabellou-plage.com\/wp-content\/uploads\/2025\/01\/pont-l-abbe-camping-cabellou-plage-resort-5-etoiles-cta.webp","gt_fse_maillage_titre":"Pont L'Abb\u00e9","gt_fse_maillage_alt":"pont l abbe camping cabellou plage resort 5 sterren","gt_fse_maillage_resume":"","footnotes":""},"categories":[],"tags":[],"class_list":["post-20907","page","type-page","status-publish","has-post-thumbnail","hentry"],"acf":[],"_links":{"self":[{"href":"https:\/\/www.le-cabellou-plage.com\/nl\/wp-json\/wp\/v2\/pages\/20907","targetHints":{"allow":["GET"]}}],"collection":[{"href":"https:\/\/www.le-cabellou-plage.com\/nl\/wp-json\/wp\/v2\/pages"}],"about":[{"href":"https:\/\/www.le-cabellou-plage.com\/nl\/wp-json\/wp\/v2\/types\/page"}],"author":[{"embeddable":true,"href":"https:\/\/www.le-cabellou-plage.com\/nl\/wp-json\/wp\/v2\/users\/1"}],"replies":[{"embeddable":true,"href":"https:\/\/www.le-cabellou-plage.com\/nl\/wp-json\/wp\/v2\/comments?post=20907"}],"version-history":[{"count":7,"href":"https:\/\/www.le-cabellou-plage.com\/nl\/wp-json\/wp\/v2\/pages\/20907\/revisions"}],"predecessor-version":[{"id":22582,"href":"https:\/\/www.le-cabellou-plage.com\/nl\/wp-json\/wp\/v2\/pages\/20907\/revisions\/22582"}],"wp:featuredmedia":[{"embeddable":true,"href":"https:\/\/www.le-cabellou-plage.com\/nl\/wp-json\/wp\/v2\/media\/16683"}],"wp:attachment":[{"href":"https:\/\/www.le-cabellou-plage.com\/nl\/wp-json\/wp\/v2\/media?parent=20907"}],"wp:term":[{"taxonomy":"category","embeddable":true,"href":"https:\/\/www.le-cabellou-plage.com\/nl\/wp-json\/wp\/v2\/categories?post=20907"},{"taxonomy":"post_tag","embeddable":true,"href":"https:\/\/www.le-cabellou-plage.com\/nl\/wp-json\/wp\/v2\/tags?post=20907"}],"curies":[{"name":"wp","href":"https:\/\/api.w.org\/{rel}","templated":true}]}}