{"id":20885,"date":"2025-01-20T09:09:26","date_gmt":"2025-01-20T08:09:26","guid":{"rendered":"https:\/\/www.le-cabellou-plage.com\/camping-5-etoiles-finistere-sud\/"},"modified":"2025-03-07T14:10:50","modified_gmt":"2025-03-07T13:10:50","slug":"5-sterren-camping-zuid-finistere","status":"publish","type":"page","link":"https:\/\/www.le-cabellou-plage.com\/nl\/5-sterren-camping-zuid-finistere\/","title":{"rendered":"5-sterren camping Zuid-Finist\u00e8re"},"content":{"rendered":"\n<section class=\"wp-block-group home-intro page-one has-custom-color-2-background-color has-background is-layout-flow wp-block-group-is-layout-flow\" style=\"padding-top:var(--wp--preset--spacing--40);padding-bottom:var(--wp--preset--spacing--30)\">\n<div class=\"wp-block-columns is-layout-flex wp-container-core-columns-is-layout-b0eedf20 wp-block-columns-is-layout-flex\" style=\"margin-top:1rem;margin-bottom:0\">\n<div class=\"wp-block-column is-layout-flow wp-block-column-is-layout-flow\" style=\"padding-right:2rem;padding-left:2rem;flex-basis:60%\">\n<div class=\"wp-block-group gt-no-padding-mobile is-layout-flow wp-block-group-is-layout-flow\" style=\"padding-right:10rem;padding-left:15rem\">\n<h1 class=\"wp-block-heading\"><strong>5 sterren camping<\/strong> Zuid-Finist\u00e8re<\/h1>\n\n\n\n<h2 class=\"wp-block-heading\" style=\"padding-top:var(--wp--preset--spacing--30);text-transform:uppercase\">5-sterren <strong>familiecamping Zuid-Finist\u00e8re<\/strong><\/h2>\n\n\n\n<p>Voor uw vakantie bieden wij u <strong><a href=\"https:\/\/www.le-cabellou-plage.com\/nl\/kampeerservices-bretagne\/\">5-sterren camping in het zuiden van Finist\u00e8re<\/a><\/strong> voor het hele gezin. Of je nu met z&#8217;n twee\u00ebn bent, met jonge kinderen of tieners, of waarom niet met je grootouders? <\/p>\n\n\n\n<p><strong>Le Cabellou Plage biedt verschillende faciliteiten zodat iedereen optimaal van zijn vakantie kan genieten<\/strong>: een speeltuin voor kinderen, een <a href=\"https:\/\/www.le-cabellou-plage.com\/nl\/camping-animaties-bretagne\/\">multisportterrein<\/a> voor oudere kinderen en een <a href=\"https:\/\/www.le-cabellou-plage.com\/nl\/camping-waterpark-bretagne\/\">zwemparadijs<\/a> waar je <strong>samen een moment kunt doorbrengen<\/strong>.<\/p>\n\n\n\n<h2 class=\"wp-block-heading\" style=\"padding-top:var(--wp--preset--spacing--30);text-transform:uppercase\">5 sterren camping <strong>aan zee<\/strong> in Zuid-Finist\u00e8re<\/h2>\n\n\n\n<p>Le Cabellou Plage is een <strong><a href=\"https:\/\/www.le-cabellou-plage.com\/nl\/\">camping zuid finist\u00e8re<\/a><\/strong> <strong>5-sterrencamping<\/strong> ideaal gelegen <a href=\"https:\/\/www.le-cabellou-plage.com\/nl\/camping-aan-zee-bretagne\/\">aan zee<\/a>, met <strong>directe toegang tot het strand Belle Etoile in Concarneau<\/strong>. Vol charme, je zult genieten van een wandeling naar<strong> de Ville Close en de haven<\/strong>. <\/p>\n\n\n\n<p>Er zijn veel stranden rondom Le Cabellou, dus je kunt <strong>genieten van fijne zandstranden of wilde baaien<\/strong>, of je handen uit de mouwen steken bij het vissen en het verzamelen van schelpen van de rotsen.<\/p>\n<\/div>\n<\/div>\n\n\n\n<div class=\"wp-block-column animated fadeIn delay-100ms slow is-layout-flow wp-block-column-is-layout-flow\" style=\"padding-top:0em;flex-basis:40%\">\n<div data-swiper=\"{&quot;speed&quot;:400,&quot;spaceBetween&quot;:16,&quot;slidesPerView&quot;:1,&quot;createElements&quot;:true,&quot;loop&quot;:true,&quot;freemode&quot;:true,&quot;pagination&quot;:{&quot;el&quot;:&quot;.swiper-pagination&quot;,&quot;dynamicBullets&quot;:false},&quot;breakpoints&quot;:{&quot;0&quot;:{&quot;slidesPerView&quot;:1},&quot;380&quot;:[],&quot;1024&quot;:[]},&quot;navigation&quot;:false,&quot;effect&quot;:&quot;fade&quot;}\" class=\"wp-block-group gt-is-slider gt-is-slider-desktop has-global-padding is-layout-constrained wp-block-group-is-layout-constrained\">\n<figure class=\"wp-block-image size-full\"><img decoding=\"async\" width=\"686\" height=\"660\" src=\"https:\/\/www.le-cabellou-plage.com\/wp-content\/uploads\/2025\/01\/camping-5-etoiles-finistere-sud.webp\" alt=\"5-sterren camping zuid finist&#xE8;re\" class=\"wp-image-15753\" srcset=\"https:\/\/www.le-cabellou-plage.com\/wp-content\/uploads\/2025\/01\/camping-5-etoiles-finistere-sud.webp 686w, https:\/\/www.le-cabellou-plage.com\/wp-content\/uploads\/2025\/01\/camping-5-etoiles-finistere-sud-300x289.webp 300w\" sizes=\"(max-width: 686px) 100vw, 686px\" \/><\/figure>\n\n\n\n<figure class=\"wp-block-image size-full\"><img decoding=\"async\" width=\"686\" height=\"660\" src=\"https:\/\/www.le-cabellou-plage.com\/wp-content\/uploads\/2025\/01\/camping-5-etoiles-finistere-sud-familial.webp\" alt=\"5-sterren familiecamping zuid finist&#xE8;re\" class=\"wp-image-15757\" srcset=\"https:\/\/www.le-cabellou-plage.com\/wp-content\/uploads\/2025\/01\/camping-5-etoiles-finistere-sud-familial.webp 686w, https:\/\/www.le-cabellou-plage.com\/wp-content\/uploads\/2025\/01\/camping-5-etoiles-finistere-sud-familial-300x289.webp 300w\" sizes=\"(max-width: 686px) 100vw, 686px\" \/><\/figure>\n\n\n\n<figure class=\"wp-block-image size-full\"><img decoding=\"async\" width=\"686\" height=\"660\" src=\"https:\/\/www.le-cabellou-plage.com\/wp-content\/uploads\/2025\/01\/camping-5-etoiles-finistere-sud-en-bord-de-mer.webp\" alt=\"5-sterren camping aan zee in het zuiden van de finist&#xE8;re\" class=\"wp-image-15761\" srcset=\"https:\/\/www.le-cabellou-plage.com\/wp-content\/uploads\/2025\/01\/camping-5-etoiles-finistere-sud-en-bord-de-mer.webp 686w, https:\/\/www.le-cabellou-plage.com\/wp-content\/uploads\/2025\/01\/camping-5-etoiles-finistere-sud-en-bord-de-mer-300x289.webp 300w\" sizes=\"(max-width: 686px) 100vw, 686px\" \/><\/figure>\n<\/div>\n<\/div>\n<\/div>\n<\/section>\n\n<section class=\"wp-block-group page-fourth has-custom-color-3-background-color has-background is-layout-flow wp-block-group-is-layout-flow\" style=\"margin-top:0;padding-top:var(--wp--preset--spacing--30);padding-bottom:3rem\">\n<div class=\"wp-block-columns is-layout-flex wp-container-core-columns-is-layout-28f84493 wp-block-columns-is-layout-flex\">\n<div class=\"wp-block-column is-layout-flow wp-block-column-is-layout-flow\" style=\"flex-basis:40%\">\n<figure class=\"wp-block-image size-full animated fadeIn delay-100ms slow\"><img decoding=\"async\" width=\"688\" height=\"639\" src=\"https:\/\/www.le-cabellou-plage.com\/wp-content\/uploads\/2025\/01\/camping-5-etoiles-finistere-sud-avec-emplacements-et-locations.webp\" alt=\"5 sterren camping zuid finistere met staanplaatsen en huuraccommodaties\" class=\"wp-image-16157\" srcset=\"https:\/\/www.le-cabellou-plage.com\/wp-content\/uploads\/2025\/01\/camping-5-etoiles-finistere-sud-avec-emplacements-et-locations.webp 688w, https:\/\/www.le-cabellou-plage.com\/wp-content\/uploads\/2025\/01\/camping-5-etoiles-finistere-sud-avec-emplacements-et-locations-300x279.webp 300w\" sizes=\"(max-width: 688px) 100vw, 688px\" \/><\/figure>\n<\/div>\n\n\n\n<div class=\"wp-block-column is-vertically-aligned-center is-layout-flow wp-block-column-is-layout-flow\" style=\"padding-right:2rem;padding-left:2rem;flex-basis:60%\">\n<div class=\"wp-block-group gt-no-padding-mobile is-layout-flow wp-block-group-is-layout-flow\" style=\"padding-right:15rem;padding-left:10rem\">\n<h2 class=\"wp-block-heading has-base-2-color has-text-color has-link-color wp-elements-2fe235cca6066c6324ba6009abf4f260\" style=\"margin-bottom:var(--wp--preset--spacing--30)\">5-sterren camping Zuid-Finist\u00e8re<br\/>met <strong>staanplaatsen en huuraccommodaties<\/strong><\/h2>\n\n\n\n<p><strong>Uw 5-sterrencamping zuid-finistere biedt verschillende accommodaties<\/strong>. Voor kampeerliefhebbers zijn er <a href=\"https:\/\/www.le-cabellou-plage.com\/nl\/huur-staanplaatsen-bretagne\/\">staanplaatsen met elektriciteitsaansluiting<\/a> beschikbaar. <\/p>\n\n\n\n<p><strong>Kom je tent, caravan of camper opzetten<\/strong>. Voor een comfortabel verblijf bieden we ook <a href=\"https:\/\/www.le-cabellou-plage.com\/nl\/verhuur-stacaravans-bretagne\/\">stacaravans<\/a> met 2 of meer slaapkamers. <\/p>\n\n\n\n<p>De grootste cottages hebben 3 slaapkamers, een woonkamer met slaapbank en twee badkamers met douche, voor een totale capaciteit van 8 personen.<\/p>\n<\/div>\n<\/div>\n<\/div>\n<\/section>\n\n<section class=\"wp-block-group page-maillage has-custom-color-2-background-color has-background has-global-padding is-layout-constrained wp-block-group-is-layout-constrained\" style=\"margin-top:0;margin-bottom:0;padding-top:var(--wp--preset--spacing--40);padding-bottom:var(--wp--preset--spacing--40)\">\n<div class=\"wp-block-group h1-like is-layout-flow wp-block-group-is-layout-flow\" style=\"margin-bottom:var(--wp--preset--spacing--50)\">\n<p class=\"has-bodidota-font-family\" style=\"font-size:clamp(47.79px, 2.987rem + ((1vw - 3.2px) * 3.916), 94px);line-height:0.8\">Kom en ontdek<\/p>\n\n\n\n<p class=\"has-custom-color-3-color has-text-color has-link-color has-north-wave-font-family wp-elements-6a85bbe0eeb352997d9dbe425ebec73e\" style=\"padding-left:var(--wp--preset--spacing--60);font-size:clamp(52.125px, 3.258rem + ((1vw - 3.2px) * 4.481), 105px);line-height:0.1\">Bretagne<\/p>\n<\/div>\n\n\n\n<div class=\"wp-block-query is-layout-flow wp-block-query-is-layout-flow\"><ul class=\"columns-3 wp-block-post-template has-medium-font-size is-layout-grid wp-container-core-post-template-is-layout-572542b5 wp-block-post-template-is-layout-grid\"><li class=\"wp-block-post post-20898 page type-page status-publish has-post-thumbnail hentry\">\n\n<figure class=\"wp-block-image maillage-img\"><img decoding=\"async\" src=\"https:\/\/www.le-cabellou-plage.com\/wp-content\/uploads\/2025\/01\/camping-archipel-des-glenan-cabellou-plage-resort-5-etoiles-cta.webp\" alt=\"kampeerplaats archipel des glenan cabellou plage resort 5 sterren\"\/><\/figure>\n\n\n\n<div class=\"wp-block-group content-maillage has-global-padding is-layout-constrained wp-block-group-is-layout-constrained\">\n<p class=\"maillage-title has-base-2-color has-text-color has-link-color has-josefin-sans-font-family wp-elements-939842b9118177581784f7034ceeec07\" style=\"border-style:none;border-width:0px;border-radius:0px;font-size:clamp(0.875rem, 0.875rem + ((1vw - 0.2rem) * 0.576), 1.3rem);letter-spacing:1px;text-transform:uppercase\">Kampeerplaats Gl\u00e9nan archipel<\/p>\n<\/div>\n\n\n<a class=\"is-style-lien-cover wp-block-read-more\" href=\"https:\/\/www.le-cabellou-plage.com\/nl\/kampeerplaats-archipel-des-glenan\/\" target=\"_self\">Read more<span class=\"screen-reader-text\">: Kampeerplaats Archipel des Gl\u00e9nan<\/span><\/a>\n<\/li><li class=\"wp-block-post post-20892 page type-page status-publish has-post-thumbnail hentry\">\n\n<figure class=\"wp-block-image maillage-img\"><img decoding=\"async\" src=\"https:\/\/www.le-cabellou-plage.com\/wp-content\/uploads\/2025\/01\/camping-bretagne-sud-cabellou-plage-resort-5-etoiles-concarneau-cta.webp\" alt=\"kampeerplaats zuid bretagne cabellou plage resort 5 sterren concarneau\"\/><\/figure>\n\n\n\n<div class=\"wp-block-group content-maillage has-global-padding is-layout-constrained wp-block-group-is-layout-constrained\">\n<p class=\"maillage-title has-base-2-color has-text-color has-link-color has-josefin-sans-font-family wp-elements-939842b9118177581784f7034ceeec07\" style=\"border-style:none;border-width:0px;border-radius:0px;font-size:clamp(0.875rem, 0.875rem + ((1vw - 0.2rem) * 0.576), 1.3rem);letter-spacing:1px;text-transform:uppercase\">Kampeerplaats Zuid-Bretagne<\/p>\n<\/div>\n\n\n<a class=\"is-style-lien-cover wp-block-read-more\" href=\"https:\/\/www.le-cabellou-plage.com\/nl\/kampeerplaats-zuid-bretagne\/\" target=\"_self\">Read more<span class=\"screen-reader-text\">: Kampeerplaats Zuid-Bretagne<\/span><\/a>\n<\/li><li class=\"wp-block-post post-20839 page type-page status-publish has-post-thumbnail hentry\">\n\n<figure class=\"wp-block-image maillage-img\"><img decoding=\"async\" src=\"https:\/\/www.le-cabellou-plage.com\/wp-content\/uploads\/2025\/01\/camping-quimper-resort-5-etoiles-le-cabellou-plage-cta.webp\" alt=\"kampeerplaats quimper resort 5 sterren le cabellou plage\"\/><\/figure>\n\n\n\n<div class=\"wp-block-group content-maillage has-global-padding is-layout-constrained wp-block-group-is-layout-constrained\">\n<p class=\"maillage-title has-base-2-color has-text-color has-link-color has-josefin-sans-font-family wp-elements-939842b9118177581784f7034ceeec07\" style=\"border-style:none;border-width:0px;border-radius:0px;font-size:clamp(0.875rem, 0.875rem + ((1vw - 0.2rem) * 0.576), 1.3rem);letter-spacing:1px;text-transform:uppercase\">Kampeerplaats Quimper<\/p>\n<\/div>\n\n\n<a class=\"is-style-lien-cover wp-block-read-more\" href=\"https:\/\/www.le-cabellou-plage.com\/nl\/kampeerplaats-quimper\/\" target=\"_self\">Read more<span class=\"screen-reader-text\">: Kampeerplaats Quimper<\/span><\/a>\n<\/li><\/ul><\/div>\n<\/section>\n","protected":false},"excerpt":{"rendered":"<p>5 sterren camping Zuid-Finist\u00e8re 5-sterren familiecamping Zuid-Finist\u00e8re Voor uw vakantie bieden wij u 5-sterren camping in het zuiden van Finist\u00e8re voor het hele gezin. Of je nu met z&#8217;n twee\u00ebn bent, met jonge kinderen of tieners, of waarom niet met je grootouders? Le Cabellou Plage biedt verschillende faciliteiten zodat iedereen optimaal van zijn vakantie kan [&hellip;]<\/p>\n","protected":false},"author":1,"featured_media":16429,"parent":0,"menu_order":0,"comment_status":"closed","ping_status":"closed","template":"","meta":{"_acf_changed":false,"_seopress_robots_primary_cat":"","_seopress_titles_title":"5 sterren camping Le Cabellou Plage Zuid Finist\u00e8re","_seopress_titles_desc":"Kampeerplaats Zuid-Finist\u00e8re 5 sterren Le Cabellou Plage verwelkomt je aan de kust bij het Belle Etoiles strand in Concarneau voor een zeer aangename vakantie.","_seopress_robots_index":"","inline_featured_image":false,"gt_fse_maillage_image":"https:\/\/www.le-cabellou-plage.com\/wp-content\/uploads\/2025\/01\/camping-5-etoiles-finistere-sud-cabellou-plage-resort-5-etoiles-concarneau-cta.webp","gt_fse_maillage_titre":"5-sterren camping","gt_fse_maillage_alt":"5-sterren camping zuid finistere cabellou plage resort 5 sterren concarneau","gt_fse_maillage_resume":"","footnotes":""},"categories":[],"tags":[],"class_list":["post-20885","page","type-page","status-publish","has-post-thumbnail","hentry"],"acf":[],"_links":{"self":[{"href":"https:\/\/www.le-cabellou-plage.com\/nl\/wp-json\/wp\/v2\/pages\/20885","targetHints":{"allow":["GET"]}}],"collection":[{"href":"https:\/\/www.le-cabellou-plage.com\/nl\/wp-json\/wp\/v2\/pages"}],"about":[{"href":"https:\/\/www.le-cabellou-plage.com\/nl\/wp-json\/wp\/v2\/types\/page"}],"author":[{"embeddable":true,"href":"https:\/\/www.le-cabellou-plage.com\/nl\/wp-json\/wp\/v2\/users\/1"}],"replies":[{"embeddable":true,"href":"https:\/\/www.le-cabellou-plage.com\/nl\/wp-json\/wp\/v2\/comments?post=20885"}],"version-history":[{"count":5,"href":"https:\/\/www.le-cabellou-plage.com\/nl\/wp-json\/wp\/v2\/pages\/20885\/revisions"}],"predecessor-version":[{"id":23189,"href":"https:\/\/www.le-cabellou-plage.com\/nl\/wp-json\/wp\/v2\/pages\/20885\/revisions\/23189"}],"wp:featuredmedia":[{"embeddable":true,"href":"https:\/\/www.le-cabellou-plage.com\/nl\/wp-json\/wp\/v2\/media\/16429"}],"wp:attachment":[{"href":"https:\/\/www.le-cabellou-plage.com\/nl\/wp-json\/wp\/v2\/media?parent=20885"}],"wp:term":[{"taxonomy":"category","embeddable":true,"href":"https:\/\/www.le-cabellou-plage.com\/nl\/wp-json\/wp\/v2\/categories?post=20885"},{"taxonomy":"post_tag","embeddable":true,"href":"https:\/\/www.le-cabellou-plage.com\/nl\/wp-json\/wp\/v2\/tags?post=20885"}],"curies":[{"name":"wp","href":"https:\/\/api.w.org\/{rel}","templated":true}]}}