{"id":20843,"date":"2025-01-20T10:04:42","date_gmt":"2025-01-20T09:04:42","guid":{"rendered":"https:\/\/www.le-cabellou-plage.com\/camping-finistere-sud-cabellou-plage\/"},"modified":"2025-03-07T13:13:29","modified_gmt":"2025-03-07T12:13:29","slug":"kampeerplaats-zuid-finistere-cabellou-plage","status":"publish","type":"page","link":"https:\/\/www.le-cabellou-plage.com\/nl\/kampeerplaats-zuid-finistere-cabellou-plage\/","title":{"rendered":"Kampeerplaats Zuid-Finist\u00e8re Cabellou Plage"},"content":{"rendered":"\n<section class=\"wp-block-group home-intro page-one has-custom-color-2-background-color has-background is-layout-flow wp-block-group-is-layout-flow\" style=\"padding-top:var(--wp--preset--spacing--40);padding-bottom:var(--wp--preset--spacing--30)\">\n<div class=\"wp-block-columns is-layout-flex wp-container-core-columns-is-layout-b0eedf20 wp-block-columns-is-layout-flex\" style=\"margin-top:1rem;margin-bottom:0\">\n<div class=\"wp-block-column is-layout-flow wp-block-column-is-layout-flow\" style=\"padding-right:2rem;padding-left:2rem;flex-basis:60%\">\n<div class=\"wp-block-group gt-no-padding-mobile is-layout-flow wp-block-group-is-layout-flow\" style=\"padding-right:10rem;padding-left:15rem\">\n<h1 class=\"wp-block-heading\"><strong>Kampeerplaats zuid-finistere<\/strong><br\/>Le Cabellou Plage<\/h1>\n\n\n\n<h2 class=\"wp-block-heading\" style=\"padding-top:var(--wp--preset--spacing--30);text-transform:uppercase\">Kampeerplaats zuid-finistere<br\/><strong>voor sportliefhebbers<\/strong><\/h2>\n\n\n\n<p>Geniet van verschillende activiteiten tijdens uw <strong><a href=\"https:\/\/www.le-cabellou-plage.com\/nl\/toerisme-zuid-finistere\/\">uw verblijf op een camping in Finist\u00e8re Sud<\/a><\/strong>. Op de camping kun je <strong>peddels en kajaks huren<\/strong> voor <strong>een tochtje langs de Pointe du Cabellou<\/strong>. De roeiclub biedt ook introductiecursussen vanaf het <a href=\"https:\/\/www.le-cabellou-plage.com\/nl\/camping-aan-zee-bretagne\/\">Plage de la Belle Etoile, tegenover de camping<\/a>.  <\/p>\n\n\n\n<p><strong>Nieuw in 2019 is een multisportterrein<\/strong> tegenover het <a href=\"https:\/\/www.le-cabellou-plage.com\/nl\/camping-waterpark-bretagne\/\">zwembad<\/a>. Laat je verleiden tot een partijtje voetbal, basketbal, volleybal&#8230; <\/p>\n\n\n\n<p>Zin in een ritje? <strong>Huur fietsen bij de receptie van je camping en ontdek de Pointe du Cabellou op je eigen tempo<\/strong>. Of ontdek de baai van Pouldohan te voet langs het kustpad, de beroemde GR34, waar je de oude watermolen ziet. <\/p>\n\n\n\n<h2 class=\"wp-block-heading\" style=\"padding-top:var(--wp--preset--spacing--30);text-transform:uppercase\">Kampeerplaats zuid-finistere voor <strong>fijnproevers<\/strong><\/h2>\n\n\n    <div id=\"gt-fse-lire-plus-69ff015b9f675\" class=\"gt-fse-lire-plus\" data-min-height=\"130\" style=\"background-color: #3a4156;\">\n        <input id=\"gt-fse-lire-plus-69ff015b9f675-toggle\" type=\"checkbox\" class=\"gt-fse-lire-plus__toggle\" \/>\n        <label for=\"gt-fse-lire-plus-69ff015b9f675-toggle\" class=\"gt-fse-lire-plus__toggle-label\">\n            <span>Lire plus<\/span>\n            <span>Lire moins<\/span>\n        <\/label>\n        <div class=\"gt-fse-lire-plus__content\" style=\"height: 130px;\">\n            \n\n<p>Iedereen kent de Bretonse cr\u00eapes, maar <strong>Bretagne heeft nog veel meer &#8220;lichouseries&#8221; (lekkernijen) voor je in petto<\/strong>.<\/p>\n\n\n\n<p><strong>In de koekjesfabriek van Concarneau<\/strong>, op slechts 1 km van uw camping in Zuid-Finist\u00e8re, maakt u kennis met Kouign Amann! Dit gebak, waarvan de naam &#8220;boterbrood&#8221; betekent, laat je tijdens rondleidingen ook zien hoe het wordt gemaakt. <\/p>\n\n\n\n<p>Finist\u00e8re is ook een land van vissers, en<strong> veel restaurants in<\/strong> en rond<strong> de ommuurde stad Concarneau<\/strong> bieden verse vis van de markt. Als je ook verse vis wilt koken, nodigen we je uit om de haven van <strong>Tr\u00e9vignon<\/strong> te bezoeken. Op slechts 10 minuten van de camping kun je de vissers ontmoeten als ze twee keer per dag terugkeren naar de haven en genieten van de lokale vangst.  <\/p>\n\n            <div class=\"gt-fse-lire-plus__gradient\" style=\"background: linear-gradient(to bottom,rgba(58,65,86,0) 0%,rgba(58,65,86,1) 100%);\"><\/div>\n        <\/div>\n    <\/div>\n    <\/div>\n<\/div>\n\n\n\n<div class=\"wp-block-column animated fadeIn delay-100ms slow is-layout-flow wp-block-column-is-layout-flow\" style=\"padding-top:0em;flex-basis:40%\">\n<div data-swiper=\"{&quot;speed&quot;:400,&quot;spaceBetween&quot;:16,&quot;slidesPerView&quot;:1,&quot;createElements&quot;:true,&quot;loop&quot;:true,&quot;freemode&quot;:true,&quot;pagination&quot;:{&quot;el&quot;:&quot;.swiper-pagination&quot;,&quot;dynamicBullets&quot;:false},&quot;breakpoints&quot;:{&quot;0&quot;:{&quot;slidesPerView&quot;:1},&quot;380&quot;:[],&quot;1024&quot;:[]},&quot;navigation&quot;:false,&quot;effect&quot;:&quot;fade&quot;}\" class=\"wp-block-group gt-is-slider gt-is-slider-desktop has-global-padding is-layout-constrained wp-block-group-is-layout-constrained\">\n<figure class=\"wp-block-image size-full\"><img decoding=\"async\" width=\"686\" height=\"660\" src=\"https:\/\/www.le-cabellou-plage.com\/wp-content\/uploads\/2025\/02\/camping-finistere-sud-le-cabellou-plage.webp\" alt=\"kampeerplaats zuid-finistere le cabellou plage\" class=\"wp-image-17087\" srcset=\"https:\/\/www.le-cabellou-plage.com\/wp-content\/uploads\/2025\/02\/camping-finistere-sud-le-cabellou-plage.webp 686w, https:\/\/www.le-cabellou-plage.com\/wp-content\/uploads\/2025\/02\/camping-finistere-sud-le-cabellou-plage-300x289.webp 300w\" sizes=\"(max-width: 686px) 100vw, 686px\" \/><\/figure>\n\n\n\n<figure class=\"wp-block-image size-full\"><img decoding=\"async\" width=\"686\" height=\"660\" src=\"https:\/\/www.le-cabellou-plage.com\/wp-content\/uploads\/2025\/02\/le-camping-finistere-sud-pour-les-sportifs.webp\" alt=\"kampeerplaats zuid-finistere voor sportliefhebbers\" class=\"wp-image-17091\" srcset=\"https:\/\/www.le-cabellou-plage.com\/wp-content\/uploads\/2025\/02\/le-camping-finistere-sud-pour-les-sportifs.webp 686w, https:\/\/www.le-cabellou-plage.com\/wp-content\/uploads\/2025\/02\/le-camping-finistere-sud-pour-les-sportifs-300x289.webp 300w\" sizes=\"(max-width: 686px) 100vw, 686px\" \/><\/figure>\n\n\n\n<figure class=\"wp-block-image size-full\"><img decoding=\"async\" width=\"686\" height=\"660\" src=\"https:\/\/www.le-cabellou-plage.com\/wp-content\/uploads\/2025\/02\/le-camping-finistere-sud-des-gourmands.webp\" alt=\"kampeerplaats zuid-finistere voor fijnproevers\" class=\"wp-image-17095\" srcset=\"https:\/\/www.le-cabellou-plage.com\/wp-content\/uploads\/2025\/02\/le-camping-finistere-sud-des-gourmands.webp 686w, https:\/\/www.le-cabellou-plage.com\/wp-content\/uploads\/2025\/02\/le-camping-finistere-sud-des-gourmands-300x289.webp 300w\" sizes=\"(max-width: 686px) 100vw, 686px\" \/><\/figure>\n<\/div>\n<\/div>\n<\/div>\n<\/section>\n\n<section class=\"wp-block-group page-fourth has-custom-color-3-background-color has-background is-layout-flow wp-block-group-is-layout-flow\" style=\"margin-top:0;padding-top:var(--wp--preset--spacing--30);padding-bottom:3rem\">\n<div class=\"wp-block-columns is-layout-flex wp-container-core-columns-is-layout-28f84493 wp-block-columns-is-layout-flex\">\n<div class=\"wp-block-column is-layout-flow wp-block-column-is-layout-flow\" style=\"flex-basis:40%\">\n<figure class=\"wp-block-image size-full animated fadeIn delay-100ms slow\"><img decoding=\"async\" width=\"688\" height=\"639\" src=\"https:\/\/www.le-cabellou-plage.com\/wp-content\/uploads\/2025\/02\/balade-sur-les-remparts-de-la-ville-close-de-concarneau.webp\" alt=\"een wandeling over de wallen van de ommuurde stad concarneau\" class=\"wp-image-17099\" srcset=\"https:\/\/www.le-cabellou-plage.com\/wp-content\/uploads\/2025\/02\/balade-sur-les-remparts-de-la-ville-close-de-concarneau.webp 688w, https:\/\/www.le-cabellou-plage.com\/wp-content\/uploads\/2025\/02\/balade-sur-les-remparts-de-la-ville-close-de-concarneau-300x279.webp 300w\" sizes=\"(max-width: 688px) 100vw, 688px\" \/><\/figure>\n<\/div>\n\n\n\n<div class=\"wp-block-column is-vertically-aligned-center is-layout-flow wp-block-column-is-layout-flow\" style=\"padding-right:2rem;padding-left:2rem;flex-basis:60%\">\n<div class=\"wp-block-group gt-no-padding-mobile is-layout-flow wp-block-group-is-layout-flow\" style=\"padding-right:15rem;padding-left:10rem\">\n<h2 class=\"wp-block-heading has-base-2-color has-text-color has-link-color wp-elements-2e81c733c507a7f74f1bb6ec8517ef33\" style=\"margin-bottom:var(--wp--preset--spacing--30)\">kampeerplaats zuid-finistere voor <strong>nieuwsgierigen<\/strong><\/h2>\n\n\n\n<p>Er zijn tal van campings rondom uw <strong><a href=\"https:\/\/www.le-cabellou-plage.com\/nl\/\">Camping Zuid-Finist\u00e8re<\/a><\/strong>. Maak <strong>een wandeling langs de stadsmuren van de ommuurde stad Concarneau om de geschiedenis van deze vesting<\/strong> te ontdekken. <\/p>\n\n\n\n<p>Het <strong>visserijmuseum<\/strong> laat je de evolutie van deze voorouderlijke praktijk zien en zal je verbazen met zijn reproducties. In het marinarium maak je <strong>kennis met de soorten die langs de kust van Zuid-Finist\u00e8re leven<\/strong> en nog veel meer. <\/p>\n\n\n\n<p>En vergeet <strong>Pont Aven niet, de stad van de schilders<\/strong> en het museum voor schone kunsten. Dit charmante stadje ligt op slechts een paar minuten van Le Cabellou. <\/p>\n<\/div>\n<\/div>\n<\/div>\n<\/section>\n\n<section class=\"wp-block-group page-maillage has-custom-color-2-background-color has-background has-global-padding is-layout-constrained wp-block-group-is-layout-constrained\" style=\"margin-top:0;margin-bottom:0;padding-top:var(--wp--preset--spacing--40);padding-bottom:var(--wp--preset--spacing--40)\">\n<div class=\"wp-block-group h1-like is-layout-flow wp-block-group-is-layout-flow\" style=\"margin-bottom:var(--wp--preset--spacing--50)\">\n<p class=\"has-bodidota-font-family\" style=\"font-size:clamp(47.79px, 2.987rem + ((1vw - 3.2px) * 3.916), 94px);line-height:0.8\">Kom en ontdek<\/p>\n\n\n\n<p class=\"has-custom-color-3-color has-text-color has-link-color has-north-wave-font-family wp-elements-321fc05ee8e0d8084a9691b778f25a9b\" style=\"padding-left:var(--wp--preset--spacing--60);font-size:clamp(52.125px, 3.258rem + ((1vw - 3.2px) * 4.481), 105px);line-height:0.1\">bretagne<\/p>\n<\/div>\n\n\n\n<div class=\"wp-block-query is-layout-flow wp-block-query-is-layout-flow\"><ul class=\"columns-3 wp-block-post-template has-medium-font-size is-layout-grid wp-container-core-post-template-is-layout-572542b5 wp-block-post-template-is-layout-grid\"><li class=\"wp-block-post post-20832 page type-page status-publish has-post-thumbnail hentry\">\n\n<figure class=\"wp-block-image maillage-img\"><img decoding=\"async\" src=\"https:\/\/www.le-cabellou-plage.com\/wp-content\/uploads\/2025\/01\/camping-bretagne-sud-chien-resort-5-etoiles-le-cabellou-plage-concarneau-cta.webp\" alt=\"kampeerplaats zuid bretagne hond resort 5 sterren le cabellou plage concarneau\"\/><\/figure>\n\n\n\n<div class=\"wp-block-group content-maillage has-global-padding is-layout-constrained wp-block-group-is-layout-constrained\">\n<p class=\"maillage-title has-base-2-color has-text-color has-link-color has-josefin-sans-font-family wp-elements-939842b9118177581784f7034ceeec07\" style=\"border-style:none;border-width:0px;border-radius:0px;font-size:clamp(0.875rem, 0.875rem + ((1vw - 0.2rem) * 0.576), 1.3rem);letter-spacing:1px;text-transform:uppercase\">Kampeerplaats Zuid-Bretagne<\/p>\n<\/div>\n\n\n<a class=\"is-style-lien-cover wp-block-read-more\" href=\"https:\/\/www.le-cabellou-plage.com\/nl\/kampeerplaats-zuid-bretagne-hond\/\" target=\"_self\">Read more<span class=\"screen-reader-text\">: Kampeerplaats Zuid-Bretagne<\/span><\/a>\n<\/li><li class=\"wp-block-post post-20855 page type-page status-publish has-post-thumbnail hentry\">\n\n<figure class=\"wp-block-image maillage-img\"><img decoding=\"async\" src=\"https:\/\/www.le-cabellou-plage.com\/wp-content\/uploads\/2025\/01\/camping-concarneau-tout-confort-resort-5-etoiles-le-cabellou-plage-cta.webp\" alt=\"kampeerplaats concarneau alle comfort resort 5 sterren le cabellou plage\"\/><\/figure>\n\n\n\n<div class=\"wp-block-group content-maillage has-global-padding is-layout-constrained wp-block-group-is-layout-constrained\">\n<p class=\"maillage-title has-base-2-color has-text-color has-link-color has-josefin-sans-font-family wp-elements-939842b9118177581784f7034ceeec07\" style=\"border-style:none;border-width:0px;border-radius:0px;font-size:clamp(0.875rem, 0.875rem + ((1vw - 0.2rem) * 0.576), 1.3rem);letter-spacing:1px;text-transform:uppercase\">Kampeerplaats Concarneau Alle comfort<\/p>\n<\/div>\n\n\n<a class=\"is-style-lien-cover wp-block-read-more\" href=\"https:\/\/www.le-cabellou-plage.com\/nl\/kampeerplaats-concarneau-alle-comfort\/\" target=\"_self\">Read more<span class=\"screen-reader-text\">: Kampeerplaats Concarneau Alle comfort<\/span><\/a>\n<\/li><li class=\"wp-block-post post-20839 page type-page status-publish has-post-thumbnail hentry\">\n\n<figure class=\"wp-block-image maillage-img\"><img decoding=\"async\" src=\"https:\/\/www.le-cabellou-plage.com\/wp-content\/uploads\/2025\/01\/camping-quimper-resort-5-etoiles-le-cabellou-plage-cta.webp\" alt=\"kampeerplaats quimper resort 5 sterren le cabellou plage\"\/><\/figure>\n\n\n\n<div class=\"wp-block-group content-maillage has-global-padding is-layout-constrained wp-block-group-is-layout-constrained\">\n<p class=\"maillage-title has-base-2-color has-text-color has-link-color has-josefin-sans-font-family wp-elements-939842b9118177581784f7034ceeec07\" style=\"border-style:none;border-width:0px;border-radius:0px;font-size:clamp(0.875rem, 0.875rem + ((1vw - 0.2rem) * 0.576), 1.3rem);letter-spacing:1px;text-transform:uppercase\">Kampeerplaats Quimper<\/p>\n<\/div>\n\n\n<a class=\"is-style-lien-cover wp-block-read-more\" href=\"https:\/\/www.le-cabellou-plage.com\/nl\/kampeerplaats-quimper\/\" target=\"_self\">Read more<span class=\"screen-reader-text\">: Kampeerplaats Quimper<\/span><\/a>\n<\/li><\/ul><\/div>\n<\/section>\n","protected":false},"excerpt":{"rendered":"<p>Kampeerplaats zuid-finistereLe Cabellou Plage Kampeerplaats zuid-finisterevoor sportliefhebbers Geniet van verschillende activiteiten tijdens uw uw verblijf op een camping in Finist\u00e8re Sud. Op de camping kun je peddels en kajaks huren voor een tochtje langs de Pointe du Cabellou. De roeiclub biedt ook introductiecursussen vanaf het Plage de la Belle Etoile, tegenover de camping. Nieuw in [&hellip;]<\/p>\n","protected":false},"author":1,"featured_media":16529,"parent":0,"menu_order":0,"comment_status":"closed","ping_status":"closed","template":"","meta":{"_acf_changed":false,"_seopress_robots_primary_cat":"","_seopress_titles_title":"Kampeerplaats zuid Finist\u00e8re Le Cabellou plage 5 sterren","_seopress_titles_desc":"De 5-sterrencamping Le Cabellou plage in het zuiden van Finist\u00e8re, die deel uitmaakt van de Flower-campingsketen, ligt vlakbij de Belle \u00e9toiles-pagina in Concarneau, zodat kampeerders van deze nabijheid kunnen profiteren.","_seopress_robots_index":"","inline_featured_image":false,"gt_fse_maillage_image":"https:\/\/www.le-cabellou-plage.com\/wp-content\/uploads\/2025\/01\/camping-finistere-sud-cabellou-plage-resort-5-etoiles-concarneau-cta.webp","gt_fse_maillage_titre":"Kampeerplaats Zuid-Finist\u00e8re Cabellou Plage","gt_fse_maillage_alt":"kampeerplaats zuid-finistere cabellou plage resort 5 sterren concarneau","gt_fse_maillage_resume":"","footnotes":""},"categories":[],"tags":[],"class_list":["post-20843","page","type-page","status-publish","has-post-thumbnail","hentry"],"acf":[],"_links":{"self":[{"href":"https:\/\/www.le-cabellou-plage.com\/nl\/wp-json\/wp\/v2\/pages\/20843","targetHints":{"allow":["GET"]}}],"collection":[{"href":"https:\/\/www.le-cabellou-plage.com\/nl\/wp-json\/wp\/v2\/pages"}],"about":[{"href":"https:\/\/www.le-cabellou-plage.com\/nl\/wp-json\/wp\/v2\/types\/page"}],"author":[{"embeddable":true,"href":"https:\/\/www.le-cabellou-plage.com\/nl\/wp-json\/wp\/v2\/users\/1"}],"replies":[{"embeddable":true,"href":"https:\/\/www.le-cabellou-plage.com\/nl\/wp-json\/wp\/v2\/comments?post=20843"}],"version-history":[{"count":8,"href":"https:\/\/www.le-cabellou-plage.com\/nl\/wp-json\/wp\/v2\/pages\/20843\/revisions"}],"predecessor-version":[{"id":23117,"href":"https:\/\/www.le-cabellou-plage.com\/nl\/wp-json\/wp\/v2\/pages\/20843\/revisions\/23117"}],"wp:featuredmedia":[{"embeddable":true,"href":"https:\/\/www.le-cabellou-plage.com\/nl\/wp-json\/wp\/v2\/media\/16529"}],"wp:attachment":[{"href":"https:\/\/www.le-cabellou-plage.com\/nl\/wp-json\/wp\/v2\/media?parent=20843"}],"wp:term":[{"taxonomy":"category","embeddable":true,"href":"https:\/\/www.le-cabellou-plage.com\/nl\/wp-json\/wp\/v2\/categories?post=20843"},{"taxonomy":"post_tag","embeddable":true,"href":"https:\/\/www.le-cabellou-plage.com\/nl\/wp-json\/wp\/v2\/tags?post=20843"}],"curies":[{"name":"wp","href":"https:\/\/api.w.org\/{rel}","templated":true}]}}