{"id":21143,"date":"2025-01-03T09:45:27","date_gmt":"2025-01-03T08:45:27","guid":{"rendered":"https:\/\/www.le-cabellou-plage.com\/bar-restaurant-snack-concarneau\/"},"modified":"2025-03-05T16:26:09","modified_gmt":"2025-03-05T15:26:09","slug":"snack-bar-catering-concarneau","status":"publish","type":"page","link":"https:\/\/www.le-cabellou-plage.com\/en\/snack-bar-catering-concarneau\/","title":{"rendered":"Catering"},"content":{"rendered":"\n<section class=\"wp-block-group home-intro page-one has-custom-color-2-background-color has-background is-layout-flow wp-block-group-is-layout-flow\" style=\"padding-top:var(--wp--preset--spacing--40);padding-bottom:var(--wp--preset--spacing--30)\">\n<div class=\"wp-block-columns is-layout-flex wp-container-core-columns-is-layout-b0eedf20 wp-block-columns-is-layout-flex\" style=\"margin-top:1rem;margin-bottom:0\">\n<div class=\"wp-block-column is-layout-flow wp-block-column-is-layout-flow\" style=\"padding-right:2rem;padding-left:2rem;flex-basis:60%\">\n<div class=\"wp-block-group gt-no-padding-mobile is-layout-flow wp-block-group-is-layout-flow\" style=\"padding-right:10rem;padding-left:15rem\">\n<h1 class=\"wp-block-heading\"><strong>Catering and snack bar K&#8217;Bel<\/strong> <br\/>in Concarneau<\/h1>\n\n\n\n<p>At <strong>Camping Resort Le Cabellou Plage<\/strong>, you&#8217;ll appreciate the peaceful setting and relaxed atmosphere of the <strong>restaurant<\/strong> and <strong>bar by the aquatic area<\/strong>. Make the most of being with friends and family to spend a magical moment over a <strong>cocktail<\/strong> or a <strong>fine meal<\/strong>. A varied menu of <strong>local drinks<\/strong> and <strong>chef&#8217;s dishes<\/strong> is on offer.  <\/p>\n\n\n\n<h2 class=\"wp-block-heading\" style=\"padding-top:var(--wp--preset--spacing--30);text-transform:uppercase\"><strong>Delights at the<\/strong> <br\/>Le K&#8217;Bel <strong>bar-restaurant<\/strong> in Brittany<\/h2>\n\n\n\n<p>Make yourself comfortable on the <strong>restaurant&#8217;s terrace<\/strong>, with a magnificent view of the <a href=\"https:\/\/www.le-cabellou-plage.com\/en\/campsite-water-park-brittany\/\">Blue Cara\u00efbes aquatic area<\/a> and its lush vegetation. Tables are set for lunch and dinner throughout the opening period. <\/p>\n\n\n\n<p>On the <strong>chef&#8217;s menu<\/strong>, you&#8217;ll find a choice of beautiful mixed salads, quality meat and fish dishes. Discover our improved classics, too, with our fine burgers and hearty pizzas. <\/p>\n\n\n\n<p>Finally, let yourself be tempted by a <strong>gourmet dessert<\/strong>. You can choose between a giant ice-cream sundae (the Cabellou sundae is the big favorite!) or a <strong>generous dessert<\/strong> such as home-made Breton cake, chocolate fondant, caf\u00e9 gourmand, cr\u00e8me br\u00fbl\u00e9e&#8230; <\/p>\n<\/div>\n<\/div>\n\n\n\n<div class=\"wp-block-column animated fadeIn delay-100ms slow is-layout-flow wp-block-column-is-layout-flow\" style=\"padding-top:0em;flex-basis:40%\">\n<div data-swiper=\"{&quot;speed&quot;:400,&quot;spaceBetween&quot;:16,&quot;slidesPerView&quot;:1,&quot;createElements&quot;:true,&quot;loop&quot;:true,&quot;freemode&quot;:true,&quot;pagination&quot;:{&quot;el&quot;:&quot;.swiper-pagination&quot;,&quot;dynamicBullets&quot;:false},&quot;breakpoints&quot;:{&quot;0&quot;:{&quot;slidesPerView&quot;:1},&quot;380&quot;:[],&quot;1024&quot;:[]},&quot;effect&quot;:&quot;fade&quot;}\" class=\"wp-block-group gt-is-slider gt-is-slider-desktop has-global-padding is-layout-constrained wp-block-group-is-layout-constrained\">\n<figure class=\"wp-block-image size-full\"><img decoding=\"async\" width=\"686\" height=\"660\" src=\"https:\/\/www.le-cabellou-plage.com\/wp-content\/uploads\/2025\/01\/terrasse-du-restaurant-et-snack-k-bel.webp\" alt=\"k bel restaurant and snack bar terrace\" class=\"wp-image-13438\" srcset=\"https:\/\/www.le-cabellou-plage.com\/wp-content\/uploads\/2025\/01\/terrasse-du-restaurant-et-snack-k-bel.webp 686w, https:\/\/www.le-cabellou-plage.com\/wp-content\/uploads\/2025\/01\/terrasse-du-restaurant-et-snack-k-bel-300x289.webp 300w\" sizes=\"(max-width: 686px) 100vw, 686px\" \/><\/figure>\n\n\n\n<figure class=\"wp-block-image size-full\"><img decoding=\"async\" width=\"686\" height=\"660\" src=\"https:\/\/www.le-cabellou-plage.com\/wp-content\/uploads\/2025\/03\/delices-au-bar-restaurant-le-k-bel-a-concarneau-en-bretagne-le-cabellou-plage.webp\" alt=\"delicacies at the k bel bar-restaurant in concarneau, brittany le cabellou plage\" class=\"wp-image-20724\" srcset=\"https:\/\/www.le-cabellou-plage.com\/wp-content\/uploads\/2025\/03\/delices-au-bar-restaurant-le-k-bel-a-concarneau-en-bretagne-le-cabellou-plage.webp 686w, https:\/\/www.le-cabellou-plage.com\/wp-content\/uploads\/2025\/03\/delices-au-bar-restaurant-le-k-bel-a-concarneau-en-bretagne-le-cabellou-plage-300x289.webp 300w\" sizes=\"(max-width: 686px) 100vw, 686px\" \/><\/figure>\n\n\n\n<figure class=\"wp-block-image size-full\"><img decoding=\"async\" width=\"686\" height=\"660\" src=\"https:\/\/www.le-cabellou-plage.com\/wp-content\/uploads\/2025\/01\/copieuses-pizzas-du-chef.webp\" alt=\"chef's copious pizzas\" class=\"wp-image-13446\" srcset=\"https:\/\/www.le-cabellou-plage.com\/wp-content\/uploads\/2025\/01\/copieuses-pizzas-du-chef.webp 686w, https:\/\/www.le-cabellou-plage.com\/wp-content\/uploads\/2025\/01\/copieuses-pizzas-du-chef-300x289.webp 300w\" sizes=\"(max-width: 686px) 100vw, 686px\" \/><\/figure>\n<\/div>\n<\/div>\n<\/div>\n<\/section>\n\n<section id=\"bar-a-cocktails\" class=\"wp-block-group home-third page-two has-custom-color-2-background-color has-background is-layout-flow wp-block-group-is-layout-flow\" style=\"margin-top:0;padding-bottom:var(--wp--preset--spacing--40)\">\n<div data-swiper=\"{&quot;speed&quot;:1000,&quot;autoplay&quot;:{&quot;delay&quot;:5000,&quot;disableOnInteraction&quot;:false},&quot;spaceBetween&quot;:0,&quot;slidesPerView&quot;:1,&quot;pagination&quot;:{&quot;el&quot;:&quot;.swiper-pagination&quot;,&quot;dynamicBullets&quot;:true,&quot;clickable&quot;:true,&quot;type&quot;:&quot;bullets&quot;},&quot;navigation&quot;:{&quot;nextEl&quot;:&quot;.swiper-button-next&quot;,&quot;prevEl&quot;:&quot;.swiper-button-prev&quot;},&quot;breakpoints&quot;:[{&quot;slidesPerView&quot;:1}]}\" class=\"wp-block-cover has-parallax has-custom-content-position is-position-bottom-right\" style=\"min-height:825px;aspect-ratio:unset;\"><span aria-hidden=\"true\" class=\"wp-block-cover__background has-contrast-background-color has-background-dim-30 has-background-dim\"><\/span><div role=\"img\" aria-label=\"bar a cocktails et bieres locales\" class=\"wp-block-cover__image-background wp-image-13450 has-parallax\" style=\"background-position:50% 50%;background-image:url(https:\/\/www.le-cabellou-plage.com\/wp-content\/uploads\/2025\/01\/bar-a-cocktails-et-bieres-locales.webp)\"><\/div><div class=\"wp-block-cover__inner-container has-global-padding is-layout-constrained wp-block-cover-is-layout-constrained\">\n<p class=\"has-text-align-center has-base-2-color has-text-color has-link-color has-bodidota-font-family wp-elements-d713023ab18ec79b86599a42131e37bf\" style=\"padding-right:35rem;padding-bottom:var(--wp--preset--spacing--40);font-size:clamp(39.963px, 2.498rem + ((1vw - 3.2px) * 2.969), 75px);text-transform:uppercase\"><strong>Homemade cocktails<\/strong><\/p>\n<\/div><\/div>\n\n\n\n<div class=\"wp-block-columns is-layout-flex wp-container-core-columns-is-layout-b674b79b wp-block-columns-is-layout-flex\" style=\"padding-top:var(--wp--preset--spacing--10);padding-right:var(--wp--preset--spacing--50);padding-bottom:var(--wp--preset--spacing--10);padding-left:var(--wp--preset--spacing--50)\">\n<div class=\"wp-block-column left is-layout-flow wp-block-column-is-layout-flow\" style=\"flex-basis:40%\">\n<div class=\"wp-block-group gt-no-padding-mobile is-layout-flow wp-block-group-is-layout-flow\" style=\"padding-right:2rem;padding-left:2rem\">\n<p class=\"has-custom-color-3-color has-text-color has-link-color has-josefin-sans-font-family has-small-font-size wp-elements-38dc934e68349368a067615ef7a44d1c\" style=\"margin-bottom:var(--wp--preset--spacing--30);letter-spacing:3px;line-height:1.5;text-transform:uppercase\">Gustatory pleasure<\/p>\n\n\n\n<div class=\"wp-block-group h1-like is-layout-flow wp-block-group-is-layout-flow\">\n<p class=\"has-bodidota-font-family\" style=\"font-size:clamp(47.79px, 2.987rem + ((1vw - 3.2px) * 3.916), 94px);line-height:0.8\">Enjoy a mojito<\/p>\n\n\n\n<p class=\"has-custom-color-3-color has-text-color has-link-color has-north-wave-font-family wp-elements-b25733396e36865514318b0c84020b6d\" style=\"padding-left:var(--wp--preset--spacing--40);font-size:clamp(52.125px, 3.258rem + ((1vw - 3.2px) * 4.481), 105px);line-height:0.1\">breton<\/p>\n<\/div>\n<\/div>\n<\/div>\n\n\n\n<div class=\"wp-block-column right is-layout-flow wp-block-column-is-layout-flow\" style=\"padding-top:var(--wp--preset--spacing--40);flex-basis:60%\">\n<div class=\"wp-block-group gt-no-padding-mobile is-layout-flow wp-block-group-is-layout-flow\" style=\"padding-right:15rem;padding-left:10rem\">\n<h2 class=\"wp-block-heading\" style=\"margin-bottom:var(--wp--preset--spacing--30)\"><strong>Cocktail bar<\/strong> and local beers<\/h2>\n\n\n\n<p>Our barmen and barmaids create <strong> homemade cocktails, with or without alcohol<\/strong>, for your <strong>gustatory pleasure<\/strong>. For <strong>beer lovers<\/strong>, we offer <strong>local beers<\/strong> from <strong>Brasserie de Bretagne<\/strong> in <a href=\"https:\/\/www.le-cabellou-plage.com\/en\/concarneau-tourism\/\">Concarneau<\/a>: discover Saint-Erwann, Britt blonde or white. Many other more classic beverages are also available for children and adults alike.  <\/p>\n\n\n\n<p>Enjoy these <strong>magical moments with your partner<\/strong> or family, sipping <strong>a Breton Mojito<\/strong> in <strong>pleasant, relaxed surroundings<\/strong>.<\/p>\n<\/div>\n<\/div>\n<\/div>\n<\/section>\n\n<section class=\"wp-block-group home-second page-third has-custom-color-2-background-color has-background is-layout-flow wp-block-group-is-layout-flow\" style=\"margin-top:0;padding-bottom:var(--wp--preset--spacing--40)\">\n<div class=\"wp-block-columns gt-reverse-mobile is-layout-flex wp-container-core-columns-is-layout-28f84493 wp-block-columns-is-layout-flex\">\n<div class=\"wp-block-column left animated fadeIn delay-100ms slow is-layout-flow wp-block-column-is-layout-flow\">\n<div data-swiper=\"{&quot;speed&quot;:400,&quot;spaceBetween&quot;:30,&quot;slidesPerView&quot;:1,&quot;createElements&quot;:true,&quot;loop&quot;:true,&quot;breakpoints&quot;:{&quot;0&quot;:{&quot;slidesPerView&quot;:1},&quot;380&quot;:[]},&quot;pagination&quot;:false,&quot;effect&quot;:&quot;fade&quot;}\" class=\"wp-block-group gt-is-slider gt-is-slider-desktop is-layout-flow wp-block-group-is-layout-flow\">\n<div class=\"wp-block-group is-layout-flow wp-block-group-is-layout-flow\">\n<figure class=\"wp-block-image size-full\"><img decoding=\"async\" width=\"760\" height=\"479\" src=\"https:\/\/www.le-cabellou-plage.com\/wp-content\/uploads\/2025\/01\/snack-petits-plaisirs-a-emporter.webp\" alt=\"snack petits plaisirs takeaway\" class=\"wp-image-13454\" srcset=\"https:\/\/www.le-cabellou-plage.com\/wp-content\/uploads\/2025\/01\/snack-petits-plaisirs-a-emporter.webp 760w, https:\/\/www.le-cabellou-plage.com\/wp-content\/uploads\/2025\/01\/snack-petits-plaisirs-a-emporter-300x189.webp 300w\" sizes=\"(max-width: 760px) 100vw, 760px\" \/><\/figure>\n<\/div>\n\n\n\n<div class=\"wp-block-group is-layout-flow wp-block-group-is-layout-flow\">\n<figure class=\"wp-block-image size-full\"><img decoding=\"async\" width=\"760\" height=\"479\" src=\"https:\/\/www.le-cabellou-plage.com\/wp-content\/uploads\/2025\/01\/burgers-gourmands.webp\" alt=\"gourmet burgers\" class=\"wp-image-13459\" srcset=\"https:\/\/www.le-cabellou-plage.com\/wp-content\/uploads\/2025\/01\/burgers-gourmands.webp 760w, https:\/\/www.le-cabellou-plage.com\/wp-content\/uploads\/2025\/01\/burgers-gourmands-300x189.webp 300w\" sizes=\"(max-width: 760px) 100vw, 760px\" \/><\/figure>\n<\/div>\n\n\n\n<div class=\"wp-block-group is-layout-flow wp-block-group-is-layout-flow\">\n<figure class=\"wp-block-image size-full\"><img decoding=\"async\" width=\"760\" height=\"479\" src=\"https:\/\/www.le-cabellou-plage.com\/wp-content\/uploads\/2025\/01\/coucher-de-soleil-sur-la-plage-de-la-belle-etoile.webp\" alt=\"sunset on belle etoile beach\" class=\"wp-image-13463\" srcset=\"https:\/\/www.le-cabellou-plage.com\/wp-content\/uploads\/2025\/01\/coucher-de-soleil-sur-la-plage-de-la-belle-etoile.webp 760w, https:\/\/www.le-cabellou-plage.com\/wp-content\/uploads\/2025\/01\/coucher-de-soleil-sur-la-plage-de-la-belle-etoile-300x189.webp 300w\" sizes=\"(max-width: 760px) 100vw, 760px\" \/><\/figure>\n<\/div>\n<\/div>\n<\/div>\n\n\n\n<div class=\"wp-block-column is-vertically-aligned-top right is-layout-flow wp-block-column-is-layout-flow\" style=\"padding-top:2rem;padding-right:6rem;padding-left:var(--wp--preset--spacing--20)\">\n<div class=\"wp-block-group gt-no-padding-mobile has-global-padding is-layout-constrained wp-container-core-group-is-layout-d2a9254a wp-block-group-is-layout-constrained\" style=\"padding-right:var(--wp--preset--spacing--60);padding-left:0\">\n<h2 class=\"wp-block-heading\"><strong>Snack<\/strong>: takeaway treats<\/h2>\n\n\n\n<p><strong>The chef&#8217;s team<\/strong> at our <strong>5-star campsite<\/strong> in <a href=\"https:\/\/www.le-cabellou-plage.com\/en\/south-brittany-tourism\/\">Brittany<\/a><strong> offers quality snacking<\/strong>: a wide choice of gourmet burgers and generous pizzas. What a pleasure to <strong>order takeaway<\/strong> for lunch or dinner on the coast and enjoy a <strong>magnificent sunset<\/strong> on the <a href=\"https:\/\/www.le-cabellou-plage.com\/en\/seaside-campsite-brittany\/\">beach of La Belle \u00c9toile<\/a> or at the Fort du Cabellou. Take advantage of your vacation to forget about cooking and take time to contemplate <strong>unforgettable landscapes<\/strong>!  <\/p>\n<\/div>\n\n\n\n<div class=\"wp-block-group bubbles is-nowrap is-layout-flex wp-container-core-group-is-layout-17c695da wp-block-group-is-layout-flex\">\n<div class=\"wp-block-group bubble is-layout-flow wp-block-group-is-layout-flow\">\n<figure class=\"wp-block-image size-full is-resized has-custom-border is-style-rounded animated fadeIn delay-3s is-style-rounded--1\"><img decoding=\"async\" width=\"760\" height=\"479\" src=\"https:\/\/www.le-cabellou-plage.com\/wp-content\/uploads\/2025\/01\/snack-petits-plaisirs-a-emporter.webp\" alt=\"snack petits plaisirs takeaway\" class=\"wp-image-13454\" style=\"border-style:none;border-width:0px;border-radius:100%;object-fit:cover;width:90px;height:90px\" srcset=\"https:\/\/www.le-cabellou-plage.com\/wp-content\/uploads\/2025\/01\/snack-petits-plaisirs-a-emporter.webp 760w, https:\/\/www.le-cabellou-plage.com\/wp-content\/uploads\/2025\/01\/snack-petits-plaisirs-a-emporter-300x189.webp 300w\" sizes=\"(max-width: 760px) 100vw, 760px\" \/><\/figure>\n<\/div>\n\n\n\n<div class=\"wp-block-group bubble is-layout-flow wp-block-group-is-layout-flow\">\n<figure class=\"wp-block-image size-full is-resized has-custom-border is-style-rounded animated fadeIn delay-2s is-style-rounded--2\"><img decoding=\"async\" width=\"760\" height=\"479\" src=\"https:\/\/www.le-cabellou-plage.com\/wp-content\/uploads\/2025\/01\/burgers-gourmands.webp\" alt=\"gourmet burgers\" class=\"wp-image-13459\" style=\"border-style:none;border-width:0px;border-radius:100%;object-fit:cover;width:90px;height:90px\" srcset=\"https:\/\/www.le-cabellou-plage.com\/wp-content\/uploads\/2025\/01\/burgers-gourmands.webp 760w, https:\/\/www.le-cabellou-plage.com\/wp-content\/uploads\/2025\/01\/burgers-gourmands-300x189.webp 300w\" sizes=\"(max-width: 760px) 100vw, 760px\" \/><\/figure>\n<\/div>\n\n\n\n<div class=\"wp-block-group bubble is-layout-flow wp-block-group-is-layout-flow\">\n<figure class=\"wp-block-image size-full is-resized has-custom-border is-style-rounded animated fadeIn delay-1s is-style-rounded--3\"><img decoding=\"async\" width=\"760\" height=\"479\" src=\"https:\/\/www.le-cabellou-plage.com\/wp-content\/uploads\/2025\/01\/coucher-de-soleil-sur-la-plage-de-la-belle-etoile.webp\" alt=\"sunset on belle etoile beach\" class=\"wp-image-13463\" style=\"border-style:none;border-width:0px;border-radius:100%;object-fit:cover;width:90px;height:90px\" srcset=\"https:\/\/www.le-cabellou-plage.com\/wp-content\/uploads\/2025\/01\/coucher-de-soleil-sur-la-plage-de-la-belle-etoile.webp 760w, https:\/\/www.le-cabellou-plage.com\/wp-content\/uploads\/2025\/01\/coucher-de-soleil-sur-la-plage-de-la-belle-etoile-300x189.webp 300w\" sizes=\"(max-width: 760px) 100vw, 760px\" \/><\/figure>\n<\/div>\n<\/div>\n<\/div>\n<\/div>\n<\/section>\n\n<section class=\"wp-block-group page-fourth has-custom-color-3-background-color has-background is-layout-flow wp-block-group-is-layout-flow\" style=\"margin-top:0;padding-top:var(--wp--preset--spacing--30);padding-bottom:3rem\">\n<div class=\"wp-block-columns is-layout-flex wp-container-core-columns-is-layout-28f84493 wp-block-columns-is-layout-flex\">\n<div class=\"wp-block-column is-layout-flow wp-block-column-is-layout-flow\" style=\"flex-basis:40%\">\n<figure class=\"wp-block-image size-full animated fadeIn delay-100ms slow\"><img decoding=\"async\" width=\"688\" height=\"639\" src=\"https:\/\/www.le-cabellou-plage.com\/wp-content\/uploads\/2025\/01\/moules-frites-repas-a-themes-en-bretagne.webp\" alt=\"mussels and French fries themed meals in brittany\" class=\"wp-image-13467\" srcset=\"https:\/\/www.le-cabellou-plage.com\/wp-content\/uploads\/2025\/01\/moules-frites-repas-a-themes-en-bretagne.webp 688w, https:\/\/www.le-cabellou-plage.com\/wp-content\/uploads\/2025\/01\/moules-frites-repas-a-themes-en-bretagne-300x279.webp 300w\" sizes=\"(max-width: 688px) 100vw, 688px\" \/><\/figure>\n<\/div>\n\n\n\n<div class=\"wp-block-column is-vertically-aligned-center is-layout-flow wp-block-column-is-layout-flow\" style=\"padding-right:2rem;padding-left:2rem;flex-basis:60%\">\n<div class=\"wp-block-group gt-no-padding-mobile is-layout-flow wp-block-group-is-layout-flow\" style=\"padding-right:15rem;padding-left:10rem\">\n<h2 class=\"wp-block-heading has-base-2-color has-text-color has-link-color wp-elements-90fa3387545b405c2414f705a3bb03a2\" style=\"margin-bottom:var(--wp--preset--spacing--30)\"><strong>Theme meals<\/strong> in Brittany<\/h2>\n\n\n\n<p>To whet your appetite&#8230; At our <a href=\"https:\/\/www.le-cabellou-plage.com\/en\/\">5-star campsite in Concarneau<\/a>, the chef offers <strong>themed meals<\/strong> during the <strong>school vacations<\/strong>.<\/p>\n\n\n\n<p>What could be more local than an <strong>evening of mussels and French fries<\/strong> in front of <strong>the Blue Cara\u00efbes water park<\/strong>? A real treat with Bouchot mussels delivered by Les Viviers de La For\u00eat. <\/p>\n\n\n\n<p>You can also enjoy a <strong>paella evening<\/strong>, prepared on site by our chefs before your very eyes. For your taste buds, we also have other <strong>themed evenings<\/strong> in store, depending on the week! <\/p>\n<\/div>\n<\/div>\n<\/div>\n<\/section>\n\n<section class=\"wp-block-group page-maillage has-custom-color-2-background-color has-background has-global-padding is-layout-constrained wp-block-group-is-layout-constrained\" style=\"margin-top:0;margin-bottom:0;padding-top:var(--wp--preset--spacing--40);padding-bottom:var(--wp--preset--spacing--40)\">\n<div class=\"wp-block-group h1-like is-layout-flow wp-block-group-is-layout-flow\" style=\"margin-bottom:var(--wp--preset--spacing--50)\">\n<p class=\"has-bodidota-font-family\" style=\"font-size:clamp(47.79px, 2.987rem + ((1vw - 3.2px) * 3.916), 94px);line-height:0.8\">Come and discover<\/p>\n\n\n\n<p class=\"has-custom-color-3-color has-text-color has-link-color has-north-wave-font-family wp-elements-f6a57101446042c492f42ae7e08265c3\" style=\"padding-left:var(--wp--preset--spacing--60);font-size:clamp(52.125px, 3.258rem + ((1vw - 3.2px) * 4.481), 105px);line-height:0.1\">our campsite<\/p>\n<\/div>\n\n\n\n<div class=\"wp-block-query is-layout-flow wp-block-query-is-layout-flow\"><ul class=\"columns-3 wp-block-post-template has-medium-font-size is-layout-grid wp-container-core-post-template-is-layout-572542b5 wp-block-post-template-is-layout-grid\"><li class=\"wp-block-post post-21150 page type-page status-publish has-post-thumbnail hentry\">\n\n<figure class=\"wp-block-image maillage-img\"><img decoding=\"async\" src=\"https:\/\/www.le-cabellou-plage.com\/wp-content\/uploads\/2025\/01\/camping-animations-bretagne-cta.webp\" alt=\"campsite entertainment brittany\"\/><\/figure>\n\n\n\n<div class=\"wp-block-group content-maillage has-global-padding is-layout-constrained wp-block-group-is-layout-constrained\">\n<p class=\"maillage-title has-base-2-color has-text-color has-link-color has-josefin-sans-font-family wp-elements-939842b9118177581784f7034ceeec07\" style=\"border-style:none;border-width:0px;border-radius:0px;font-size:clamp(0.875rem, 0.875rem + ((1vw - 0.2rem) * 0.576), 1.3rem);letter-spacing:1px;text-transform:uppercase\">Activities and entertainment<\/p>\n<\/div>\n\n\n<a class=\"is-style-lien-cover wp-block-read-more\" href=\"https:\/\/www.le-cabellou-plage.com\/en\/campsite-entertainment-brittany\/\" target=\"_self\">Read more<span class=\"screen-reader-text\">: Entertainment<\/span><\/a>\n<\/li><li class=\"wp-block-post post-21054 page type-page status-publish has-post-thumbnail hentry\">\n\n<figure class=\"wp-block-image maillage-img\"><img decoding=\"async\" src=\"https:\/\/www.le-cabellou-plage.com\/wp-content\/uploads\/2025\/03\/camping-parc-aquatique-bretagne-cabellou-plage-cta.webp\" alt=\"campsite water park brittany cabellou plage\"\/><\/figure>\n\n\n\n<div class=\"wp-block-group content-maillage has-global-padding is-layout-constrained wp-block-group-is-layout-constrained\">\n<p class=\"maillage-title has-base-2-color has-text-color has-link-color has-josefin-sans-font-family wp-elements-939842b9118177581784f7034ceeec07\" style=\"border-style:none;border-width:0px;border-radius:0px;font-size:clamp(0.875rem, 0.875rem + ((1vw - 0.2rem) * 0.576), 1.3rem);letter-spacing:1px;text-transform:uppercase\">Water park<\/p>\n<\/div>\n\n\n<a class=\"is-style-lien-cover wp-block-read-more\" href=\"https:\/\/www.le-cabellou-plage.com\/en\/campsite-water-park-brittany\/\" target=\"_self\">Read more<span class=\"screen-reader-text\">: Water park<\/span><\/a>\n<\/li><li class=\"wp-block-post post-21155 page type-page status-publish has-post-thumbnail hentry\">\n\n<figure class=\"wp-block-image maillage-img\"><img decoding=\"async\" src=\"https:\/\/www.le-cabellou-plage.com\/wp-content\/uploads\/2025\/01\/camping-services-bretagne-cta.webp\" alt=\"camping services bretagne\"\/><\/figure>\n\n\n\n<div class=\"wp-block-group content-maillage has-global-padding is-layout-constrained wp-block-group-is-layout-constrained\">\n<p class=\"maillage-title has-base-2-color has-text-color has-link-color has-josefin-sans-font-family wp-elements-939842b9118177581784f7034ceeec07\" style=\"border-style:none;border-width:0px;border-radius:0px;font-size:clamp(0.875rem, 0.875rem + ((1vw - 0.2rem) * 0.576), 1.3rem);letter-spacing:1px;text-transform:uppercase\">Campsite services<\/p>\n<\/div>\n\n\n<a class=\"is-style-lien-cover wp-block-read-more\" href=\"https:\/\/www.le-cabellou-plage.com\/en\/campsite-services-brittany\/\" target=\"_self\">Read more<span class=\"screen-reader-text\">: Services<\/span><\/a>\n<\/li><\/ul><\/div>\n<\/section>\n","protected":false},"excerpt":{"rendered":"<p>Catering and snack bar K&#8217;Bel in Concarneau At Camping Resort Le Cabellou Plage, you&#8217;ll appreciate the peaceful setting and relaxed atmosphere of the restaurant and bar by the aquatic area. Make the most of being with friends and family to spend a magical moment over a cocktail or a fine meal. A varied menu of [&hellip;]<\/p>\n","protected":false},"author":1,"featured_media":13264,"parent":0,"menu_order":0,"comment_status":"closed","ping_status":"closed","template":"","meta":{"_acf_changed":false,"_seopress_robots_primary_cat":"","_seopress_titles_title":"bar and snack restaurant","_seopress_titles_desc":"Relax by the pool with our cocktails and Breton delights. Enjoy themed meals and savor the chef's cuisine on the coast. ","_seopress_robots_index":"","inline_featured_image":false,"gt_fse_maillage_image":"https:\/\/www.le-cabellou-plage.com\/wp-content\/uploads\/2025\/01\/bar-restaurant-snack-concarneau-cta.webp","gt_fse_maillage_titre":"Restaurant-bar in Brittany","gt_fse_maillage_alt":"bar restaurant snack concarneau","gt_fse_maillage_resume":"","footnotes":""},"categories":[],"tags":[],"class_list":["post-21143","page","type-page","status-publish","has-post-thumbnail","hentry"],"acf":[],"_links":{"self":[{"href":"https:\/\/www.le-cabellou-plage.com\/en\/wp-json\/wp\/v2\/pages\/21143","targetHints":{"allow":["GET"]}}],"collection":[{"href":"https:\/\/www.le-cabellou-plage.com\/en\/wp-json\/wp\/v2\/pages"}],"about":[{"href":"https:\/\/www.le-cabellou-plage.com\/en\/wp-json\/wp\/v2\/types\/page"}],"author":[{"embeddable":true,"href":"https:\/\/www.le-cabellou-plage.com\/en\/wp-json\/wp\/v2\/users\/1"}],"replies":[{"embeddable":true,"href":"https:\/\/www.le-cabellou-plage.com\/en\/wp-json\/wp\/v2\/comments?post=21143"}],"version-history":[{"count":7,"href":"https:\/\/www.le-cabellou-plage.com\/en\/wp-json\/wp\/v2\/pages\/21143\/revisions"}],"predecessor-version":[{"id":22565,"href":"https:\/\/www.le-cabellou-plage.com\/en\/wp-json\/wp\/v2\/pages\/21143\/revisions\/22565"}],"wp:featuredmedia":[{"embeddable":true,"href":"https:\/\/www.le-cabellou-plage.com\/en\/wp-json\/wp\/v2\/media\/13264"}],"wp:attachment":[{"href":"https:\/\/www.le-cabellou-plage.com\/en\/wp-json\/wp\/v2\/media?parent=21143"}],"wp:term":[{"taxonomy":"category","embeddable":true,"href":"https:\/\/www.le-cabellou-plage.com\/en\/wp-json\/wp\/v2\/categories?post=21143"},{"taxonomy":"post_tag","embeddable":true,"href":"https:\/\/www.le-cabellou-plage.com\/en\/wp-json\/wp\/v2\/tags?post=21143"}],"curies":[{"name":"wp","href":"https:\/\/api.w.org\/{rel}","templated":true}]}}