{"id":20905,"date":"2025-01-20T09:07:38","date_gmt":"2025-01-20T08:07:38","guid":{"rendered":"https:\/\/www.le-cabellou-plage.com\/pont-l-abbe\/"},"modified":"2025-03-04T11:39:30","modified_gmt":"2025-03-04T10:39:30","slug":"pont-l-abbe","status":"publish","type":"page","link":"https:\/\/www.le-cabellou-plage.com\/en\/pont-l-abbe\/","title":{"rendered":"Pont l&#8217;Abb\u00e9"},"content":{"rendered":"\n<section class=\"wp-block-group home-intro page-one has-custom-color-2-background-color has-background is-layout-flow wp-block-group-is-layout-flow\" style=\"padding-top:var(--wp--preset--spacing--40);padding-bottom:var(--wp--preset--spacing--30)\">\n<div class=\"wp-block-columns is-layout-flex wp-container-core-columns-is-layout-b0eedf20 wp-block-columns-is-layout-flex\" style=\"margin-top:1rem;margin-bottom:0\">\n<div class=\"wp-block-column is-layout-flow wp-block-column-is-layout-flow\" style=\"padding-right:2rem;padding-left:2rem;flex-basis:60%\">\n<div class=\"wp-block-group gt-no-padding-mobile is-layout-flow wp-block-group-is-layout-flow\" style=\"padding-right:10rem;padding-left:15rem\">\n<h1 class=\"wp-block-heading\">Campsite &#8211; <strong>Pont-L&#8217;Abb\u00e9<\/strong> &#8211; 35 Kms &#8211; South Finist\u00e8re<\/h1>\n\n\n\n<p>Here we are in <strong>the capital of Bigouden country<\/strong>. <strong>Pont l&#8217;abb\u00e9<\/strong> is famous for its <strong>Bigouden Museum<\/strong>, its atypical town center with numerous <strong>craft stores<\/strong> and the Bigouden headdresses!<\/p>\n\n\n\n<p>Located at the crossroads of the <strong>Bigouden region<\/strong>, Pont-L&#8217;Abb\u00e9 is a small, dynamic town <strong>full of charm<\/strong>.<\/p>\n\n\n\n<p>From the Mus\u00e9e Bigouden to the port of <strong>Loctudy<\/strong>, you&#8217;ll be able to <strong>enjoy<\/strong> a number of <strong>beautiful walks<\/strong>. This hike offers a <strong>magnificent view of Ile Chevalier<\/strong>, which separates Pont-L&#8217;Abb\u00e9 and Ile Tudy. <\/p>\n\n\n\n<p>Our <strong>family-run establishment<\/strong> is just 35 kms from this town. This makes it an ideal destination for a pleasant <a href=\"https:\/\/www.le-cabellou-plage.com\/en\/\">camping holiday in Concarneau<\/a> <strong>near Pont l&#8217;Abb\u00e9<\/strong>. <\/p>\n<\/div>\n<\/div>\n\n\n\n<div class=\"wp-block-column animated fadeIn delay-100ms slow is-layout-flow wp-block-column-is-layout-flow\" style=\"padding-top:0em;flex-basis:40%\">\n<div data-swiper=\"{&quot;speed&quot;:400,&quot;spaceBetween&quot;:16,&quot;slidesPerView&quot;:1,&quot;createElements&quot;:true,&quot;loop&quot;:true,&quot;freemode&quot;:true,&quot;pagination&quot;:{&quot;el&quot;:&quot;.swiper-pagination&quot;,&quot;dynamicBullets&quot;:false},&quot;breakpoints&quot;:{&quot;0&quot;:{&quot;slidesPerView&quot;:1},&quot;380&quot;:[],&quot;1024&quot;:[]},&quot;navigation&quot;:false,&quot;effect&quot;:&quot;fade&quot;}\" class=\"wp-block-group gt-is-slider gt-is-slider-desktop has-global-padding is-layout-constrained wp-block-group-is-layout-constrained\">\n<figure class=\"wp-block-image size-full\"><img decoding=\"async\" width=\"686\" height=\"660\" src=\"https:\/\/www.le-cabellou-plage.com\/wp-content\/uploads\/2025\/01\/pont-l-abbe-la-capitale-du-pays-bigouden-1.webp\" alt=\"pont l'abbe the capital of the bigouden region\" class=\"wp-image-15735\" srcset=\"https:\/\/www.le-cabellou-plage.com\/wp-content\/uploads\/2025\/01\/pont-l-abbe-la-capitale-du-pays-bigouden-1.webp 686w, https:\/\/www.le-cabellou-plage.com\/wp-content\/uploads\/2025\/01\/pont-l-abbe-la-capitale-du-pays-bigouden-1-300x289.webp 300w\" sizes=\"(max-width: 686px) 100vw, 686px\" \/><\/figure>\n\n\n\n<figure class=\"wp-block-image size-full\"><img decoding=\"async\" width=\"686\" height=\"660\" src=\"https:\/\/www.le-cabellou-plage.com\/wp-content\/uploads\/2025\/01\/tres-belles-balades-au-depart-du-musee-bigouden.webp\" alt=\"beautiful walks starting from the bigouden museum\" class=\"wp-image-15726\" srcset=\"https:\/\/www.le-cabellou-plage.com\/wp-content\/uploads\/2025\/01\/tres-belles-balades-au-depart-du-musee-bigouden.webp 686w, https:\/\/www.le-cabellou-plage.com\/wp-content\/uploads\/2025\/01\/tres-belles-balades-au-depart-du-musee-bigouden-300x289.webp 300w\" sizes=\"(max-width: 686px) 100vw, 686px\" \/><\/figure>\n\n\n\n<figure class=\"wp-block-image size-full\"><img decoding=\"async\" width=\"686\" height=\"660\" src=\"https:\/\/www.le-cabellou-plage.com\/wp-content\/uploads\/2025\/01\/port-de-loctudy.webp\" alt=\"habour of loctudy\" class=\"wp-image-15730\" srcset=\"https:\/\/www.le-cabellou-plage.com\/wp-content\/uploads\/2025\/01\/port-de-loctudy.webp 686w, https:\/\/www.le-cabellou-plage.com\/wp-content\/uploads\/2025\/01\/port-de-loctudy-300x289.webp 300w\" sizes=\"(max-width: 686px) 100vw, 686px\" \/><\/figure>\n<\/div>\n<\/div>\n<\/div>\n<\/section>\n\n<section class=\"wp-block-group page-maillage has-custom-color-2-background-color has-background has-global-padding is-layout-constrained wp-block-group-is-layout-constrained\" style=\"margin-top:0;margin-bottom:0;padding-top:var(--wp--preset--spacing--40);padding-bottom:var(--wp--preset--spacing--40)\">\n<div class=\"wp-block-group h1-like is-layout-flow wp-block-group-is-layout-flow\" style=\"margin-bottom:var(--wp--preset--spacing--50)\">\n<p class=\"has-bodidota-font-family\" style=\"font-size:clamp(47.79px, 2.987rem + ((1vw - 3.2px) * 3.916), 94px);line-height:0.8\">Come and discover<\/p>\n\n\n\n<p class=\"has-custom-color-3-color has-text-color has-link-color has-north-wave-font-family wp-elements-9d4f96155c275bfd27938d7045235bbc\" style=\"padding-left:var(--wp--preset--spacing--60);font-size:clamp(52.125px, 3.258rem + ((1vw - 3.2px) * 4.481), 105px);line-height:0.1\">Brittany<\/p>\n<\/div>\n\n\n\n<div class=\"wp-block-query is-layout-flow wp-block-query-is-layout-flow\"><ul class=\"columns-3 wp-block-post-template has-medium-font-size is-layout-grid wp-container-core-post-template-is-layout-572542b5 wp-block-post-template-is-layout-grid\"><li class=\"wp-block-post post-20883 page type-page status-publish has-post-thumbnail hentry\">\n\n<figure class=\"wp-block-image maillage-img\"><img decoding=\"async\" src=\"https:\/\/www.le-cabellou-plage.com\/wp-content\/uploads\/2025\/01\/camping-5-etoiles-finistere-sud-cabellou-plage-resort-5-etoiles-concarneau-cta.webp\" alt=\"5-star campsite south finistere cabellou plage resort 5 stars concarneau\"\/><\/figure>\n\n\n\n<div class=\"wp-block-group content-maillage has-global-padding is-layout-constrained wp-block-group-is-layout-constrained\">\n<p class=\"maillage-title has-base-2-color has-text-color has-link-color has-josefin-sans-font-family wp-elements-939842b9118177581784f7034ceeec07\" style=\"border-style:none;border-width:0px;border-radius:0px;font-size:clamp(0.875rem, 0.875rem + ((1vw - 0.2rem) * 0.576), 1.3rem);letter-spacing:1px;text-transform:uppercase\">5-star campsite<\/p>\n<\/div>\n\n\n<a class=\"is-style-lien-cover wp-block-read-more\" href=\"https:\/\/www.le-cabellou-plage.com\/en\/5-star-campsite-south-finistere\/\" target=\"_self\">Read more<span class=\"screen-reader-text\">: 5-star campsite South Finist\u00e8re<\/span><\/a>\n<\/li><li class=\"wp-block-post post-20895 page type-page status-publish has-post-thumbnail hentry\">\n\n<figure class=\"wp-block-image maillage-img\"><img decoding=\"async\" src=\"https:\/\/www.le-cabellou-plage.com\/wp-content\/uploads\/2025\/01\/camping-archipel-des-glenan-cabellou-plage-resort-5-etoiles-cta.webp\" alt=\"campsite archipel des glenan cabellou plage resort 5 stars\"\/><\/figure>\n\n\n\n<div class=\"wp-block-group content-maillage has-global-padding is-layout-constrained wp-block-group-is-layout-constrained\">\n<p class=\"maillage-title has-base-2-color has-text-color has-link-color has-josefin-sans-font-family wp-elements-939842b9118177581784f7034ceeec07\" style=\"border-style:none;border-width:0px;border-radius:0px;font-size:clamp(0.875rem, 0.875rem + ((1vw - 0.2rem) * 0.576), 1.3rem);letter-spacing:1px;text-transform:uppercase\">Campsite archipel des Gl\u00e9nan<\/p>\n<\/div>\n\n\n<a class=\"is-style-lien-cover wp-block-read-more\" href=\"https:\/\/www.le-cabellou-plage.com\/en\/campsite-archipel-des-glenan\/\" target=\"_self\">Read more<span class=\"screen-reader-text\">: Campsite Archipel des Gl\u00e9nan<\/span><\/a>\n<\/li><li class=\"wp-block-post post-20888 page type-page status-publish has-post-thumbnail hentry\">\n\n<figure class=\"wp-block-image maillage-img\"><img decoding=\"async\" src=\"https:\/\/www.le-cabellou-plage.com\/wp-content\/uploads\/2025\/01\/camping-bretagne-sud-cabellou-plage-resort-5-etoiles-concarneau-cta.webp\" alt=\"campsite south brittany cabellou plage resort 5 stars concarneau\"\/><\/figure>\n\n\n\n<div class=\"wp-block-group content-maillage has-global-padding is-layout-constrained wp-block-group-is-layout-constrained\">\n<p class=\"maillage-title has-base-2-color has-text-color has-link-color has-josefin-sans-font-family wp-elements-939842b9118177581784f7034ceeec07\" style=\"border-style:none;border-width:0px;border-radius:0px;font-size:clamp(0.875rem, 0.875rem + ((1vw - 0.2rem) * 0.576), 1.3rem);letter-spacing:1px;text-transform:uppercase\">Campsite south brittany<\/p>\n<\/div>\n\n\n<a class=\"is-style-lien-cover wp-block-read-more\" href=\"https:\/\/www.le-cabellou-plage.com\/en\/campsite-south-brittany\/\" target=\"_self\">Read more<span class=\"screen-reader-text\">: Campsite south brittany<\/span><\/a>\n<\/li><\/ul><\/div>\n<\/section>\n","protected":false},"excerpt":{"rendered":"<p>Campsite &#8211; Pont-L&#8217;Abb\u00e9 &#8211; 35 Kms &#8211; South Finist\u00e8re Here we are in the capital of Bigouden country. Pont l&#8217;abb\u00e9 is famous for its Bigouden Museum, its atypical town center with numerous craft stores and the Bigouden headdresses! Located at the crossroads of the Bigouden region, Pont-L&#8217;Abb\u00e9 is a small, dynamic town full of charm. [&hellip;]<\/p>\n","protected":false},"author":1,"featured_media":16684,"parent":0,"menu_order":0,"comment_status":"closed","ping_status":"closed","template":"","meta":{"_acf_changed":false,"_seopress_robots_primary_cat":"","_seopress_titles_title":"Pont L'Abb\u00e9 - Campsite Le Cabellou Plage","_seopress_titles_desc":"Discover Pont-L'Abb\u00e9: museum, craft stores, hiking. Ideal campsite near Concarneau. Stay in Brittany and explore the Bigouden region.  ","_seopress_robots_index":"","inline_featured_image":false,"gt_fse_maillage_image":"https:\/\/www.le-cabellou-plage.com\/wp-content\/uploads\/2025\/01\/pont-l-abbe-camping-cabellou-plage-resort-5-etoiles-cta.webp","gt_fse_maillage_titre":"Pont L'Abb\u00e9","gt_fse_maillage_alt":"pont l abbe campsite cabellou plage resort 5 stars","gt_fse_maillage_resume":"","footnotes":""},"categories":[],"tags":[],"class_list":["post-20905","page","type-page","status-publish","has-post-thumbnail","hentry"],"acf":[],"_links":{"self":[{"href":"https:\/\/www.le-cabellou-plage.com\/en\/wp-json\/wp\/v2\/pages\/20905","targetHints":{"allow":["GET"]}}],"collection":[{"href":"https:\/\/www.le-cabellou-plage.com\/en\/wp-json\/wp\/v2\/pages"}],"about":[{"href":"https:\/\/www.le-cabellou-plage.com\/en\/wp-json\/wp\/v2\/types\/page"}],"author":[{"embeddable":true,"href":"https:\/\/www.le-cabellou-plage.com\/en\/wp-json\/wp\/v2\/users\/1"}],"replies":[{"embeddable":true,"href":"https:\/\/www.le-cabellou-plage.com\/en\/wp-json\/wp\/v2\/comments?post=20905"}],"version-history":[{"count":3,"href":"https:\/\/www.le-cabellou-plage.com\/en\/wp-json\/wp\/v2\/pages\/20905\/revisions"}],"predecessor-version":[{"id":21368,"href":"https:\/\/www.le-cabellou-plage.com\/en\/wp-json\/wp\/v2\/pages\/20905\/revisions\/21368"}],"wp:featuredmedia":[{"embeddable":true,"href":"https:\/\/www.le-cabellou-plage.com\/en\/wp-json\/wp\/v2\/media\/16684"}],"wp:attachment":[{"href":"https:\/\/www.le-cabellou-plage.com\/en\/wp-json\/wp\/v2\/media?parent=20905"}],"wp:term":[{"taxonomy":"category","embeddable":true,"href":"https:\/\/www.le-cabellou-plage.com\/en\/wp-json\/wp\/v2\/categories?post=20905"},{"taxonomy":"post_tag","embeddable":true,"href":"https:\/\/www.le-cabellou-plage.com\/en\/wp-json\/wp\/v2\/tags?post=20905"}],"curies":[{"name":"wp","href":"https:\/\/api.w.org\/{rel}","templated":true}]}}