{"id":20883,"date":"2025-01-20T09:09:26","date_gmt":"2025-01-20T08:09:26","guid":{"rendered":"https:\/\/www.le-cabellou-plage.com\/camping-5-etoiles-finistere-sud\/"},"modified":"2025-03-05T14:28:02","modified_gmt":"2025-03-05T13:28:02","slug":"5-star-campsite-south-finistere","status":"publish","type":"page","link":"https:\/\/www.le-cabellou-plage.com\/en\/5-star-campsite-south-finistere\/","title":{"rendered":"5-star campsite South Finist\u00e8re"},"content":{"rendered":"\n<section class=\"wp-block-group home-intro page-one has-custom-color-2-background-color has-background is-layout-flow wp-block-group-is-layout-flow\" style=\"padding-top:var(--wp--preset--spacing--40);padding-bottom:var(--wp--preset--spacing--30)\">\n<div class=\"wp-block-columns is-layout-flex wp-container-core-columns-is-layout-b0eedf20 wp-block-columns-is-layout-flex\" style=\"margin-top:1rem;margin-bottom:0\">\n<div class=\"wp-block-column is-layout-flow wp-block-column-is-layout-flow\" style=\"padding-right:2rem;padding-left:2rem;flex-basis:60%\">\n<div class=\"wp-block-group gt-no-padding-mobile is-layout-flow wp-block-group-is-layout-flow\" style=\"padding-right:10rem;padding-left:15rem\">\n<h1 class=\"wp-block-heading\"><strong>5-star campsite<\/strong> South Finist\u00e8re<\/h1>\n\n\n\n<h2 class=\"wp-block-heading\" style=\"padding-top:var(--wp--preset--spacing--30);text-transform:uppercase\">5-star <strong>family<\/strong> campsite <strong>South Finist\u00e8re<\/strong><\/h2>\n\n\n\n<p>We propose you for your vacations, a <strong><a href=\"https:\/\/www.le-cabellou-plage.com\/en\/campsite-services-brittany\/\">5-star campsite in southern Finist\u00e8re<\/a><\/strong> for the whole family. Whether you&#8217;re staying as a couple, with young children through to teenagers, or why not with grandparents? <\/p>\n\n\n\n<p><strong>Le Cabellou Plage offers a range of facilities so that everyone can make the most of their vacation<\/strong>: a playground for children, a <a href=\"https:\/\/www.le-cabellou-plage.com\/en\/campsite-entertainment-brittany\/\">multi-sports field<\/a> for older children, and an <a href=\"https:\/\/www.le-cabellou-plage.com\/en\/campsite-water-park-brittany\/\">aquatic area<\/a> where you can <strong>share a moment together<\/strong>.<\/p>\n\n\n\n<h2 class=\"wp-block-heading\" style=\"padding-top:var(--wp--preset--spacing--30);text-transform:uppercase\">5-star campsite South Finist\u00e8re <strong>by the sea<\/strong><\/h2>\n\n\n\n<p>Le Cabellou Plage is a <strong><a href=\"https:\/\/www.le-cabellou-plage.com\/en\/\">campsite south finistere<\/a><\/strong> <strong>5-star<\/strong> campsite ideally located <a href=\"https:\/\/www.le-cabellou-plage.com\/en\/seaside-campsite-brittany\/\">by the sea<\/a>, with <strong>direct access to Concarneau&#8217;s Belle Etoile beach<\/strong>. Full of charm, you&#8217;ll enjoy strolling across to<strong> the Ville Close and its harbor<\/strong>. <\/p>\n\n\n\n<p>Numerous beaches surround Le Cabellou, so you can <strong>enjoy fine sandy beaches or wild coves<\/strong>, or try your hand at fishing and collecting shells from the rocks.<\/p>\n<\/div>\n<\/div>\n\n\n\n<div class=\"wp-block-column animated fadeIn delay-100ms slow is-layout-flow wp-block-column-is-layout-flow\" style=\"padding-top:0em;flex-basis:40%\">\n<div data-swiper=\"{&quot;speed&quot;:400,&quot;spaceBetween&quot;:16,&quot;slidesPerView&quot;:1,&quot;createElements&quot;:true,&quot;loop&quot;:true,&quot;freemode&quot;:true,&quot;pagination&quot;:{&quot;el&quot;:&quot;.swiper-pagination&quot;,&quot;dynamicBullets&quot;:false},&quot;breakpoints&quot;:{&quot;0&quot;:{&quot;slidesPerView&quot;:1},&quot;380&quot;:[],&quot;1024&quot;:[]},&quot;navigation&quot;:false,&quot;effect&quot;:&quot;fade&quot;}\" class=\"wp-block-group gt-is-slider gt-is-slider-desktop has-global-padding is-layout-constrained wp-block-group-is-layout-constrained\">\n<figure class=\"wp-block-image size-full\"><img decoding=\"async\" width=\"686\" height=\"660\" src=\"https:\/\/www.le-cabellou-plage.com\/wp-content\/uploads\/2025\/01\/camping-5-etoiles-finistere-sud.webp\" alt=\"5 star campsite south finistere\" class=\"wp-image-15753\" srcset=\"https:\/\/www.le-cabellou-plage.com\/wp-content\/uploads\/2025\/01\/camping-5-etoiles-finistere-sud.webp 686w, https:\/\/www.le-cabellou-plage.com\/wp-content\/uploads\/2025\/01\/camping-5-etoiles-finistere-sud-300x289.webp 300w\" sizes=\"(max-width: 686px) 100vw, 686px\" \/><\/figure>\n\n\n\n<figure class=\"wp-block-image size-full\"><img decoding=\"async\" width=\"686\" height=\"660\" src=\"https:\/\/www.le-cabellou-plage.com\/wp-content\/uploads\/2025\/01\/camping-5-etoiles-finistere-sud-familial.webp\" alt=\"5 star family campsite south finistere\" class=\"wp-image-15757\" srcset=\"https:\/\/www.le-cabellou-plage.com\/wp-content\/uploads\/2025\/01\/camping-5-etoiles-finistere-sud-familial.webp 686w, https:\/\/www.le-cabellou-plage.com\/wp-content\/uploads\/2025\/01\/camping-5-etoiles-finistere-sud-familial-300x289.webp 300w\" sizes=\"(max-width: 686px) 100vw, 686px\" \/><\/figure>\n\n\n\n<figure class=\"wp-block-image size-full\"><img decoding=\"async\" width=\"686\" height=\"660\" src=\"https:\/\/www.le-cabellou-plage.com\/wp-content\/uploads\/2025\/01\/camping-5-etoiles-finistere-sud-en-bord-de-mer.webp\" alt=\"5-star campsite in southern finistere by the sea\" class=\"wp-image-15761\" srcset=\"https:\/\/www.le-cabellou-plage.com\/wp-content\/uploads\/2025\/01\/camping-5-etoiles-finistere-sud-en-bord-de-mer.webp 686w, https:\/\/www.le-cabellou-plage.com\/wp-content\/uploads\/2025\/01\/camping-5-etoiles-finistere-sud-en-bord-de-mer-300x289.webp 300w\" sizes=\"(max-width: 686px) 100vw, 686px\" \/><\/figure>\n<\/div>\n<\/div>\n<\/div>\n<\/section>\n\n<section class=\"wp-block-group page-fourth has-custom-color-3-background-color has-background is-layout-flow wp-block-group-is-layout-flow\" style=\"margin-top:0;padding-top:var(--wp--preset--spacing--30);padding-bottom:3rem\">\n<div class=\"wp-block-columns is-layout-flex wp-container-core-columns-is-layout-28f84493 wp-block-columns-is-layout-flex\">\n<div class=\"wp-block-column is-layout-flow wp-block-column-is-layout-flow\" style=\"flex-basis:40%\">\n<figure class=\"wp-block-image size-full animated fadeIn delay-100ms slow\"><img decoding=\"async\" width=\"688\" height=\"639\" src=\"https:\/\/www.le-cabellou-plage.com\/wp-content\/uploads\/2025\/01\/camping-5-etoiles-finistere-sud-avec-emplacements-et-locations.webp\" alt=\"5-star campsite south finistere with pitches and rentals\" class=\"wp-image-16157\" srcset=\"https:\/\/www.le-cabellou-plage.com\/wp-content\/uploads\/2025\/01\/camping-5-etoiles-finistere-sud-avec-emplacements-et-locations.webp 688w, https:\/\/www.le-cabellou-plage.com\/wp-content\/uploads\/2025\/01\/camping-5-etoiles-finistere-sud-avec-emplacements-et-locations-300x279.webp 300w\" sizes=\"(max-width: 688px) 100vw, 688px\" \/><\/figure>\n<\/div>\n\n\n\n<div class=\"wp-block-column is-vertically-aligned-center is-layout-flow wp-block-column-is-layout-flow\" style=\"padding-right:2rem;padding-left:2rem;flex-basis:60%\">\n<div class=\"wp-block-group gt-no-padding-mobile is-layout-flow wp-block-group-is-layout-flow\" style=\"padding-right:15rem;padding-left:10rem\">\n<h2 class=\"wp-block-heading has-base-2-color has-text-color has-link-color wp-elements-b8d77d68f5664af090bd99526876c20f\" style=\"margin-bottom:var(--wp--preset--spacing--30)\">5-star campsite South Finist\u00e8re<br\/>with <strong>pitches and rentals<\/strong><\/h2>\n\n\n\n<p><strong>Your 5-star campsite south finistere offers a range of accommodation<\/strong>. For camping enthusiasts, <a href=\"https:\/\/www.le-cabellou-plage.com\/en\/pitch-rental-brittany\/\">pitches with electricity connection<\/a> are available. <\/p>\n\n\n\n<p><strong>Come and pitch your tent, caravan or motorhome<\/strong>. For a comfortable stay, we also offer <a href=\"https:\/\/www.le-cabellou-plage.com\/en\/mobil-home-rental-brittany\/\">mobile homes<\/a> with 2 or more bedrooms. <\/p>\n\n\n\n<p>The largest cottages offer 3 bedrooms, a living area with sofa bed, and two bathrooms, for a total capacity of 8 people.<\/p>\n<\/div>\n<\/div>\n<\/div>\n<\/section>\n\n<section class=\"wp-block-group page-maillage has-custom-color-2-background-color has-background has-global-padding is-layout-constrained wp-block-group-is-layout-constrained\" style=\"margin-top:0;margin-bottom:0;padding-top:var(--wp--preset--spacing--40);padding-bottom:var(--wp--preset--spacing--40)\">\n<div class=\"wp-block-group h1-like is-layout-flow wp-block-group-is-layout-flow\" style=\"margin-bottom:var(--wp--preset--spacing--50)\">\n<p class=\"has-bodidota-font-family\" style=\"font-size:clamp(47.79px, 2.987rem + ((1vw - 3.2px) * 3.916), 94px);line-height:0.8\">Come and discover<\/p>\n\n\n\n<p class=\"has-custom-color-3-color has-text-color has-link-color has-north-wave-font-family wp-elements-9d4f96155c275bfd27938d7045235bbc\" style=\"padding-left:var(--wp--preset--spacing--60);font-size:clamp(52.125px, 3.258rem + ((1vw - 3.2px) * 4.481), 105px);line-height:0.1\">Brittany<\/p>\n<\/div>\n\n\n\n<div class=\"wp-block-query is-layout-flow wp-block-query-is-layout-flow\"><ul class=\"columns-3 wp-block-post-template has-medium-font-size is-layout-grid wp-container-core-post-template-is-layout-572542b5 wp-block-post-template-is-layout-grid\"><li class=\"wp-block-post post-20895 page type-page status-publish has-post-thumbnail hentry\">\n\n<figure class=\"wp-block-image maillage-img\"><img decoding=\"async\" src=\"https:\/\/www.le-cabellou-plage.com\/wp-content\/uploads\/2025\/01\/camping-archipel-des-glenan-cabellou-plage-resort-5-etoiles-cta.webp\" alt=\"campsite archipel des glenan cabellou plage resort 5 stars\"\/><\/figure>\n\n\n\n<div class=\"wp-block-group content-maillage has-global-padding is-layout-constrained wp-block-group-is-layout-constrained\">\n<p class=\"maillage-title has-base-2-color has-text-color has-link-color has-josefin-sans-font-family wp-elements-939842b9118177581784f7034ceeec07\" style=\"border-style:none;border-width:0px;border-radius:0px;font-size:clamp(0.875rem, 0.875rem + ((1vw - 0.2rem) * 0.576), 1.3rem);letter-spacing:1px;text-transform:uppercase\">Campsite archipel des Gl\u00e9nan<\/p>\n<\/div>\n\n\n<a class=\"is-style-lien-cover wp-block-read-more\" href=\"https:\/\/www.le-cabellou-plage.com\/en\/campsite-archipel-des-glenan\/\" target=\"_self\">Read more<span class=\"screen-reader-text\">: Campsite Archipel des Gl\u00e9nan<\/span><\/a>\n<\/li><li class=\"wp-block-post post-20888 page type-page status-publish has-post-thumbnail hentry\">\n\n<figure class=\"wp-block-image maillage-img\"><img decoding=\"async\" src=\"https:\/\/www.le-cabellou-plage.com\/wp-content\/uploads\/2025\/01\/camping-bretagne-sud-cabellou-plage-resort-5-etoiles-concarneau-cta.webp\" alt=\"campsite south brittany cabellou plage resort 5 stars concarneau\"\/><\/figure>\n\n\n\n<div class=\"wp-block-group content-maillage has-global-padding is-layout-constrained wp-block-group-is-layout-constrained\">\n<p class=\"maillage-title has-base-2-color has-text-color has-link-color has-josefin-sans-font-family wp-elements-939842b9118177581784f7034ceeec07\" style=\"border-style:none;border-width:0px;border-radius:0px;font-size:clamp(0.875rem, 0.875rem + ((1vw - 0.2rem) * 0.576), 1.3rem);letter-spacing:1px;text-transform:uppercase\">Campsite south brittany<\/p>\n<\/div>\n\n\n<a class=\"is-style-lien-cover wp-block-read-more\" href=\"https:\/\/www.le-cabellou-plage.com\/en\/campsite-south-brittany\/\" target=\"_self\">Read more<span class=\"screen-reader-text\">: Campsite south brittany<\/span><\/a>\n<\/li><li class=\"wp-block-post post-20834 page type-page status-publish has-post-thumbnail hentry\">\n\n<figure class=\"wp-block-image maillage-img\"><img decoding=\"async\" src=\"https:\/\/www.le-cabellou-plage.com\/wp-content\/uploads\/2025\/01\/camping-quimper-resort-5-etoiles-le-cabellou-plage-cta.webp\" alt=\"campsite quimper resort 5 stars le cabellou plage\"\/><\/figure>\n\n\n\n<div class=\"wp-block-group content-maillage has-global-padding is-layout-constrained wp-block-group-is-layout-constrained\">\n<p class=\"maillage-title has-base-2-color has-text-color has-link-color has-josefin-sans-font-family wp-elements-939842b9118177581784f7034ceeec07\" style=\"border-style:none;border-width:0px;border-radius:0px;font-size:clamp(0.875rem, 0.875rem + ((1vw - 0.2rem) * 0.576), 1.3rem);letter-spacing:1px;text-transform:uppercase\">Campsite Quimper<\/p>\n<\/div>\n\n\n<a class=\"is-style-lien-cover wp-block-read-more\" href=\"https:\/\/www.le-cabellou-plage.com\/en\/campsite-quimper\/\" target=\"_self\">Read more<span class=\"screen-reader-text\">: Campsite Quimper<\/span><\/a>\n<\/li><\/ul><\/div>\n<\/section>\n","protected":false},"excerpt":{"rendered":"<p>5-star campsite South Finist\u00e8re 5-star family campsite South Finist\u00e8re We propose you for your vacations, a 5-star campsite in southern Finist\u00e8re for the whole family. Whether you&#8217;re staying as a couple, with young children through to teenagers, or why not with grandparents? Le Cabellou Plage offers a range of facilities so that everyone can make [&hellip;]<\/p>\n","protected":false},"author":1,"featured_media":16430,"parent":0,"menu_order":0,"comment_status":"closed","ping_status":"closed","template":"","meta":{"_acf_changed":false,"_seopress_robots_primary_cat":"","_seopress_titles_title":"5-star campsite South Finist\u00e8re Le Cabellou Plage","_seopress_titles_desc":"5 stars campsite South Finist\u00e8re Le Cabellou Plage any comfort accomodates you in edge of sea with the beach of Belle Etoiles with Concarneau to spend very pleasant vacations","_seopress_robots_index":"","inline_featured_image":false,"gt_fse_maillage_image":"https:\/\/www.le-cabellou-plage.com\/wp-content\/uploads\/2025\/01\/camping-5-etoiles-finistere-sud-cabellou-plage-resort-5-etoiles-concarneau-cta.webp","gt_fse_maillage_titre":"5-star campsite","gt_fse_maillage_alt":"5-star campsite south finistere cabellou plage resort 5 stars concarneau","gt_fse_maillage_resume":"","footnotes":""},"categories":[],"tags":[],"class_list":["post-20883","page","type-page","status-publish","has-post-thumbnail","hentry"],"acf":[],"_links":{"self":[{"href":"https:\/\/www.le-cabellou-plage.com\/en\/wp-json\/wp\/v2\/pages\/20883","targetHints":{"allow":["GET"]}}],"collection":[{"href":"https:\/\/www.le-cabellou-plage.com\/en\/wp-json\/wp\/v2\/pages"}],"about":[{"href":"https:\/\/www.le-cabellou-plage.com\/en\/wp-json\/wp\/v2\/types\/page"}],"author":[{"embeddable":true,"href":"https:\/\/www.le-cabellou-plage.com\/en\/wp-json\/wp\/v2\/users\/1"}],"replies":[{"embeddable":true,"href":"https:\/\/www.le-cabellou-plage.com\/en\/wp-json\/wp\/v2\/comments?post=20883"}],"version-history":[{"count":3,"href":"https:\/\/www.le-cabellou-plage.com\/en\/wp-json\/wp\/v2\/pages\/20883\/revisions"}],"predecessor-version":[{"id":22506,"href":"https:\/\/www.le-cabellou-plage.com\/en\/wp-json\/wp\/v2\/pages\/20883\/revisions\/22506"}],"wp:featuredmedia":[{"embeddable":true,"href":"https:\/\/www.le-cabellou-plage.com\/en\/wp-json\/wp\/v2\/media\/16430"}],"wp:attachment":[{"href":"https:\/\/www.le-cabellou-plage.com\/en\/wp-json\/wp\/v2\/media?parent=20883"}],"wp:term":[{"taxonomy":"category","embeddable":true,"href":"https:\/\/www.le-cabellou-plage.com\/en\/wp-json\/wp\/v2\/categories?post=20883"},{"taxonomy":"post_tag","embeddable":true,"href":"https:\/\/www.le-cabellou-plage.com\/en\/wp-json\/wp\/v2\/tags?post=20883"}],"curies":[{"name":"wp","href":"https:\/\/api.w.org\/{rel}","templated":true}]}}