{"id":20830,"date":"2025-01-20T10:07:16","date_gmt":"2025-01-20T09:07:16","guid":{"rendered":"https:\/\/www.le-cabellou-plage.com\/camping-bretagne-sud-chien\/"},"modified":"2025-03-07T13:41:22","modified_gmt":"2025-03-07T12:41:22","slug":"campsite-south-brittany-dog","status":"publish","type":"page","link":"https:\/\/www.le-cabellou-plage.com\/en\/campsite-south-brittany-dog\/","title":{"rendered":"Campsite South Brittany dog"},"content":{"rendered":"\n<section class=\"wp-block-group home-intro page-one has-custom-color-2-background-color has-background is-layout-flow wp-block-group-is-layout-flow\" style=\"padding-top:var(--wp--preset--spacing--40);padding-bottom:var(--wp--preset--spacing--30)\">\n<div class=\"wp-block-columns is-layout-flex wp-container-core-columns-is-layout-b0eedf20 wp-block-columns-is-layout-flex\" style=\"margin-top:1rem;margin-bottom:0\">\n<div class=\"wp-block-column is-layout-flow wp-block-column-is-layout-flow\" style=\"padding-right:2rem;padding-left:2rem;flex-basis:60%\">\n<div class=\"wp-block-group gt-no-padding-mobile is-layout-flow wp-block-group-is-layout-flow\" style=\"padding-right:10rem;padding-left:15rem\">\n<h1 class=\"wp-block-heading\"><strong>Camping South Finist\u00e8re<\/strong> with your dog<\/h1>\n\n\n\n<h2 class=\"wp-block-heading\" style=\"padding-top:var(--wp--preset--spacing--30);text-transform:uppercase\">Camping in southern Finist\u00e8re <strong>with your dog<\/strong><\/h2>\n\n\n\n<p><strong>Your pets are welcome at <a href=\"https:\/\/www.le-cabellou-plage.com\/en\/tourism-south-finistere\/\">Camping Finist\u00e8re Sud<\/a> au Cabellou plage in Concarneau<\/strong>. You&#8217;ll find everything you need to enjoy your vacation with your faithful companion! <\/p>\n\n\n\n<p>A shower is available in the sanitary block for <strong>rinsing your dog<\/strong>, and bags are available near reception for picking up droppings.<\/p>\n\n\n\n<p>Only first- and second-category dogs are admitted.<\/p>\n\n\n\n<h2 class=\"wp-block-heading\" style=\"padding-top:var(--wp--preset--spacing--30);text-transform:uppercase\"><strong>What to do with your dog<\/strong><br\/>at south Finist\u00e8re campsite<\/h2>\n\n\n\n<p>Don&#8217;t leave it behind when you go for a walk. <strong>The GR34<\/strong> coastal path around <strong>the Pointe du Cabellou<\/strong> and your <a href=\"https:\/\/www.le-cabellou-plage.com\/en\/\">Concarneau campsite<\/a> is a great playground.<\/p>\n\n\n\n<p>Although some beaches don&#8217;t allow pets,<strong>Pouldohan cove offers several coves with access to the sea<\/strong>. It&#8217;s the perfect opportunity to take a dip with your dog, in a magnificent setting. <\/p>\n<\/div>\n<\/div>\n\n\n\n<div class=\"wp-block-column animated fadeIn delay-100ms slow is-layout-flow wp-block-column-is-layout-flow\" style=\"padding-top:0em;flex-basis:40%\">\n<div data-swiper=\"{&quot;speed&quot;:400,&quot;spaceBetween&quot;:16,&quot;slidesPerView&quot;:1,&quot;createElements&quot;:true,&quot;loop&quot;:true,&quot;freemode&quot;:true,&quot;pagination&quot;:{&quot;el&quot;:&quot;.swiper-pagination&quot;,&quot;dynamicBullets&quot;:false},&quot;breakpoints&quot;:{&quot;0&quot;:{&quot;slidesPerView&quot;:1},&quot;380&quot;:[],&quot;1024&quot;:[]},&quot;navigation&quot;:false,&quot;effect&quot;:&quot;fade&quot;}\" class=\"wp-block-group gt-is-slider gt-is-slider-desktop has-global-padding is-layout-constrained wp-block-group-is-layout-constrained\">\n<figure class=\"wp-block-image size-full\"><img decoding=\"async\" width=\"686\" height=\"660\" src=\"https:\/\/www.le-cabellou-plage.com\/wp-content\/uploads\/2025\/02\/camping-finistere-sud-avec-son-chien.webp\" alt=\"campsite south finistere with your dog\" class=\"wp-image-17173\" srcset=\"https:\/\/www.le-cabellou-plage.com\/wp-content\/uploads\/2025\/02\/camping-finistere-sud-avec-son-chien.webp 686w, https:\/\/www.le-cabellou-plage.com\/wp-content\/uploads\/2025\/02\/camping-finistere-sud-avec-son-chien-300x289.webp 300w\" sizes=\"(max-width: 686px) 100vw, 686px\" \/><\/figure>\n\n\n\n<figure class=\"wp-block-image size-full\"><img decoding=\"async\" width=\"686\" height=\"660\" src=\"https:\/\/www.le-cabellou-plage.com\/wp-content\/uploads\/2025\/02\/partir-en-camping-finistere-sud-avec-son-chien.webp\" alt=\"campsite in south finistere with your dog\" class=\"wp-image-17177\" srcset=\"https:\/\/www.le-cabellou-plage.com\/wp-content\/uploads\/2025\/02\/partir-en-camping-finistere-sud-avec-son-chien.webp 686w, https:\/\/www.le-cabellou-plage.com\/wp-content\/uploads\/2025\/02\/partir-en-camping-finistere-sud-avec-son-chien-300x289.webp 300w\" sizes=\"(max-width: 686px) 100vw, 686px\" \/><\/figure>\n\n\n\n<figure class=\"wp-block-image size-full\"><img decoding=\"async\" width=\"686\" height=\"660\" src=\"https:\/\/www.le-cabellou-plage.com\/wp-content\/uploads\/2025\/02\/que-faire-en-camping-finistere-sud-avec-son-chien.webp\" alt=\"what to do with your dog when camping in south finistere\" class=\"wp-image-17181\" srcset=\"https:\/\/www.le-cabellou-plage.com\/wp-content\/uploads\/2025\/02\/que-faire-en-camping-finistere-sud-avec-son-chien.webp 686w, https:\/\/www.le-cabellou-plage.com\/wp-content\/uploads\/2025\/02\/que-faire-en-camping-finistere-sud-avec-son-chien-300x289.webp 300w\" sizes=\"(max-width: 686px) 100vw, 686px\" \/><\/figure>\n<\/div>\n<\/div>\n<\/div>\n<\/section>\n\n<section class=\"wp-block-group page-fourth has-custom-color-3-background-color has-background is-layout-flow wp-block-group-is-layout-flow\" style=\"margin-top:0;padding-top:var(--wp--preset--spacing--30);padding-bottom:3rem\">\n<div class=\"wp-block-columns is-layout-flex wp-container-core-columns-is-layout-28f84493 wp-block-columns-is-layout-flex\">\n<div class=\"wp-block-column is-layout-flow wp-block-column-is-layout-flow\" style=\"flex-basis:40%\">\n<figure class=\"wp-block-image size-full animated fadeIn delay-100ms slow\"><img decoding=\"async\" width=\"688\" height=\"639\" src=\"https:\/\/www.le-cabellou-plage.com\/wp-content\/uploads\/2025\/02\/prendre-soin-de-lui-en-camping-finistere-sud-salon-de-toilettage.webp\" alt=\"taking care of him while campingin south finistere grooming salon\" class=\"wp-image-17186\" srcset=\"https:\/\/www.le-cabellou-plage.com\/wp-content\/uploads\/2025\/02\/prendre-soin-de-lui-en-camping-finistere-sud-salon-de-toilettage.webp 688w, https:\/\/www.le-cabellou-plage.com\/wp-content\/uploads\/2025\/02\/prendre-soin-de-lui-en-camping-finistere-sud-salon-de-toilettage-300x279.webp 300w\" sizes=\"(max-width: 688px) 100vw, 688px\" \/><\/figure>\n<\/div>\n\n\n\n<div class=\"wp-block-column is-vertically-aligned-center is-layout-flow wp-block-column-is-layout-flow\" style=\"padding-right:2rem;padding-left:2rem;flex-basis:60%\">\n<div class=\"wp-block-group gt-no-padding-mobile is-layout-flow wp-block-group-is-layout-flow\" style=\"padding-right:15rem;padding-left:10rem\">\n<h2 class=\"wp-block-heading has-base-2-color has-text-color has-link-color wp-elements-67960e5b50b8e6b453641b4dd58a205a\" style=\"margin-bottom:var(--wp--preset--spacing--30)\"><strong>Taking care of him<\/strong><br\/>South finist\u00e8re campsite<\/h2>\n\n\n\n<p>Because <strong>your dog also likes to be pampered,<\/strong> several grooming salons welcome them in <strong>Concarneau<\/strong>.<\/p>\n\n\n\n<p>Is your pet&#8217;s health your priority? A veterinary practice is just a few steps from <strong>your South Finist\u00e8re campsite<\/strong>, on Avenue du Cabellou. <\/p>\n\n\n\n<p>For his well-being and that of others, <strong>you will be asked for his up-to-date vaccination record, including rabies, on arrival.<\/strong><\/p>\n<\/div>\n<\/div>\n<\/div>\n<\/section>\n\n<section class=\"wp-block-group page-maillage has-custom-color-2-background-color has-background has-global-padding is-layout-constrained wp-block-group-is-layout-constrained\" style=\"margin-top:0;margin-bottom:0;padding-top:var(--wp--preset--spacing--40);padding-bottom:var(--wp--preset--spacing--40)\">\n<div class=\"wp-block-group h1-like is-layout-flow wp-block-group-is-layout-flow\" style=\"margin-bottom:var(--wp--preset--spacing--50)\">\n<p class=\"has-bodidota-font-family\" style=\"font-size:clamp(47.79px, 2.987rem + ((1vw - 3.2px) * 3.916), 94px);line-height:0.8\">Come and discover<\/p>\n\n\n\n<p class=\"has-custom-color-3-color has-text-color has-link-color has-north-wave-font-family wp-elements-9d4f96155c275bfd27938d7045235bbc\" style=\"padding-left:var(--wp--preset--spacing--60);font-size:clamp(52.125px, 3.258rem + ((1vw - 3.2px) * 4.481), 105px);line-height:0.1\">Brittany<\/p>\n<\/div>\n\n\n\n<div class=\"wp-block-query is-layout-flow wp-block-query-is-layout-flow\"><ul class=\"columns-3 wp-block-post-template has-medium-font-size is-layout-grid wp-container-core-post-template-is-layout-572542b5 wp-block-post-template-is-layout-grid\"><li class=\"wp-block-post post-20851 page type-page status-publish has-post-thumbnail hentry\">\n\n<figure class=\"wp-block-image maillage-img\"><img decoding=\"async\" src=\"https:\/\/www.le-cabellou-plage.com\/wp-content\/uploads\/2025\/01\/camping-concarneau-tout-confort-resort-5-etoiles-le-cabellou-plage-cta.webp\" alt=\"campsite concarneau all comfort resort 5 stars le cabellou plage\"\/><\/figure>\n\n\n\n<div class=\"wp-block-group content-maillage has-global-padding is-layout-constrained wp-block-group-is-layout-constrained\">\n<p class=\"maillage-title has-base-2-color has-text-color has-link-color has-josefin-sans-font-family wp-elements-939842b9118177581784f7034ceeec07\" style=\"border-style:none;border-width:0px;border-radius:0px;font-size:clamp(0.875rem, 0.875rem + ((1vw - 0.2rem) * 0.576), 1.3rem);letter-spacing:1px;text-transform:uppercase\">Campsite Concarneau All Comfort<\/p>\n<\/div>\n\n\n<a class=\"is-style-lien-cover wp-block-read-more\" href=\"https:\/\/www.le-cabellou-plage.com\/en\/campsite-concarneau-all-comfort\/\" target=\"_self\">Read more<span class=\"screen-reader-text\">: Campsite Concarneau All Comfort<\/span><\/a>\n<\/li><li class=\"wp-block-post post-20859 page type-page status-publish has-post-thumbnail hentry\">\n\n<figure class=\"wp-block-image maillage-img\"><img decoding=\"async\" src=\"https:\/\/www.le-cabellou-plage.com\/wp-content\/uploads\/2025\/01\/camping-finistere-sud-cabellou-plage-resort-5-etoiles-concarneau-cta.webp\" alt=\"campsite southern Finist\u00e8re cabellou plage resort 5 stars concarneau\"\/><\/figure>\n\n\n\n<div class=\"wp-block-group content-maillage has-global-padding is-layout-constrained wp-block-group-is-layout-constrained\">\n<p class=\"maillage-title has-base-2-color has-text-color has-link-color has-josefin-sans-font-family wp-elements-939842b9118177581784f7034ceeec07\" style=\"border-style:none;border-width:0px;border-radius:0px;font-size:clamp(0.875rem, 0.875rem + ((1vw - 0.2rem) * 0.576), 1.3rem);letter-spacing:1px;text-transform:uppercase\">Campsite southern Finist\u00e8re Cabellou Plage<\/p>\n<\/div>\n\n\n<a class=\"is-style-lien-cover wp-block-read-more\" href=\"https:\/\/www.le-cabellou-plage.com\/en\/campsite-southern-finistere-cabellou-plage\/\" target=\"_self\">Read more<span class=\"screen-reader-text\">: Campsite southern Finist\u00e8re Cabellou Plage<\/span><\/a>\n<\/li><li class=\"wp-block-post post-20834 page type-page status-publish has-post-thumbnail hentry\">\n\n<figure class=\"wp-block-image maillage-img\"><img decoding=\"async\" src=\"https:\/\/www.le-cabellou-plage.com\/wp-content\/uploads\/2025\/01\/camping-quimper-resort-5-etoiles-le-cabellou-plage-cta.webp\" alt=\"campsite quimper resort 5 stars le cabellou plage\"\/><\/figure>\n\n\n\n<div class=\"wp-block-group content-maillage has-global-padding is-layout-constrained wp-block-group-is-layout-constrained\">\n<p class=\"maillage-title has-base-2-color has-text-color has-link-color has-josefin-sans-font-family wp-elements-939842b9118177581784f7034ceeec07\" style=\"border-style:none;border-width:0px;border-radius:0px;font-size:clamp(0.875rem, 0.875rem + ((1vw - 0.2rem) * 0.576), 1.3rem);letter-spacing:1px;text-transform:uppercase\">Campsite Quimper<\/p>\n<\/div>\n\n\n<a class=\"is-style-lien-cover wp-block-read-more\" href=\"https:\/\/www.le-cabellou-plage.com\/en\/campsite-quimper\/\" target=\"_self\">Read more<span class=\"screen-reader-text\">: Campsite Quimper<\/span><\/a>\n<\/li><\/ul><\/div>\n<\/section>\n","protected":false},"excerpt":{"rendered":"<p>Camping South Finist\u00e8re with your dog Camping in southern Finist\u00e8re with your dog Your pets are welcome at Camping Finist\u00e8re Sud au Cabellou plage in Concarneau. You&#8217;ll find everything you need to enjoy your vacation with your faithful companion! A shower is available in the sanitary block for rinsing your dog, and bags are available [&hellip;]<\/p>\n","protected":false},"author":1,"featured_media":16467,"parent":0,"menu_order":0,"comment_status":"closed","ping_status":"closed","template":"","meta":{"_acf_changed":false,"_seopress_robots_primary_cat":"","_seopress_titles_title":"Campsite South Brittany with your dog Le Cabellou plage 5 stars at Concarneau","_seopress_titles_desc":"Camping in Southern Brittany with your dog. It's possible at Le Cabellou Plage 5-star Flower campings at the Belle Etoile beach in Concarneau.","_seopress_robots_index":"","inline_featured_image":false,"gt_fse_maillage_image":"https:\/\/www.le-cabellou-plage.com\/wp-content\/uploads\/2025\/01\/camping-bretagne-sud-chien-resort-5-etoiles-le-cabellou-plage-concarneau-cta.webp","gt_fse_maillage_titre":"Campsite South Brittany dog","gt_fse_maillage_alt":"campsite south bretagne sud dog resort 5 stars le cabellou plage concarneau","gt_fse_maillage_resume":"","footnotes":""},"categories":[],"tags":[],"class_list":["post-20830","page","type-page","status-publish","has-post-thumbnail","hentry"],"acf":[],"_links":{"self":[{"href":"https:\/\/www.le-cabellou-plage.com\/en\/wp-json\/wp\/v2\/pages\/20830","targetHints":{"allow":["GET"]}}],"collection":[{"href":"https:\/\/www.le-cabellou-plage.com\/en\/wp-json\/wp\/v2\/pages"}],"about":[{"href":"https:\/\/www.le-cabellou-plage.com\/en\/wp-json\/wp\/v2\/types\/page"}],"author":[{"embeddable":true,"href":"https:\/\/www.le-cabellou-plage.com\/en\/wp-json\/wp\/v2\/users\/1"}],"replies":[{"embeddable":true,"href":"https:\/\/www.le-cabellou-plage.com\/en\/wp-json\/wp\/v2\/comments?post=20830"}],"version-history":[{"count":5,"href":"https:\/\/www.le-cabellou-plage.com\/en\/wp-json\/wp\/v2\/pages\/20830\/revisions"}],"predecessor-version":[{"id":23159,"href":"https:\/\/www.le-cabellou-plage.com\/en\/wp-json\/wp\/v2\/pages\/20830\/revisions\/23159"}],"wp:featuredmedia":[{"embeddable":true,"href":"https:\/\/www.le-cabellou-plage.com\/en\/wp-json\/wp\/v2\/media\/16467"}],"wp:attachment":[{"href":"https:\/\/www.le-cabellou-plage.com\/en\/wp-json\/wp\/v2\/media?parent=20830"}],"wp:term":[{"taxonomy":"category","embeddable":true,"href":"https:\/\/www.le-cabellou-plage.com\/en\/wp-json\/wp\/v2\/categories?post=20830"},{"taxonomy":"post_tag","embeddable":true,"href":"https:\/\/www.le-cabellou-plage.com\/en\/wp-json\/wp\/v2\/tags?post=20830"}],"curies":[{"name":"wp","href":"https:\/\/api.w.org\/{rel}","templated":true}]}}