{"id":21139,"date":"2025-01-03T09:45:27","date_gmt":"2025-01-03T08:45:27","guid":{"rendered":"https:\/\/www.le-cabellou-plage.com\/bar-restaurant-snack-concarneau\/"},"modified":"2025-03-05T16:28:45","modified_gmt":"2025-03-05T15:28:45","slug":"bar-restaurant-imbiss-concarneau","status":"publish","type":"page","link":"https:\/\/www.le-cabellou-plage.com\/de\/bar-restaurant-imbiss-concarneau\/","title":{"rendered":"Restauration"},"content":{"rendered":"\n<section class=\"wp-block-group home-intro page-one has-custom-color-2-background-color has-background is-layout-flow wp-block-group-is-layout-flow\" style=\"padding-top:var(--wp--preset--spacing--40);padding-bottom:var(--wp--preset--spacing--30)\">\n<div class=\"wp-block-columns is-layout-flex wp-container-core-columns-is-layout-b0eedf20 wp-block-columns-is-layout-flex\" style=\"margin-top:1rem;margin-bottom:0\">\n<div class=\"wp-block-column is-layout-flow wp-block-column-is-layout-flow\" style=\"padding-right:2rem;padding-left:2rem;flex-basis:60%\">\n<div class=\"wp-block-group gt-no-padding-mobile is-layout-flow wp-block-group-is-layout-flow\" style=\"padding-right:10rem;padding-left:15rem\">\n<h1 class=\"wp-block-heading\"><strong>Restaurant und Snack K&#8217;Bel<\/strong> <br\/>in Concarneau<\/h1>\n\n\n\n<p>Auf dem <strong>Campingplatz Resort Le Cabellou Plage<\/strong> werden Sie die ruhige Umgebung und die entspannte Atmosph\u00e4re des <strong>Restaurants<\/strong> und der <strong>Bar am Rande des Wasserparks<\/strong> genie\u00dfen. Genie\u00dfen Sie es, mit Ihren Lieben zusammen zu sein und verbringen Sie einen magischen Moment bei einem <strong>Cocktail<\/strong> oder einem <strong>guten Essen<\/strong>. Es gibt eine gro\u00dfe Auswahl an <strong>lokalen Getr\u00e4nken<\/strong> und <strong>Gerichten des K\u00fcchenchefs<\/strong>.  <\/p>\n\n\n\n<h2 class=\"wp-block-heading\" style=\"padding-top:var(--wp--preset--spacing--30);text-transform:uppercase\"><strong>K\u00f6stlichkeiten im Bar-Restaurant<\/strong> <br\/>Le K&#8217;Bel in der Bretagne<\/h2>\n\n\n\n<p>Machen Sie es sich auf der <strong>Terrasse des Restaurants<\/strong> gem\u00fctlich und genie\u00dfen Sie die herrliche Aussicht auf den <a href=\"https:\/\/www.le-cabellou-plage.com\/de\/campingplatz-wasserpark-bretagne\/\">Wasserpark Blue Cara\u00efbes<\/a> und seine \u00fcppige Vegetation. Mittags und abends sind die Tische w\u00e4hrend der gesamten \u00d6ffnungszeiten gedeckt. <\/p>\n\n\n\n<p>Auf der <strong>Speisekarte des K\u00fcchenchefs<\/strong> finden Sie eine Auswahl an sch\u00f6nen gemischten Salaten, Fleisch- und Fischgerichten von hoher Qualit\u00e4t. Entdecken Sie auch unsere verbesserten Klassiker mit sch\u00f6nen Burgern und reichhaltigen Pizzas. <\/p>\n\n\n\n<p>Lassen Sie sich schlie\u00dflich zu einem leckeren <strong>Dessert<\/strong> verf\u00fchren. Sie haben die Wahl zwischen einem riesigen Eisbecher (Cabellou ist der Favorit!) oder einem <strong>gro\u00dfz\u00fcgigen Dessert<\/strong> wie hausgemachter bretonischer Kuchen, Schokoladenfondant, Caf\u00e9 gourmand, Cr\u00e8me br\u00fbl\u00e9e&#8230;. <\/p>\n<\/div>\n<\/div>\n\n\n\n<div class=\"wp-block-column animated fadeIn delay-100ms slow is-layout-flow wp-block-column-is-layout-flow\" style=\"padding-top:0em;flex-basis:40%\">\n<div data-swiper=\"{&quot;speed&quot;:400,&quot;spaceBetween&quot;:16,&quot;slidesPerView&quot;:1,&quot;createElements&quot;:true,&quot;loop&quot;:true,&quot;freemode&quot;:true,&quot;pagination&quot;:{&quot;el&quot;:&quot;.swiper-pagination&quot;,&quot;dynamicBullets&quot;:false},&quot;breakpoints&quot;:{&quot;0&quot;:{&quot;slidesPerView&quot;:1},&quot;380&quot;:[],&quot;1024&quot;:[]},&quot;effect&quot;:&quot;fade&quot;}\" class=\"wp-block-group gt-is-slider gt-is-slider-desktop has-global-padding is-layout-constrained wp-block-group-is-layout-constrained\">\n<figure class=\"wp-block-image size-full\"><img decoding=\"async\" width=\"686\" height=\"660\" src=\"https:\/\/www.le-cabellou-plage.com\/wp-content\/uploads\/2025\/01\/terrasse-du-restaurant-et-snack-k-bel.webp\" alt=\"Terrasse des Restaurants und Snacks k bel\" class=\"wp-image-13438\" srcset=\"https:\/\/www.le-cabellou-plage.com\/wp-content\/uploads\/2025\/01\/terrasse-du-restaurant-et-snack-k-bel.webp 686w, https:\/\/www.le-cabellou-plage.com\/wp-content\/uploads\/2025\/01\/terrasse-du-restaurant-et-snack-k-bel-300x289.webp 300w\" sizes=\"(max-width: 686px) 100vw, 686px\" \/><\/figure>\n\n\n\n<figure class=\"wp-block-image size-full\"><img decoding=\"async\" width=\"686\" height=\"660\" src=\"https:\/\/www.le-cabellou-plage.com\/wp-content\/uploads\/2025\/03\/delices-au-bar-restaurant-le-k-bel-a-concarneau-en-bretagne-le-cabellou-plage.webp\" alt=\"delices im bar-restaurant le k bel in concarneau in der bretagne le cabellou plage\" class=\"wp-image-20724\" srcset=\"https:\/\/www.le-cabellou-plage.com\/wp-content\/uploads\/2025\/03\/delices-au-bar-restaurant-le-k-bel-a-concarneau-en-bretagne-le-cabellou-plage.webp 686w, https:\/\/www.le-cabellou-plage.com\/wp-content\/uploads\/2025\/03\/delices-au-bar-restaurant-le-k-bel-a-concarneau-en-bretagne-le-cabellou-plage-300x289.webp 300w\" sizes=\"(max-width: 686px) 100vw, 686px\" \/><\/figure>\n\n\n\n<figure class=\"wp-block-image size-full\"><img decoding=\"async\" width=\"686\" height=\"660\" src=\"https:\/\/www.le-cabellou-plage.com\/wp-content\/uploads\/2025\/01\/copieuses-pizzas-du-chef.webp\" alt=\"Reichhaltige Pizzas vom Chefkoch\" class=\"wp-image-13446\" srcset=\"https:\/\/www.le-cabellou-plage.com\/wp-content\/uploads\/2025\/01\/copieuses-pizzas-du-chef.webp 686w, https:\/\/www.le-cabellou-plage.com\/wp-content\/uploads\/2025\/01\/copieuses-pizzas-du-chef-300x289.webp 300w\" sizes=\"(max-width: 686px) 100vw, 686px\" \/><\/figure>\n<\/div>\n<\/div>\n<\/div>\n<\/section>\n\n<section id=\"bar-a-cocktails\" class=\"wp-block-group home-third page-two has-custom-color-2-background-color has-background is-layout-flow wp-block-group-is-layout-flow\" style=\"margin-top:0;padding-bottom:var(--wp--preset--spacing--40)\">\n<div data-swiper=\"{&quot;speed&quot;:1000,&quot;autoplay&quot;:{&quot;delay&quot;:5000,&quot;disableOnInteraction&quot;:false},&quot;spaceBetween&quot;:0,&quot;slidesPerView&quot;:1,&quot;pagination&quot;:{&quot;el&quot;:&quot;.swiper-pagination&quot;,&quot;dynamicBullets&quot;:true,&quot;clickable&quot;:true,&quot;type&quot;:&quot;bullets&quot;},&quot;navigation&quot;:{&quot;nextEl&quot;:&quot;.swiper-button-next&quot;,&quot;prevEl&quot;:&quot;.swiper-button-prev&quot;},&quot;breakpoints&quot;:[{&quot;slidesPerView&quot;:1}]}\" class=\"wp-block-cover has-parallax has-custom-content-position is-position-bottom-right\" style=\"min-height:825px;aspect-ratio:unset;\"><span aria-hidden=\"true\" class=\"wp-block-cover__background has-contrast-background-color has-background-dim-30 has-background-dim\"><\/span><div role=\"img\" aria-label=\"bar a cocktails et bieres locales\" class=\"wp-block-cover__image-background wp-image-13450 has-parallax\" style=\"background-position:50% 50%;background-image:url(https:\/\/www.le-cabellou-plage.com\/wp-content\/uploads\/2025\/01\/bar-a-cocktails-et-bieres-locales.webp)\"><\/div><div class=\"wp-block-cover__inner-container has-global-padding is-layout-constrained wp-block-cover-is-layout-constrained\">\n<p class=\"has-text-align-center has-base-2-color has-text-color has-link-color has-bodidota-font-family wp-elements-b46306a828831eb3fb6acf043e695976\" style=\"padding-right:35rem;padding-bottom:var(--wp--preset--spacing--40);font-size:clamp(39.963px, 2.498rem + ((1vw - 3.2px) * 2.969), 75px);text-transform:uppercase\"><strong>Hausgemachte Cocktails<\/strong><\/p>\n<\/div><\/div>\n\n\n\n<div class=\"wp-block-columns is-layout-flex wp-container-core-columns-is-layout-b674b79b wp-block-columns-is-layout-flex\" style=\"padding-top:var(--wp--preset--spacing--10);padding-right:var(--wp--preset--spacing--50);padding-bottom:var(--wp--preset--spacing--10);padding-left:var(--wp--preset--spacing--50)\">\n<div class=\"wp-block-column left is-layout-flow wp-block-column-is-layout-flow\" style=\"flex-basis:40%\">\n<div class=\"wp-block-group gt-no-padding-mobile is-layout-flow wp-block-group-is-layout-flow\" style=\"padding-right:2rem;padding-left:2rem\">\n<p class=\"has-custom-color-3-color has-text-color has-link-color has-josefin-sans-font-family has-small-font-size wp-elements-e16935f598cf0c157d68ccbe10a3357a\" style=\"margin-bottom:var(--wp--preset--spacing--30);letter-spacing:3px;line-height:1.5;text-transform:uppercase\">Geschmackserlebnis<\/p>\n\n\n\n<div class=\"wp-block-group h1-like is-layout-flow wp-block-group-is-layout-flow\">\n<p class=\"has-bodidota-font-family\" style=\"font-size:clamp(47.79px, 2.987rem + ((1vw - 3.2px) * 3.916), 94px);line-height:0.8\">Einen Mojito genie\u00dfen<\/p>\n\n\n\n<p class=\"has-custom-color-3-color has-text-color has-link-color has-north-wave-font-family wp-elements-b25733396e36865514318b0c84020b6d\" style=\"padding-left:var(--wp--preset--spacing--40);font-size:clamp(52.125px, 3.258rem + ((1vw - 3.2px) * 4.481), 105px);line-height:0.1\">breton<\/p>\n<\/div>\n<\/div>\n<\/div>\n\n\n\n<div class=\"wp-block-column right is-layout-flow wp-block-column-is-layout-flow\" style=\"padding-top:var(--wp--preset--spacing--40);flex-basis:60%\">\n<div class=\"wp-block-group gt-no-padding-mobile is-layout-flow wp-block-group-is-layout-flow\" style=\"padding-right:15rem;padding-left:10rem\">\n<h2 class=\"wp-block-heading\" style=\"margin-bottom:var(--wp--preset--spacing--30)\"><strong>Cocktailbar<\/strong> und lokale Biere<\/h2>\n\n\n\n<p>Unsere Barkeeper und Barmaids mixen <strong> hausgemachte Cocktails mit oder ohne Alkohol<\/strong> f\u00fcr Ihr <strong>Geschmackserlebnis<\/strong>. F\u00fcr <strong>Bierliebhaber<\/strong> bieten wir <strong>lokale Biere<\/strong> aus der <strong>Brasserie de Bretagne<\/strong> in <a href=\"https:\/\/www.le-cabellou-plage.com\/de\/concarneau-tourismus\/\">Concarneau<\/a> an: Saint-Erwann, Britt blond oder wei\u00df. Es gibt auch viele andere klassische Getr\u00e4nke f\u00fcr Kinder und Erwachsene.  <\/p>\n\n\n\n<p>Genie\u00dfen Sie diese <strong>magischen Momente zu zweit<\/strong> oder mit der Familie, um <strong>einen bretonischen Mojito<\/strong> in einer <strong>angenehmen und entspannten Umgebung<\/strong> zu genie\u00dfen.<\/p>\n<\/div>\n<\/div>\n<\/div>\n<\/section>\n\n<section class=\"wp-block-group home-second page-third has-custom-color-2-background-color has-background is-layout-flow wp-block-group-is-layout-flow\" style=\"margin-top:0;padding-bottom:var(--wp--preset--spacing--40)\">\n<div class=\"wp-block-columns gt-reverse-mobile is-layout-flex wp-container-core-columns-is-layout-28f84493 wp-block-columns-is-layout-flex\">\n<div class=\"wp-block-column left animated fadeIn delay-100ms slow is-layout-flow wp-block-column-is-layout-flow\">\n<div data-swiper=\"{&quot;speed&quot;:400,&quot;spaceBetween&quot;:30,&quot;slidesPerView&quot;:1,&quot;createElements&quot;:true,&quot;loop&quot;:true,&quot;breakpoints&quot;:{&quot;0&quot;:{&quot;slidesPerView&quot;:1},&quot;380&quot;:[]},&quot;pagination&quot;:false,&quot;effect&quot;:&quot;fade&quot;}\" class=\"wp-block-group gt-is-slider gt-is-slider-desktop is-layout-flow wp-block-group-is-layout-flow\">\n<div class=\"wp-block-group is-layout-flow wp-block-group-is-layout-flow\">\n<figure class=\"wp-block-image size-full\"><img decoding=\"async\" width=\"760\" height=\"479\" src=\"https:\/\/www.le-cabellou-plage.com\/wp-content\/uploads\/2025\/01\/snack-petits-plaisirs-a-emporter.webp\" alt=\"Snack &quot;petits plaisirs&quot; zum Mitnehmen\" class=\"wp-image-13454\" srcset=\"https:\/\/www.le-cabellou-plage.com\/wp-content\/uploads\/2025\/01\/snack-petits-plaisirs-a-emporter.webp 760w, https:\/\/www.le-cabellou-plage.com\/wp-content\/uploads\/2025\/01\/snack-petits-plaisirs-a-emporter-300x189.webp 300w\" sizes=\"(max-width: 760px) 100vw, 760px\" \/><\/figure>\n<\/div>\n\n\n\n<div class=\"wp-block-group is-layout-flow wp-block-group-is-layout-flow\">\n<figure class=\"wp-block-image size-full\"><img decoding=\"async\" width=\"760\" height=\"479\" src=\"https:\/\/www.le-cabellou-plage.com\/wp-content\/uploads\/2025\/01\/burgers-gourmands.webp\" alt=\"Gourmet-Burger\" class=\"wp-image-13459\" srcset=\"https:\/\/www.le-cabellou-plage.com\/wp-content\/uploads\/2025\/01\/burgers-gourmands.webp 760w, https:\/\/www.le-cabellou-plage.com\/wp-content\/uploads\/2025\/01\/burgers-gourmands-300x189.webp 300w\" sizes=\"(max-width: 760px) 100vw, 760px\" \/><\/figure>\n<\/div>\n\n\n\n<div class=\"wp-block-group is-layout-flow wp-block-group-is-layout-flow\">\n<figure class=\"wp-block-image size-full\"><img decoding=\"async\" width=\"760\" height=\"479\" src=\"https:\/\/www.le-cabellou-plage.com\/wp-content\/uploads\/2025\/01\/coucher-de-soleil-sur-la-plage-de-la-belle-etoile.webp\" alt=\"Sonnenuntergang am Strand von La Belle Etoile\" class=\"wp-image-13463\" srcset=\"https:\/\/www.le-cabellou-plage.com\/wp-content\/uploads\/2025\/01\/coucher-de-soleil-sur-la-plage-de-la-belle-etoile.webp 760w, https:\/\/www.le-cabellou-plage.com\/wp-content\/uploads\/2025\/01\/coucher-de-soleil-sur-la-plage-de-la-belle-etoile-300x189.webp 300w\" sizes=\"(max-width: 760px) 100vw, 760px\" \/><\/figure>\n<\/div>\n<\/div>\n<\/div>\n\n\n\n<div class=\"wp-block-column is-vertically-aligned-top right is-layout-flow wp-block-column-is-layout-flow\" style=\"padding-top:2rem;padding-right:6rem;padding-left:var(--wp--preset--spacing--20)\">\n<div class=\"wp-block-group gt-no-padding-mobile has-global-padding is-layout-constrained wp-container-core-group-is-layout-d2a9254a wp-block-group-is-layout-constrained\" style=\"padding-right:var(--wp--preset--spacing--60);padding-left:0\">\n<h2 class=\"wp-block-heading\"><strong>Snack<\/strong>: kleine K\u00f6stlichkeiten zum Mitnehmen<\/h2>\n\n\n\n<p><strong>Das Team des K\u00fcchenchefs<\/strong> unseres <strong>5-Sterne-Campingplatzes<\/strong> in der <a href=\"https:\/\/www.le-cabellou-plage.com\/de\/tourismus-bretagne-sued\/\">Bretagne<\/a> bietet Ihnen ein hochwertiges <strong>Snackangebot<\/strong>: eine gro\u00dfe Auswahl an leckeren Burgern und gro\u00dfz\u00fcgigen Pizzen. Es ist eine Freude, etwas zum <strong>Mitnehmen zu bestellen,<\/strong> um zum Mittag- oder Abendessen an die K\u00fcste zu fahren und einen <strong>herrlichen Sonnenuntergang<\/strong> am <a href=\"https:\/\/www.le-cabellou-plage.com\/de\/camping-am-meer-bretagne\/\">Strand von La Belle \u00c9toile<\/a> oder am Fort du Cabellou zu genie\u00dfen. Genie\u00dfen Sie Ihren Urlaub, vergessen Sie die K\u00fcche und nehmen Sie sich die Zeit, die <strong>unvergesslichen Landschaften<\/strong> zu betrachten!  <\/p>\n<\/div>\n\n\n\n<div class=\"wp-block-group bubbles is-nowrap is-layout-flex wp-container-core-group-is-layout-17c695da wp-block-group-is-layout-flex\">\n<div class=\"wp-block-group bubble is-layout-flow wp-block-group-is-layout-flow\">\n<figure class=\"wp-block-image size-full is-resized has-custom-border is-style-rounded animated fadeIn delay-3s is-style-rounded--1\"><img decoding=\"async\" width=\"760\" height=\"479\" src=\"https:\/\/www.le-cabellou-plage.com\/wp-content\/uploads\/2025\/01\/snack-petits-plaisirs-a-emporter.webp\" alt=\"Snack &quot;petits plaisirs&quot; zum Mitnehmen\" class=\"wp-image-13454\" style=\"border-style:none;border-width:0px;border-radius:100%;object-fit:cover;width:90px;height:90px\" srcset=\"https:\/\/www.le-cabellou-plage.com\/wp-content\/uploads\/2025\/01\/snack-petits-plaisirs-a-emporter.webp 760w, https:\/\/www.le-cabellou-plage.com\/wp-content\/uploads\/2025\/01\/snack-petits-plaisirs-a-emporter-300x189.webp 300w\" sizes=\"(max-width: 760px) 100vw, 760px\" \/><\/figure>\n<\/div>\n\n\n\n<div class=\"wp-block-group bubble is-layout-flow wp-block-group-is-layout-flow\">\n<figure class=\"wp-block-image size-full is-resized has-custom-border is-style-rounded animated fadeIn delay-2s is-style-rounded--2\"><img decoding=\"async\" width=\"760\" height=\"479\" src=\"https:\/\/www.le-cabellou-plage.com\/wp-content\/uploads\/2025\/01\/burgers-gourmands.webp\" alt=\"Gourmet-Burger\" class=\"wp-image-13459\" style=\"border-style:none;border-width:0px;border-radius:100%;object-fit:cover;width:90px;height:90px\" srcset=\"https:\/\/www.le-cabellou-plage.com\/wp-content\/uploads\/2025\/01\/burgers-gourmands.webp 760w, https:\/\/www.le-cabellou-plage.com\/wp-content\/uploads\/2025\/01\/burgers-gourmands-300x189.webp 300w\" sizes=\"(max-width: 760px) 100vw, 760px\" \/><\/figure>\n<\/div>\n\n\n\n<div class=\"wp-block-group bubble is-layout-flow wp-block-group-is-layout-flow\">\n<figure class=\"wp-block-image size-full is-resized has-custom-border is-style-rounded animated fadeIn delay-1s is-style-rounded--3\"><img decoding=\"async\" width=\"760\" height=\"479\" src=\"https:\/\/www.le-cabellou-plage.com\/wp-content\/uploads\/2025\/01\/coucher-de-soleil-sur-la-plage-de-la-belle-etoile.webp\" alt=\"Sonnenuntergang am Strand von La Belle Etoile\" class=\"wp-image-13463\" style=\"border-style:none;border-width:0px;border-radius:100%;object-fit:cover;width:90px;height:90px\" srcset=\"https:\/\/www.le-cabellou-plage.com\/wp-content\/uploads\/2025\/01\/coucher-de-soleil-sur-la-plage-de-la-belle-etoile.webp 760w, https:\/\/www.le-cabellou-plage.com\/wp-content\/uploads\/2025\/01\/coucher-de-soleil-sur-la-plage-de-la-belle-etoile-300x189.webp 300w\" sizes=\"(max-width: 760px) 100vw, 760px\" \/><\/figure>\n<\/div>\n<\/div>\n<\/div>\n<\/div>\n<\/section>\n\n<section class=\"wp-block-group page-fourth has-custom-color-3-background-color has-background is-layout-flow wp-block-group-is-layout-flow\" style=\"margin-top:0;padding-top:var(--wp--preset--spacing--30);padding-bottom:3rem\">\n<div class=\"wp-block-columns is-layout-flex wp-container-core-columns-is-layout-28f84493 wp-block-columns-is-layout-flex\">\n<div class=\"wp-block-column is-layout-flow wp-block-column-is-layout-flow\" style=\"flex-basis:40%\">\n<figure class=\"wp-block-image size-full animated fadeIn delay-100ms slow\"><img decoding=\"async\" width=\"688\" height=\"639\" src=\"https:\/\/www.le-cabellou-plage.com\/wp-content\/uploads\/2025\/01\/moules-frites-repas-a-themes-en-bretagne.webp\" alt=\"Miesmuscheln mit Pommes frites Themenessen in der Bretagne\" class=\"wp-image-13467\" srcset=\"https:\/\/www.le-cabellou-plage.com\/wp-content\/uploads\/2025\/01\/moules-frites-repas-a-themes-en-bretagne.webp 688w, https:\/\/www.le-cabellou-plage.com\/wp-content\/uploads\/2025\/01\/moules-frites-repas-a-themes-en-bretagne-300x279.webp 300w\" sizes=\"(max-width: 688px) 100vw, 688px\" \/><\/figure>\n<\/div>\n\n\n\n<div class=\"wp-block-column is-vertically-aligned-center is-layout-flow wp-block-column-is-layout-flow\" style=\"padding-right:2rem;padding-left:2rem;flex-basis:60%\">\n<div class=\"wp-block-group gt-no-padding-mobile is-layout-flow wp-block-group-is-layout-flow\" style=\"padding-right:15rem;padding-left:10rem\">\n<h2 class=\"wp-block-heading has-base-2-color has-text-color has-link-color wp-elements-4a8ae0d2113e68c70512dbd2cb24a215\" style=\"margin-bottom:var(--wp--preset--spacing--30)\"><strong>Thematische Essen<\/strong> in der Bretagne<\/h2>\n\n\n\n<p>Um Ihnen das Wasser im Mund zusammenlaufen zu lassen&#8230; Auf unserem <a href=\"https:\/\/www.le-cabellou-plage.com\/de\/\">5-Sterne-Campingplatz in Concarneau<\/a> bietet der K\u00fcchenchef w\u00e4hrend der <strong>Schulferien<\/strong> <strong>Themenessen<\/strong> an.<\/p>\n\n\n\n<p>Was k\u00f6nnte lokaler sein als ein <strong>Abend mit Muscheln und Pommes frites<\/strong> vor dem <strong>Wasserpark Blue Cara\u00efbes<\/strong>? Ein wahrer Genuss mit Moules de Bouchot von Les Viviers de La For\u00eat. <\/p>\n\n\n\n<p>Genie\u00dfen Sie auch einen <strong>Paella-Abend<\/strong>, der vor Ort und vor Ihren Augen von unseren K\u00f6chen zubereitet wird. Wir haben auch andere <strong>Themenabende<\/strong> f\u00fcr Sie vorbereitet! <\/p>\n<\/div>\n<\/div>\n<\/div>\n<\/section>\n\n<section class=\"wp-block-group page-maillage has-custom-color-2-background-color has-background has-global-padding is-layout-constrained wp-block-group-is-layout-constrained\" style=\"margin-top:0;margin-bottom:0;padding-top:var(--wp--preset--spacing--40);padding-bottom:var(--wp--preset--spacing--40)\">\n<div class=\"wp-block-group h1-like is-layout-flow wp-block-group-is-layout-flow\" style=\"margin-bottom:var(--wp--preset--spacing--50)\">\n<p class=\"has-bodidota-font-family\" style=\"font-size:clamp(47.79px, 2.987rem + ((1vw - 3.2px) * 3.916), 94px);line-height:0.8\">Entdecken Sie<\/p>\n\n\n\n<p class=\"has-custom-color-3-color has-text-color has-link-color has-north-wave-font-family wp-elements-cbeac0a5bdf5c7b51f14d22fb4cd4bc9\" style=\"padding-left:var(--wp--preset--spacing--60);font-size:clamp(52.125px, 3.258rem + ((1vw - 3.2px) * 4.481), 105px);line-height:0.1\">unsereren Campingplatz<\/p>\n<\/div>\n\n\n\n<div class=\"wp-block-query is-layout-flow wp-block-query-is-layout-flow\"><ul class=\"columns-3 wp-block-post-template has-medium-font-size is-layout-grid wp-container-core-post-template-is-layout-572542b5 wp-block-post-template-is-layout-grid\"><li class=\"wp-block-post post-21148 page type-page status-publish has-post-thumbnail hentry\">\n\n<figure class=\"wp-block-image maillage-img\"><img decoding=\"async\" src=\"https:\/\/www.le-cabellou-plage.com\/wp-content\/uploads\/2025\/01\/camping-animations-bretagne-cta.webp\" alt=\"camping animationen bretagne\"\/><\/figure>\n\n\n\n<div class=\"wp-block-group content-maillage has-global-padding is-layout-constrained wp-block-group-is-layout-constrained\">\n<p class=\"maillage-title has-base-2-color has-text-color has-link-color has-josefin-sans-font-family wp-elements-939842b9118177581784f7034ceeec07\" style=\"border-style:none;border-width:0px;border-radius:0px;font-size:clamp(0.875rem, 0.875rem + ((1vw - 0.2rem) * 0.576), 1.3rem);letter-spacing:1px;text-transform:uppercase\">Aktivit\u00e4ten und Animationen<\/p>\n<\/div>\n\n\n<a class=\"is-style-lien-cover wp-block-read-more\" href=\"https:\/\/www.le-cabellou-plage.com\/de\/camping-animationen-bretagne\/\" target=\"_self\">Read more<span class=\"screen-reader-text\">: Animationen<\/span><\/a>\n<\/li><li class=\"wp-block-post post-21051 page type-page status-publish has-post-thumbnail hentry\">\n\n<figure class=\"wp-block-image maillage-img\"><img decoding=\"async\" src=\"https:\/\/www.le-cabellou-plage.com\/wp-content\/uploads\/2025\/03\/camping-parc-aquatique-bretagne-cabellou-plage-cta.webp\" alt=\"campingplatz wasserpark bretagne cabellou plage\"\/><\/figure>\n\n\n\n<div class=\"wp-block-group content-maillage has-global-padding is-layout-constrained wp-block-group-is-layout-constrained\">\n<p class=\"maillage-title has-base-2-color has-text-color has-link-color has-josefin-sans-font-family wp-elements-939842b9118177581784f7034ceeec07\" style=\"border-style:none;border-width:0px;border-radius:0px;font-size:clamp(0.875rem, 0.875rem + ((1vw - 0.2rem) * 0.576), 1.3rem);letter-spacing:1px;text-transform:uppercase\">Wasserpark<\/p>\n<\/div>\n\n\n<a class=\"is-style-lien-cover wp-block-read-more\" href=\"https:\/\/www.le-cabellou-plage.com\/de\/campingplatz-wasserpark-bretagne\/\" target=\"_self\">Read more<span class=\"screen-reader-text\">: Wasserpark<\/span><\/a>\n<\/li><li class=\"wp-block-post post-21153 page type-page status-publish has-post-thumbnail hentry\">\n\n<figure class=\"wp-block-image maillage-img\"><img decoding=\"async\" src=\"https:\/\/www.le-cabellou-plage.com\/wp-content\/uploads\/2025\/01\/camping-services-bretagne-cta.webp\" alt=\"campingplatz dienstleistungen bretagne\"\/><\/figure>\n\n\n\n<div class=\"wp-block-group content-maillage has-global-padding is-layout-constrained wp-block-group-is-layout-constrained\">\n<p class=\"maillage-title has-base-2-color has-text-color has-link-color has-josefin-sans-font-family wp-elements-939842b9118177581784f7034ceeec07\" style=\"border-style:none;border-width:0px;border-radius:0px;font-size:clamp(0.875rem, 0.875rem + ((1vw - 0.2rem) * 0.576), 1.3rem);letter-spacing:1px;text-transform:uppercase\">Dienstleistungen des Campingplatzes<\/p>\n<\/div>\n\n\n<a class=\"is-style-lien-cover wp-block-read-more\" href=\"https:\/\/www.le-cabellou-plage.com\/de\/campingplatz-dienstleistungen-bretagne\/\" target=\"_self\">Read more<span class=\"screen-reader-text\">: Dienste<\/span><\/a>\n<\/li><\/ul><\/div>\n<\/section>\n","protected":false},"excerpt":{"rendered":"<p>Restaurant und Snack K&#8217;Bel in Concarneau Auf dem Campingplatz Resort Le Cabellou Plage werden Sie die ruhige Umgebung und die entspannte Atmosph\u00e4re des Restaurants und der Bar am Rande des Wasserparks genie\u00dfen. Genie\u00dfen Sie es, mit Ihren Lieben zusammen zu sein und verbringen Sie einen magischen Moment bei einem Cocktail oder einem guten Essen. Es [&hellip;]<\/p>\n","protected":false},"author":1,"featured_media":13265,"parent":0,"menu_order":0,"comment_status":"closed","ping_status":"closed","template":"","meta":{"_acf_changed":false,"_seopress_robots_primary_cat":"","_seopress_titles_title":"Bar und Snack-Restaurant","_seopress_titles_desc":"Entspannen Sie sich am Wasser mit unseren Cocktails und bretonischen K\u00f6stlichkeiten. Genie\u00dfen Sie Themenessen und die K\u00fcche des K\u00fcchenchefs an der K\u00fcste. ","_seopress_robots_index":"","inline_featured_image":false,"gt_fse_maillage_image":"https:\/\/www.le-cabellou-plage.com\/wp-content\/uploads\/2025\/01\/bar-restaurant-snack-concarneau-cta.webp","gt_fse_maillage_titre":"Restaurant-Bar in der Bretagne","gt_fse_maillage_alt":"bar restaurant imbiss concarneau","gt_fse_maillage_resume":"","footnotes":""},"categories":[],"tags":[],"class_list":["post-21139","page","type-page","status-publish","has-post-thumbnail","hentry"],"acf":[],"_links":{"self":[{"href":"https:\/\/www.le-cabellou-plage.com\/de\/wp-json\/wp\/v2\/pages\/21139","targetHints":{"allow":["GET"]}}],"collection":[{"href":"https:\/\/www.le-cabellou-plage.com\/de\/wp-json\/wp\/v2\/pages"}],"about":[{"href":"https:\/\/www.le-cabellou-plage.com\/de\/wp-json\/wp\/v2\/types\/page"}],"author":[{"embeddable":true,"href":"https:\/\/www.le-cabellou-plage.com\/de\/wp-json\/wp\/v2\/users\/1"}],"replies":[{"embeddable":true,"href":"https:\/\/www.le-cabellou-plage.com\/de\/wp-json\/wp\/v2\/comments?post=21139"}],"version-history":[{"count":5,"href":"https:\/\/www.le-cabellou-plage.com\/de\/wp-json\/wp\/v2\/pages\/21139\/revisions"}],"predecessor-version":[{"id":22567,"href":"https:\/\/www.le-cabellou-plage.com\/de\/wp-json\/wp\/v2\/pages\/21139\/revisions\/22567"}],"wp:featuredmedia":[{"embeddable":true,"href":"https:\/\/www.le-cabellou-plage.com\/de\/wp-json\/wp\/v2\/media\/13265"}],"wp:attachment":[{"href":"https:\/\/www.le-cabellou-plage.com\/de\/wp-json\/wp\/v2\/media?parent=21139"}],"wp:term":[{"taxonomy":"category","embeddable":true,"href":"https:\/\/www.le-cabellou-plage.com\/de\/wp-json\/wp\/v2\/categories?post=21139"},{"taxonomy":"post_tag","embeddable":true,"href":"https:\/\/www.le-cabellou-plage.com\/de\/wp-json\/wp\/v2\/tags?post=21139"}],"curies":[{"name":"wp","href":"https:\/\/api.w.org\/{rel}","templated":true}]}}