{"id":20973,"date":"2025-01-16T15:29:06","date_gmt":"2025-01-16T14:29:06","guid":{"rendered":"https:\/\/www.le-cabellou-plage.com\/mentions-legales\/"},"modified":"2025-03-11T15:50:32","modified_gmt":"2025-03-11T14:50:32","slug":"impressum","status":"publish","type":"page","link":"https:\/\/www.le-cabellou-plage.com\/de\/impressum\/","title":{"rendered":"Rechtliche Hinweise"},"content":{"rendered":"\n<section class=\"wp-block-group has-custom-color-2-background-color has-background has-global-padding is-layout-constrained wp-container-core-group-is-layout-4edb602e wp-block-group-is-layout-constrained\" style=\"padding-top:var(--wp--preset--spacing--40);padding-right:0;padding-bottom:var(--wp--preset--spacing--50);padding-left:0\">\n<div class=\"wp-block-columns is-layout-flex wp-container-core-columns-is-layout-13212afc wp-block-columns-is-layout-flex\" style=\"margin-top:7rem;margin-bottom:0;padding-right:var(--wp--preset--spacing--40);padding-left:var(--wp--preset--spacing--40)\">\n<div class=\"wp-block-column is-layout-flow wp-block-column-is-layout-flow\">\n<h1 class=\"wp-block-heading\">Rechtliche Hinweise<\/h1>\n\n\n\n<h2 class=\"wp-block-heading\">Verantwortlich f\u00fcr die Website<\/h2>\n\n\n\n<p><strong>LE CABELLOU PLAGE<\/strong> (SASU) <br\/>89 AVENUE DU CABELLOU, 29900 CONCARNEAU <br\/>Tel. +33 (0)2 98 97 37 41 <br\/>Email: info@le-cabellou-plage.com <br\/>SIREN: 494118706 <br\/>Umsatzsteuer: FR93494118706 <br\/>Stammkapital: 532.000\u20ac <br\/>Verantwortlich f\u00fcr die Ver\u00f6ffentlichung: Pierre Chauvin <\/p>\n\n\n\n<h2 class=\"wp-block-heading\">REALISIERUNG<\/h2>\n\n\n\n<p><strong>GEEK TONIC<\/strong> <br\/>Vertreten durch Herrn Yohan Darmayan in seiner Eigenschaft als Gesch\u00e4ftsf\u00fchrer <br\/>Gesch\u00e4ftssitz: 50 AV. DU LAC MARION 64200 BIARRITZ <br\/>Tel.: 05 32 74 11 52 <br\/>E-mail: support@geek-tonic.com <br\/>Website <a href=\"https:\/\/www.geek-tonic.com\/\" target=\"_blank\" rel=\"noreferrer noopener\">www.geek-tonic.com<\/a> <br\/>SIRET: 89746755100015 <br\/>APE: 6201Z <\/p>\n\n\n\n<h2 class=\"wp-block-heading\">URHEBERRECHT UND COPYRIGHTS<\/h2>\n\n\n\n<p>Der gesamte Inhalt dieser Website unterliegt dem Urheberrecht sowie dem geistigen Eigentum der franz\u00f6sischen Gesetzgebung. Jede Vervielf\u00e4ltigung (einschlie\u00dflich Fotos, Icons und herunterladbarer Dokumente) ist ohne vorherige Zustimmung von GEEK TONIC untersagt. Die Vervielf\u00e4ltigung der gesamten oder eines Teils der Website in Papier- oder elektronischem Format auf einem elektronischen Datentr\u00e4ger ist verboten. GEEK TONIC \u00fcbernimmt keine Verantwortung f\u00fcr die Inhalte auf der Website. GEEK TONIC \u00fcbernimmt auch keine Verantwortung f\u00fcr externe Links, die auf diese Website verweisen.   <\/p>\n\n\n\n<h2 class=\"wp-block-heading\" id=\"m-t-6\">PERS\u00d6NLICHE DATEN UND NAMENTLICHE INFORMATIONEN<\/h2>\n\n\n\n<p>Sie haben ein Recht auf Zugang, \u00c4nderung, Berichtigung und L\u00f6schung der Sie betreffenden Daten gem\u00e4\u00df Artikel 34 des Gesetzes &#8220;Informatique et Libert\u00e9s&#8221; Nr. 78-17 vom 6. Januar 1978, ge\u00e4ndert am 6. August 2018. Um dieses Zugangsrecht auszu\u00fcben, k\u00f6nnen Sie eine einfache schriftliche Anfrage an den Herausgeber der Website richten. <\/p>\n\n\n\n<h2 class=\"wp-block-heading\">RECHTSGESETZE<\/h2>\n\n\n\n<p>Gem\u00e4\u00df dem Gesetz vom 11. M\u00e4rz 1957 (Art. 41) und dem Gesetzbuch \u00fcber geistiges Eigentum vom 1. Juli 1992 ist es verboten, einen Teil der Website ohne vorherige Genehmigung des Herausgebers der Website teilweise oder vollst\u00e4ndig zu reproduzieren. Die Logos, Bilder, Fotos, Videos, Grafiken und Texte sind Eigentum ihrer jeweiligen Besitzer. Diese Website kann ohne sein Wissen mit anderen Websites \u00fcber Hypermedia-Links verbunden sein. Der Herausgeber der Website lehnt jede Verantwortung f\u00fcr die Informationen auf diesen anderen Websites ab. Der Internetnutzer erkennt an, dass die Nutzung dieser Website dem franz\u00f6sischen Recht unterliegt.    <\/p>\n<\/div>\n<\/div>\n<\/section>\n","protected":false},"excerpt":{"rendered":"<p>Rechtliche Hinweise Verantwortlich f\u00fcr die Website LE CABELLOU PLAGE (SASU) 89 AVENUE DU CABELLOU, 29900 CONCARNEAU Tel. +33 (0)2 98 97 37 41 Email: info@le-cabellou-plage.com SIREN: 494118706 Umsatzsteuer: FR93494118706 Stammkapital: 532.000\u20ac Verantwortlich f\u00fcr die Ver\u00f6ffentlichung: Pierre Chauvin REALISIERUNG GEEK TONIC Vertreten durch Herrn Yohan Darmayan in seiner Eigenschaft als Gesch\u00e4ftsf\u00fchrer Gesch\u00e4ftssitz: 50 AV. DU LAC [&hellip;]<\/p>\n","protected":false},"author":1,"featured_media":16667,"parent":0,"menu_order":0,"comment_status":"closed","ping_status":"closed","template":"","meta":{"_acf_changed":false,"_seopress_robots_primary_cat":"","_seopress_titles_title":"%%post_title%% %%sep%% %%sitetitle%%","_seopress_titles_desc":"Lesen Sie unsere rechtlichen Hinweise und erfahren Sie, wie wir Ihre Daten sch\u00fctzen und Ihre geistigen Eigentumsrechte respektieren.","_seopress_robots_index":"yes","inline_featured_image":false,"gt_fse_maillage_image":"https:\/\/www.le-cabellou-plage.com\/wp-content\/uploads\/2025\/01\/mentions-legales-camping-resort-5-etoiles-cabellou-plage-concarneau-cta.webp","gt_fse_maillage_titre":"Rechtliche Hinweise","gt_fse_maillage_alt":"Impressum 5-Sterne-Campingresort cabellou plage concarneau","gt_fse_maillage_resume":"","footnotes":""},"categories":[],"tags":[],"class_list":["post-20973","page","type-page","status-publish","has-post-thumbnail","hentry"],"acf":[],"_links":{"self":[{"href":"https:\/\/www.le-cabellou-plage.com\/de\/wp-json\/wp\/v2\/pages\/20973","targetHints":{"allow":["GET"]}}],"collection":[{"href":"https:\/\/www.le-cabellou-plage.com\/de\/wp-json\/wp\/v2\/pages"}],"about":[{"href":"https:\/\/www.le-cabellou-plage.com\/de\/wp-json\/wp\/v2\/types\/page"}],"author":[{"embeddable":true,"href":"https:\/\/www.le-cabellou-plage.com\/de\/wp-json\/wp\/v2\/users\/1"}],"replies":[{"embeddable":true,"href":"https:\/\/www.le-cabellou-plage.com\/de\/wp-json\/wp\/v2\/comments?post=20973"}],"version-history":[{"count":5,"href":"https:\/\/www.le-cabellou-plage.com\/de\/wp-json\/wp\/v2\/pages\/20973\/revisions"}],"predecessor-version":[{"id":25565,"href":"https:\/\/www.le-cabellou-plage.com\/de\/wp-json\/wp\/v2\/pages\/20973\/revisions\/25565"}],"wp:featuredmedia":[{"embeddable":true,"href":"https:\/\/www.le-cabellou-plage.com\/de\/wp-json\/wp\/v2\/media\/16667"}],"wp:attachment":[{"href":"https:\/\/www.le-cabellou-plage.com\/de\/wp-json\/wp\/v2\/media?parent=20973"}],"wp:term":[{"taxonomy":"category","embeddable":true,"href":"https:\/\/www.le-cabellou-plage.com\/de\/wp-json\/wp\/v2\/categories?post=20973"},{"taxonomy":"post_tag","embeddable":true,"href":"https:\/\/www.le-cabellou-plage.com\/de\/wp-json\/wp\/v2\/tags?post=20973"}],"curies":[{"name":"wp","href":"https:\/\/api.w.org\/{rel}","templated":true}]}}