{"id":20903,"date":"2025-01-20T09:07:38","date_gmt":"2025-01-20T08:07:38","guid":{"rendered":"https:\/\/www.le-cabellou-plage.com\/pont-l-abbe\/"},"modified":"2025-03-04T11:41:42","modified_gmt":"2025-03-04T10:41:42","slug":"pont-l-abbe","status":"publish","type":"page","link":"https:\/\/www.le-cabellou-plage.com\/de\/pont-l-abbe\/","title":{"rendered":"Pont l&#8217;Abb\u00e9"},"content":{"rendered":"\n<section class=\"wp-block-group home-intro page-one has-custom-color-2-background-color has-background is-layout-flow wp-block-group-is-layout-flow\" style=\"padding-top:var(--wp--preset--spacing--40);padding-bottom:var(--wp--preset--spacing--30)\">\n<div class=\"wp-block-columns is-layout-flex wp-container-core-columns-is-layout-b0eedf20 wp-block-columns-is-layout-flex\" style=\"margin-top:1rem;margin-bottom:0\">\n<div class=\"wp-block-column is-layout-flow wp-block-column-is-layout-flow\" style=\"padding-right:2rem;padding-left:2rem;flex-basis:60%\">\n<div class=\"wp-block-group gt-no-padding-mobile is-layout-flow wp-block-group-is-layout-flow\" style=\"padding-right:10rem;padding-left:15rem\">\n<h1 class=\"wp-block-heading\">Campingplatz &#8211; <strong>Pont-L&#8217;Abb\u00e9<\/strong> &#8211; 35 Kms &#8211; S\u00fcd Finist\u00e8re<\/h1>\n\n\n\n<p>Hier sind wir in <strong>der Hauptstadt des Bigoudenlandes<\/strong>. <strong>Pont l&#8217;Abb\u00e9<\/strong> ist bekannt f\u00fcr sein <strong>Bigouden-Museum<\/strong>, sein atypisches Zentrum mit vielen <strong>Kunsthandwerksl\u00e4den<\/strong> und die Kopfbedeckungen der Bigoudenen!<\/p>\n\n\n\n<p>Pont-L&#8217;Abb\u00e9 liegt an der Kreuzung des <strong>Bigoudenlandes<\/strong> und ist eine ziemlich dynamische Kleinstadt mit <strong>viel Charme<\/strong>.<\/p>\n\n\n\n<p>Vom Mus\u00e9e Bigouden aus k\u00f6nnen Sie <strong>sch\u00f6ne Spazierg\u00e4nge<\/strong> zum Hafen von <strong>Loctudy<\/strong> machen. Diese Wanderung bietet Ihnen einen <strong>herrlichen Blick auf die \u00cele Chevalier<\/strong>, die Pont-L&#8217;Abb\u00e9 und die \u00cele Tudy trennt. <\/p>\n\n\n\n<p>Unser <strong>Familienbetrieb<\/strong> befindet sich 35 km von dieser Stadt entfernt. Dies macht es zu einem idealen Ziel f\u00fcr einen angenehmen Aufenthalt auf dem <a href=\"https:\/\/www.le-cabellou-plage.com\/de\/\">Campingplatz Concarneau<\/a> <strong>in der N\u00e4he von Pont l&#8217;Abb\u00e9<\/strong>. <\/p>\n<\/div>\n<\/div>\n\n\n\n<div class=\"wp-block-column animated fadeIn delay-100ms slow is-layout-flow wp-block-column-is-layout-flow\" style=\"padding-top:0em;flex-basis:40%\">\n<div data-swiper=\"{&quot;speed&quot;:400,&quot;spaceBetween&quot;:16,&quot;slidesPerView&quot;:1,&quot;createElements&quot;:true,&quot;loop&quot;:true,&quot;freemode&quot;:true,&quot;pagination&quot;:{&quot;el&quot;:&quot;.swiper-pagination&quot;,&quot;dynamicBullets&quot;:false},&quot;breakpoints&quot;:{&quot;0&quot;:{&quot;slidesPerView&quot;:1},&quot;380&quot;:[],&quot;1024&quot;:[]},&quot;navigation&quot;:false,&quot;effect&quot;:&quot;fade&quot;}\" class=\"wp-block-group gt-is-slider gt-is-slider-desktop has-global-padding is-layout-constrained wp-block-group-is-layout-constrained\">\n<figure class=\"wp-block-image size-full\"><img decoding=\"async\" width=\"686\" height=\"660\" src=\"https:\/\/www.le-cabellou-plage.com\/wp-content\/uploads\/2025\/01\/pont-l-abbe-la-capitale-du-pays-bigouden-1.webp\" alt=\"Pont l'Abbe die Hauptstadt des Pays Bigouden\" class=\"wp-image-15735\" srcset=\"https:\/\/www.le-cabellou-plage.com\/wp-content\/uploads\/2025\/01\/pont-l-abbe-la-capitale-du-pays-bigouden-1.webp 686w, https:\/\/www.le-cabellou-plage.com\/wp-content\/uploads\/2025\/01\/pont-l-abbe-la-capitale-du-pays-bigouden-1-300x289.webp 300w\" sizes=\"(max-width: 686px) 100vw, 686px\" \/><\/figure>\n\n\n\n<figure class=\"wp-block-image size-full\"><img decoding=\"async\" width=\"686\" height=\"660\" src=\"https:\/\/www.le-cabellou-plage.com\/wp-content\/uploads\/2025\/01\/tres-belles-balades-au-depart-du-musee-bigouden.webp\" alt=\"Sehr sch&#xF6;ne Wanderungen ab dem Bigouden-Museum.\" class=\"wp-image-15726\" srcset=\"https:\/\/www.le-cabellou-plage.com\/wp-content\/uploads\/2025\/01\/tres-belles-balades-au-depart-du-musee-bigouden.webp 686w, https:\/\/www.le-cabellou-plage.com\/wp-content\/uploads\/2025\/01\/tres-belles-balades-au-depart-du-musee-bigouden-300x289.webp 300w\" sizes=\"(max-width: 686px) 100vw, 686px\" \/><\/figure>\n\n\n\n<figure class=\"wp-block-image size-full\"><img decoding=\"async\" width=\"686\" height=\"660\" src=\"https:\/\/www.le-cabellou-plage.com\/wp-content\/uploads\/2025\/01\/port-de-loctudy.webp\" alt=\"Hafen von Loctudy\" class=\"wp-image-15730\" srcset=\"https:\/\/www.le-cabellou-plage.com\/wp-content\/uploads\/2025\/01\/port-de-loctudy.webp 686w, https:\/\/www.le-cabellou-plage.com\/wp-content\/uploads\/2025\/01\/port-de-loctudy-300x289.webp 300w\" sizes=\"(max-width: 686px) 100vw, 686px\" \/><\/figure>\n<\/div>\n<\/div>\n<\/div>\n<\/section>\n\n<section class=\"wp-block-group page-maillage has-custom-color-2-background-color has-background has-global-padding is-layout-constrained wp-block-group-is-layout-constrained\" style=\"margin-top:0;margin-bottom:0;padding-top:var(--wp--preset--spacing--40);padding-bottom:var(--wp--preset--spacing--40)\">\n<div class=\"wp-block-group h1-like is-layout-flow wp-block-group-is-layout-flow\" style=\"margin-bottom:var(--wp--preset--spacing--50)\">\n<p class=\"has-bodidota-font-family\" style=\"font-size:clamp(47.79px, 2.987rem + ((1vw - 3.2px) * 3.916), 94px);line-height:0.8\">Entdecken Sie<\/p>\n\n\n\n<p class=\"has-custom-color-3-color has-text-color has-link-color has-north-wave-font-family wp-elements-d15f657e6ea934fa36a6382e1d192e4c\" style=\"padding-left:var(--wp--preset--spacing--60);font-size:clamp(52.125px, 3.258rem + ((1vw - 3.2px) * 4.481), 105px);line-height:0.1\">die Bretagne<\/p>\n<\/div>\n\n\n\n<div class=\"wp-block-query is-layout-flow wp-block-query-is-layout-flow\"><ul class=\"columns-3 wp-block-post-template has-medium-font-size is-layout-grid wp-container-core-post-template-is-layout-572542b5 wp-block-post-template-is-layout-grid\"><li class=\"wp-block-post post-20887 page type-page status-publish has-post-thumbnail hentry\">\n\n<figure class=\"wp-block-image maillage-img\"><img decoding=\"async\" src=\"https:\/\/www.le-cabellou-plage.com\/wp-content\/uploads\/2025\/01\/camping-5-etoiles-finistere-sud-cabellou-plage-resort-5-etoiles-concarneau-cta.webp\" alt=\"5 sterne campingplatz finistere sued cabellou plage resort 5 sterne concarneau\"\/><\/figure>\n\n\n\n<div class=\"wp-block-group content-maillage has-global-padding is-layout-constrained wp-block-group-is-layout-constrained\">\n<p class=\"maillage-title has-base-2-color has-text-color has-link-color has-josefin-sans-font-family wp-elements-939842b9118177581784f7034ceeec07\" style=\"border-style:none;border-width:0px;border-radius:0px;font-size:clamp(0.875rem, 0.875rem + ((1vw - 0.2rem) * 0.576), 1.3rem);letter-spacing:1px;text-transform:uppercase\">5-Sterne-Campingplatz<\/p>\n<\/div>\n\n\n<a class=\"is-style-lien-cover wp-block-read-more\" href=\"https:\/\/www.le-cabellou-plage.com\/de\/5-sterne-campingplatz-sued-finistere\/\" target=\"_self\">Read more<span class=\"screen-reader-text\">: 5-Sterne-Campingplatz S\u00fcd-Finist\u00e8re<\/span><\/a>\n<\/li><li class=\"wp-block-post post-20891 page type-page status-publish has-post-thumbnail hentry\">\n\n<figure class=\"wp-block-image maillage-img\"><img decoding=\"async\" src=\"https:\/\/www.le-cabellou-plage.com\/wp-content\/uploads\/2025\/01\/camping-archipel-des-glenan-cabellou-plage-resort-5-etoiles-cta.webp\" alt=\"campingplatz glenan archipel cabellou plage resort 5 sterne\"\/><\/figure>\n\n\n\n<div class=\"wp-block-group content-maillage has-global-padding is-layout-constrained wp-block-group-is-layout-constrained\">\n<p class=\"maillage-title has-base-2-color has-text-color has-link-color has-josefin-sans-font-family wp-elements-939842b9118177581784f7034ceeec07\" style=\"border-style:none;border-width:0px;border-radius:0px;font-size:clamp(0.875rem, 0.875rem + ((1vw - 0.2rem) * 0.576), 1.3rem);letter-spacing:1px;text-transform:uppercase\">Campingplatz Archipel des Gl\u00e9nan<\/p>\n<\/div>\n\n\n<a class=\"is-style-lien-cover wp-block-read-more\" href=\"https:\/\/www.le-cabellou-plage.com\/de\/campingplatz-archipel-des-glenan\/\" target=\"_self\">Read more<span class=\"screen-reader-text\">: Campingplatz Archipel des Gl\u00e9nan<\/span><\/a>\n<\/li><li class=\"wp-block-post post-20900 page type-page status-publish has-post-thumbnail hentry\">\n\n<figure class=\"wp-block-image maillage-img\"><img decoding=\"async\" src=\"https:\/\/www.le-cabellou-plage.com\/wp-content\/uploads\/2025\/01\/camping-bretagne-sud-cabellou-plage-resort-5-etoiles-concarneau-cta.webp\" alt=\"campingplatz bretagne sued cabellou plage resort 5 sterne concarneau\"\/><\/figure>\n\n\n\n<div class=\"wp-block-group content-maillage has-global-padding is-layout-constrained wp-block-group-is-layout-constrained\">\n<p class=\"maillage-title has-base-2-color has-text-color has-link-color has-josefin-sans-font-family wp-elements-939842b9118177581784f7034ceeec07\" style=\"border-style:none;border-width:0px;border-radius:0px;font-size:clamp(0.875rem, 0.875rem + ((1vw - 0.2rem) * 0.576), 1.3rem);letter-spacing:1px;text-transform:uppercase\">Campingplatz Bretagne S\u00fcd<\/p>\n<\/div>\n\n\n<a class=\"is-style-lien-cover wp-block-read-more\" href=\"https:\/\/www.le-cabellou-plage.com\/de\/campingplatz-bretagne-sued\/\" target=\"_self\">Read more<span class=\"screen-reader-text\">: Campingplatz Bretagne S\u00fcd<\/span><\/a>\n<\/li><\/ul><\/div>\n<\/section>\n","protected":false},"excerpt":{"rendered":"<p>Campingplatz &#8211; Pont-L&#8217;Abb\u00e9 &#8211; 35 Kms &#8211; S\u00fcd Finist\u00e8re Hier sind wir in der Hauptstadt des Bigoudenlandes. Pont l&#8217;Abb\u00e9 ist bekannt f\u00fcr sein Bigouden-Museum, sein atypisches Zentrum mit vielen Kunsthandwerksl\u00e4den und die Kopfbedeckungen der Bigoudenen! Pont-L&#8217;Abb\u00e9 liegt an der Kreuzung des Bigoudenlandes und ist eine ziemlich dynamische Kleinstadt mit viel Charme. Vom Mus\u00e9e Bigouden aus [&hellip;]<\/p>\n","protected":false},"author":1,"featured_media":16685,"parent":0,"menu_order":0,"comment_status":"closed","ping_status":"closed","template":"","meta":{"_acf_changed":false,"_seopress_robots_primary_cat":"","_seopress_titles_title":"Pont L'Abb\u00e9 - Campingplatz Le Cabellou Plage","_seopress_titles_desc":"Entdecken Sie Pont-L'Abb\u00e9: Museum, Handwerksl\u00e4den, Wanderungen. Idealer Campingplatz in der N\u00e4he von Concarneau. Besuchen Sie die Bretagne und erkunden Sie das Pays Bigouden.  ","_seopress_robots_index":"","inline_featured_image":false,"gt_fse_maillage_image":"https:\/\/www.le-cabellou-plage.com\/wp-content\/uploads\/2025\/01\/pont-l-abbe-camping-cabellou-plage-resort-5-etoiles-cta.webp","gt_fse_maillage_titre":"Pont L'Abb\u00e9","gt_fse_maillage_alt":"pont l'abbe campingplatz cabellou plage resort 5 sterne","gt_fse_maillage_resume":"","footnotes":""},"categories":[],"tags":[],"class_list":["post-20903","page","type-page","status-publish","has-post-thumbnail","hentry"],"acf":[],"_links":{"self":[{"href":"https:\/\/www.le-cabellou-plage.com\/de\/wp-json\/wp\/v2\/pages\/20903","targetHints":{"allow":["GET"]}}],"collection":[{"href":"https:\/\/www.le-cabellou-plage.com\/de\/wp-json\/wp\/v2\/pages"}],"about":[{"href":"https:\/\/www.le-cabellou-plage.com\/de\/wp-json\/wp\/v2\/types\/page"}],"author":[{"embeddable":true,"href":"https:\/\/www.le-cabellou-plage.com\/de\/wp-json\/wp\/v2\/users\/1"}],"replies":[{"embeddable":true,"href":"https:\/\/www.le-cabellou-plage.com\/de\/wp-json\/wp\/v2\/comments?post=20903"}],"version-history":[{"count":5,"href":"https:\/\/www.le-cabellou-plage.com\/de\/wp-json\/wp\/v2\/pages\/20903\/revisions"}],"predecessor-version":[{"id":21372,"href":"https:\/\/www.le-cabellou-plage.com\/de\/wp-json\/wp\/v2\/pages\/20903\/revisions\/21372"}],"wp:featuredmedia":[{"embeddable":true,"href":"https:\/\/www.le-cabellou-plage.com\/de\/wp-json\/wp\/v2\/media\/16685"}],"wp:attachment":[{"href":"https:\/\/www.le-cabellou-plage.com\/de\/wp-json\/wp\/v2\/media?parent=20903"}],"wp:term":[{"taxonomy":"category","embeddable":true,"href":"https:\/\/www.le-cabellou-plage.com\/de\/wp-json\/wp\/v2\/categories?post=20903"},{"taxonomy":"post_tag","embeddable":true,"href":"https:\/\/www.le-cabellou-plage.com\/de\/wp-json\/wp\/v2\/tags?post=20903"}],"curies":[{"name":"wp","href":"https:\/\/api.w.org\/{rel}","templated":true}]}}