{"id":20900,"date":"2025-01-20T09:37:26","date_gmt":"2025-01-20T08:37:26","guid":{"rendered":"https:\/\/www.le-cabellou-plage.com\/camping-bretagne-sud\/"},"modified":"2025-03-07T13:51:59","modified_gmt":"2025-03-07T12:51:59","slug":"campingplatz-bretagne-sued","status":"publish","type":"page","link":"https:\/\/www.le-cabellou-plage.com\/de\/campingplatz-bretagne-sued\/","title":{"rendered":"Campingplatz Bretagne S\u00fcd"},"content":{"rendered":"\n<section class=\"wp-block-group home-intro page-one has-custom-color-2-background-color has-background is-layout-flow wp-block-group-is-layout-flow\" style=\"padding-top:var(--wp--preset--spacing--40);padding-bottom:var(--wp--preset--spacing--30)\">\n<div class=\"wp-block-columns is-layout-flex wp-container-core-columns-is-layout-b0eedf20 wp-block-columns-is-layout-flex\" style=\"margin-top:1rem;margin-bottom:0\">\n<div class=\"wp-block-column is-layout-flow wp-block-column-is-layout-flow\" style=\"padding-right:2rem;padding-left:2rem;flex-basis:60%\">\n<div class=\"wp-block-group gt-no-padding-mobile is-layout-flow wp-block-group-is-layout-flow\" style=\"padding-right:10rem;padding-left:15rem\">\n<h1 class=\"wp-block-heading\">Campingplatz <strong>Bretagne s\u00fcd<\/strong><\/h1>\n\n\n\n<h2 class=\"wp-block-heading\" style=\"padding-top:var(--wp--preset--spacing--30);text-transform:uppercase\"><strong>Die wichtigsten Sehensw\u00fcrdigkeiten<\/strong><br\/>auf dem Campingplatz Bretagne S\u00fcd<\/h2>\n\n\n\n<p>Die <strong>bretonische K\u00fcste<\/strong> wird Sie mit ihrer Vielfalt begeistern. Jede Landspitze ist einzigartig und verleiht der Region ihren eigenen Charme. <strong>Ihr Campingplatz Bretagne Sud ist der ideale Ausgangspunkt f\u00fcr alle Ihre Ausfl\u00fcge<\/strong>. Unser <a href=\"https:\/\/www.le-cabellou-plage.com\/de\/campingplatz-bretagne-sued-hund\/\">Campingplatz mit Hund im Finist\u00e8re<\/a>, Le Cabellou, bietet Ihnen die M\u00f6glichkeit, auch Ihren Vierbeiner mit in den Urlaub zu nehmen.  <\/p>\n\n\n\n<p><strong>Quimper<\/strong> und sein Mus\u00e9e D\u00e9partemental Breton, das im ehemaligen Kloster der Abtei untergebracht ist, bietet Ihnen eine Zeitreise durch die <strong>bretonische Kultur<\/strong>. Die Fa\u00efencerie Henriot verl\u00e4ngert das Erlebnis mit ihren blau-gelb ges\u00e4umten Schalen und warum nicht auch mit Ihrem kalligraphischen Vornamen. <\/p>\n\n\n\n<p>Die kleine, charaktervolle Stadt <strong>Locronan<\/strong> und ihre gepflasterten Stra\u00dfen haben den Charme vergangener Zeiten bewahrt. Entdecken Sie Handwerker mit \u00fcberliefertem Wissen und die Bewahrer der bretonischen Kultur. Lassen Sie sich bei einem Spaziergang von den Cr\u00eapes-B\u00e4ckern und den Stickerinnen verf\u00fchren.  <\/p>\n\n\n\n<p><strong>Die Pointe du Raz<\/strong> ist bekannt als die westlichste Spitze der <a href=\"https:\/\/www.le-cabellou-plage.com\/de\/tourismus-bretagne-sued\/\">s\u00fcdlichen Bretagne<\/a>. Sie bietet einen Panoramablick auf den Atlantik und die Ile de Sein. Verpassen Sie auch nicht die Pointe du Van, die etwas weiter n\u00f6rdlich liegt.  <\/p>\n\n\n    <div id=\"gt-fse-lire-plus-6a08f6b5185fd\" class=\"gt-fse-lire-plus\" data-min-height=\"130\" style=\"background-color: #3a4156;\">\n        <input id=\"gt-fse-lire-plus-6a08f6b5185fd-toggle\" type=\"checkbox\" class=\"gt-fse-lire-plus__toggle\" \/>\n        <label for=\"gt-fse-lire-plus-6a08f6b5185fd-toggle\" class=\"gt-fse-lire-plus__toggle-label\">\n            <span>Lire plus<\/span>\n            <span>Lire moins<\/span>\n        <\/label>\n        <div class=\"gt-fse-lire-plus__content\" style=\"height: 130px;\">\n            \n\n<p>Wenn Sie nach Audierne an der K\u00fcste entlang in Richtung S\u00fcden fahren, kommen Sie an <strong>der Pointe de la Torche<\/strong> vorbei. Dieser Ort ist bei Surfern sehr bekannt und es finden hier regelm\u00e4\u00dfig internationale Wettbewerbe statt. Die Tulpenfelder sind besonders beliebt, wenn der Fr\u00fchling kommt.  <\/p>\n\n\n\n<p>Bevor Sie zum Campingplatz zur\u00fcckkehren, sollten <strong>Sie einen Stopp am Leuchtturm von Eckm\u00fchl ein<\/strong>legen. Ob Sie nun die Aussicht auf den Hafen von Penmarc&#8217;h genie\u00dfen oder versuchen, die 307 Stufen des Turms zu erklimmen, dieses <strong>kleine Fischerdorf<\/strong> wird Sie im Nu in seinen Bann ziehen. <\/p>\n\n\n\n<p><strong>Der Hafen von Le Guilvinec &#8216;h<\/strong> ist einer der bekanntesten in der <strong>s\u00fcdlichen Bretagne<\/strong>. Bestaunen Sie, wie die Schiffe jeden Tag in den Hafen zur\u00fcckkehren und ihre Lader\u00e4ume mit Fisch beladen. Besuchen Sie die Auktion und kaufen Sie ein.  <\/p>\n\n            <div class=\"gt-fse-lire-plus__gradient\" style=\"background: linear-gradient(to bottom,rgba(58,65,86,0) 0%,rgba(58,65,86,1) 100%);\"><\/div>\n        <\/div>\n    <\/div>\n    <\/div>\n<\/div>\n\n\n\n<div class=\"wp-block-column animated fadeIn delay-100ms slow is-layout-flow wp-block-column-is-layout-flow\" style=\"padding-top:0em;flex-basis:40%\">\n<div data-swiper=\"{&quot;speed&quot;:400,&quot;spaceBetween&quot;:16,&quot;slidesPerView&quot;:1,&quot;createElements&quot;:true,&quot;loop&quot;:true,&quot;freemode&quot;:true,&quot;pagination&quot;:{&quot;el&quot;:&quot;.swiper-pagination&quot;,&quot;dynamicBullets&quot;:false},&quot;breakpoints&quot;:{&quot;0&quot;:{&quot;slidesPerView&quot;:1},&quot;380&quot;:[],&quot;1024&quot;:[]},&quot;navigation&quot;:false,&quot;effect&quot;:&quot;fade&quot;}\" class=\"wp-block-group gt-is-slider gt-is-slider-desktop has-global-padding is-layout-constrained wp-block-group-is-layout-constrained\">\n<figure class=\"wp-block-image size-full\"><img decoding=\"async\" width=\"686\" height=\"660\" src=\"https:\/\/www.le-cabellou-plage.com\/wp-content\/uploads\/2025\/02\/camping-bretagne-sud.webp\" alt=\"Campingplatz Bretagne Sued\" class=\"wp-image-16845\" srcset=\"https:\/\/www.le-cabellou-plage.com\/wp-content\/uploads\/2025\/02\/camping-bretagne-sud.webp 686w, https:\/\/www.le-cabellou-plage.com\/wp-content\/uploads\/2025\/02\/camping-bretagne-sud-300x289.webp 300w\" sizes=\"(max-width: 686px) 100vw, 686px\" \/><\/figure>\n\n\n\n<figure class=\"wp-block-image size-full\"><img decoding=\"async\" width=\"686\" height=\"660\" src=\"https:\/\/www.le-cabellou-plage.com\/wp-content\/uploads\/2025\/02\/quimper-les-incontournables-du-camping-bretagne-sud.webp\" alt=\"quimper die unumg&#xE4;nglichen Sehensw&#xFC;rdigkeiten des Campingplatzes bretagne sued\" class=\"wp-image-16849\" srcset=\"https:\/\/www.le-cabellou-plage.com\/wp-content\/uploads\/2025\/02\/quimper-les-incontournables-du-camping-bretagne-sud.webp 686w, https:\/\/www.le-cabellou-plage.com\/wp-content\/uploads\/2025\/02\/quimper-les-incontournables-du-camping-bretagne-sud-300x289.webp 300w\" sizes=\"(max-width: 686px) 100vw, 686px\" \/><\/figure>\n\n\n\n<figure class=\"wp-block-image size-full\"><img decoding=\"async\" width=\"686\" height=\"660\" src=\"https:\/\/www.le-cabellou-plage.com\/wp-content\/uploads\/2025\/02\/phare-d-eckmuhl.webp\" alt=\"Leuchtturm von Eckm&#xFC;hl\" class=\"wp-image-16970\" srcset=\"https:\/\/www.le-cabellou-plage.com\/wp-content\/uploads\/2025\/02\/phare-d-eckmuhl.webp 686w, https:\/\/www.le-cabellou-plage.com\/wp-content\/uploads\/2025\/02\/phare-d-eckmuhl-300x289.webp 300w\" sizes=\"(max-width: 686px) 100vw, 686px\" \/><\/figure>\n<\/div>\n<\/div>\n<\/div>\n<\/section>\n\n<section class=\"wp-block-group home-third has-custom-color-2-background-color has-background is-layout-flow wp-block-group-is-layout-flow\" style=\"margin-top:0;padding-bottom:var(--wp--preset--spacing--40)\">\n<div data-swiper=\"{&quot;speed&quot;:1000,&quot;autoplay&quot;:{&quot;delay&quot;:5000,&quot;disableOnInteraction&quot;:false},&quot;spaceBetween&quot;:0,&quot;slidesPerView&quot;:1,&quot;pagination&quot;:{&quot;el&quot;:&quot;.swiper-pagination&quot;,&quot;dynamicBullets&quot;:true,&quot;clickable&quot;:true,&quot;type&quot;:&quot;bullets&quot;},&quot;navigation&quot;:{&quot;nextEl&quot;:&quot;.swiper-button-next&quot;,&quot;prevEl&quot;:&quot;.swiper-button-prev&quot;},&quot;breakpoints&quot;:[{&quot;slidesPerView&quot;:1}]}\" class=\"wp-block-cover has-parallax has-custom-content-position is-position-bottom-right\" style=\"min-height:825px;aspect-ratio:unset;\"><span aria-hidden=\"true\" class=\"wp-block-cover__background has-contrast-background-color has-background-dim-30 has-background-dim\"><\/span><div role=\"img\" aria-label=\"camping en bretagne\" class=\"wp-block-cover__image-background wp-image-16857 has-parallax\" style=\"background-position:50% 50%;background-image:url(https:\/\/www.le-cabellou-plage.com\/wp-content\/uploads\/2025\/02\/camping-en-bretagne.webp)\"><\/div><div class=\"wp-block-cover__inner-container has-global-padding is-layout-constrained wp-block-cover-is-layout-constrained\">\n<p class=\"has-text-align-center has-base-2-color has-text-color has-link-color has-bodidota-font-family wp-elements-60eb1e5e813cb1ef0cbd7cf91cce8113\" style=\"padding-right:35rem;padding-bottom:var(--wp--preset--spacing--40);font-size:clamp(39.963px, 2.498rem + ((1vw - 3.2px) * 2.969), 75px);text-transform:uppercase\"><strong>Campingplatz in der Bretagne<\/strong><\/p>\n<\/div><\/div>\n\n\n\n<div class=\"wp-block-columns is-layout-flex wp-container-core-columns-is-layout-b674b79b wp-block-columns-is-layout-flex\" style=\"padding-top:var(--wp--preset--spacing--10);padding-right:var(--wp--preset--spacing--50);padding-bottom:var(--wp--preset--spacing--10);padding-left:var(--wp--preset--spacing--50)\">\n<div class=\"wp-block-column right is-layout-flow wp-block-column-is-layout-flow\" style=\"padding-top:var(--wp--preset--spacing--40);flex-basis:60%\">\n<div class=\"wp-block-group gt-no-padding-mobile is-layout-flow wp-block-group-is-layout-flow\" style=\"padding-right:15rem;padding-left:10rem\">\n<h2 class=\"wp-block-heading\" style=\"margin-bottom:var(--wp--preset--spacing--30)\">Ihr <strong>Campingplatz Bretagne S\u00fcd<\/strong><\/h2>\n\n\n\n<p>Ob Sie nun das Meer oder die Landschaft bevorzugen, Sie werden den <strong>Campingplatz Bretagne S\u00fcd<\/strong> finden, der zu Ihnen passt.<\/p>\n\n\n    <div id=\"gt-fse-lire-plus-6a08f6b51aecf\" class=\"gt-fse-lire-plus\" data-min-height=\"130\" style=\"background-color: #3a4156;\">\n        <input id=\"gt-fse-lire-plus-6a08f6b51aecf-toggle\" type=\"checkbox\" class=\"gt-fse-lire-plus__toggle\" \/>\n        <label for=\"gt-fse-lire-plus-6a08f6b51aecf-toggle\" class=\"gt-fse-lire-plus__toggle-label\">\n            <span>Lire plus<\/span>\n            <span>Lire moins<\/span>\n        <\/label>\n        <div class=\"gt-fse-lire-plus__content\" style=\"height: 130px;\">\n            \n\n<p>Genie\u00dfen Sie unseren <a href=\"https:\/\/www.le-cabellou-plage.com\/de\/\">Campingplatz Concarneau<\/a> und den <a href=\"https:\/\/www.le-cabellou-plage.com\/de\/camping-am-meer-bretagne\/\">direkten Zugang zum Strand<\/a>. Genie\u00dfen Sie <strong>den<\/strong> Blick vom <strong>Strand Belle Etoile<\/strong> auf die <a href=\"https:\/\/www.le-cabellou-plage.com\/de\/willkommen-auf-dem-blog-von-le-cabellou-plage\/concarneau-de\/ville-close-de-concarneau\/\">Ville Close von Concarneau<\/a> und den Hafen. <\/p>\n\n\n\n<p><strong>Reisen Sie mit Zelt, Wohnwagen oder Wohnmobil?<\/strong> Wir bieten Ihnen Stellpl\u00e4tze von ca. 100m\u00b2 mit Strom. Der Sanit\u00e4rblock bietet Ihnen allen Komfort f\u00fcr Ihren Aufenthalt: Duschen, Waschbecken, WC, Haartrockner und Kabinen <strong>f\u00fcr Personen mit eingeschr\u00e4nkter Mobilit\u00e4t<\/strong>. Es stehen Ihnen auch Becken zum Geschirrsp\u00fclen oder zum Reinigen Ihrer Fische zur Verf\u00fcgung. Um nichts zu vergessen, gibt es eine <strong>Hundedusche<\/strong> au\u00dferhalb der Sanit\u00e4ranlagen. Ein Waschsalon mit Waschmaschine, Trockner, B\u00fcgelbrett und B\u00fcgeleisen ist neben den Sanit\u00e4ranlagen frei zug\u00e4nglich.    <\/p>\n\n\n\n<p><strong>Die Cottages bieten Ihnen allen Komfort f\u00fcr Ihren Familienurlaub <\/strong>! Mit zwei oder drei Schlafzimmern, einem oder zwei Badezimmern bieten wir Ihnen <a href=\"https:\/\/www.le-cabellou-plage.com\/de\/vermietung-mobilheime-bretagne\/\">Unterk\u00fcnfte in verschiedenen Kategorien an, damit Sie die Unterkunft<\/a> finden, die zu Ihnen passt. <strong>Unsere Komfort-Unterk\u00fcnfte<\/strong> befinden sich in einer Fu\u00dfg\u00e4ngerzone mit B\u00e4umen. Ein Ort mit viel Charme f\u00fcr Ihren Urlaub. <strong>Unsere Cottages Confort+<\/strong> sind die Neuheiten 2018. Sie bieten Ihnen Aufenthalte inklusive Fernseher und einen sch\u00f6nen Terrassenbereich (halb\u00fcberdacht oder offen) mit Gartenm\u00f6beln und Liegest\u00fchlen. Unsere <strong>Cottages Premium<\/strong> sind ebenfalls neu im Jahr 2018 und bieten Ihnen Doppelbetten von 160x200cm und eine sch\u00f6ne K\u00fcche mit Geschirrsp\u00fcler.   <\/p>\n\n\n\n<p>Drau\u00dfen <strong>k\u00f6nnen Sie die gro\u00dfe, halb\u00fcberdachte Terrasse mit Gartenm\u00f6beln und Liegest\u00fchlen genie\u00dfen<\/strong>.<\/p>\n\n            <div class=\"gt-fse-lire-plus__gradient\" style=\"background: linear-gradient(to bottom,rgba(58,65,86,0) 0%,rgba(58,65,86,1) 100%);\"><\/div>\n        <\/div>\n    <\/div>\n    <\/div>\n<\/div>\n\n\n\n<div class=\"wp-block-column left is-layout-flow wp-block-column-is-layout-flow\" style=\"flex-basis:40%\">\n<div class=\"wp-block-group gt-no-padding-mobile is-layout-flow wp-block-group-is-layout-flow\" style=\"padding-right:15rem;padding-left:2rem\">\n<p class=\"has-custom-color-3-color has-text-color has-link-color has-josefin-sans-font-family has-small-font-size wp-elements-2f7aa73ca3e8f32178810cf0b0be7931\" style=\"margin-bottom:var(--wp--preset--spacing--30);letter-spacing:3px;line-height:1.5;text-transform:uppercase\">Direkter Zugang<\/p>\n\n\n\n<div class=\"wp-block-group h1-like is-layout-flow wp-block-group-is-layout-flow\">\n<p class=\"has-bodidota-font-family\" style=\"font-size:clamp(47.79px, 2.987rem + ((1vw - 3.2px) * 3.916), 94px);line-height:0.8\">Strand Belle<\/p>\n\n\n\n<p class=\"has-custom-color-3-color has-text-color has-link-color has-north-wave-font-family wp-elements-39b460f00144b4fc02fd88a9fee5423a\" style=\"padding-left:var(--wp--preset--spacing--40);font-size:clamp(52.125px, 3.258rem + ((1vw - 3.2px) * 4.481), 105px);line-height:0.1\">etoile<\/p>\n<\/div>\n<\/div>\n<\/div>\n<\/div>\n<\/section>\n\n<section class=\"wp-block-group page-fourth has-custom-color-3-background-color has-background is-layout-flow wp-block-group-is-layout-flow\" style=\"margin-top:0;padding-top:var(--wp--preset--spacing--30);padding-bottom:3rem\">\n<div class=\"wp-block-columns is-layout-flex wp-container-core-columns-is-layout-28f84493 wp-block-columns-is-layout-flex\">\n<div class=\"wp-block-column is-layout-flow wp-block-column-is-layout-flow\" style=\"flex-basis:40%\">\n<figure class=\"wp-block-image size-full animated fadeIn delay-100ms slow\"><img decoding=\"async\" width=\"688\" height=\"639\" src=\"https:\/\/www.le-cabellou-plage.com\/wp-content\/uploads\/2025\/02\/comment-reserver-votre-sejour-en-camping-bretagne-sud.webp\" alt=\"wie Sie Ihren Aufenthalt auf einem Campingplatz in der s&#xFC;dlichen Bretagne buchen k&#xF6;nnen\" class=\"wp-image-16861\" srcset=\"https:\/\/www.le-cabellou-plage.com\/wp-content\/uploads\/2025\/02\/comment-reserver-votre-sejour-en-camping-bretagne-sud.webp 688w, https:\/\/www.le-cabellou-plage.com\/wp-content\/uploads\/2025\/02\/comment-reserver-votre-sejour-en-camping-bretagne-sud-300x279.webp 300w\" sizes=\"(max-width: 688px) 100vw, 688px\" \/><\/figure>\n<\/div>\n\n\n\n<div class=\"wp-block-column is-vertically-aligned-center is-layout-flow wp-block-column-is-layout-flow\" style=\"padding-right:2rem;padding-left:2rem;flex-basis:60%\">\n<div class=\"wp-block-group gt-no-padding-mobile is-layout-flow wp-block-group-is-layout-flow\" style=\"padding-right:15rem;padding-left:10rem\">\n<h2 class=\"wp-block-heading has-base-2-color has-text-color has-link-color wp-elements-ce51ad9b5c925d99569ca95d6e1dd26e\" style=\"margin-bottom:var(--wp--preset--spacing--30)\">So buchen Sie Ihren <strong>Aufenthalt auf einem Campingplatz in der S\u00fcdbretagne<\/strong><\/h2>\n\n\n\n<p>Auf unserer Website finden Sie <strong>die Beschreibung jeder unserer Unterk\u00fcnfte<\/strong> sowie unsere <strong>Verf\u00fcgbarkeit und Preise zu<\/strong> jeder Zeit.<\/p>\n\n\n\n<p>Geben Sie einfach Ihr Urlaubsdatum in die Registerkarte oben auf der Seite ein und klicken Sie dann auf &#8221; <strong>Verf\u00fcgbarkeit <\/strong>&#8220;. Sie werden dann unsere Auswahl an Unterk\u00fcnften sehen, die zu Ihrem Urlaub passen k\u00f6nnten. <\/p>\n\n\n\n<p><strong>M\u00f6chten Sie Ihren Campingplatz Bretagne S\u00fcd buchen<\/strong>? Nichts einfacher als das!  <strong>Sie k\u00f6nnen Ihre Buchung jederzeit online vornehmen. Sie k\u00f6nnen auch eine Buchungsanfrage per Telefon oder E-Mail stellen. <\/strong>. Wir freuen uns, Ihnen einen detaillierten Kostenvoranschlag zukommen zu lassen. <\/p>\n\n\n    <div id=\"gt-fse-lire-plus-6a08f6b51b8de\" class=\"gt-fse-lire-plus\" data-min-height=\"130\" style=\"background-color: #c3ae9c;\">\n        <input id=\"gt-fse-lire-plus-6a08f6b51b8de-toggle\" type=\"checkbox\" class=\"gt-fse-lire-plus__toggle\" \/>\n        <label for=\"gt-fse-lire-plus-6a08f6b51b8de-toggle\" class=\"gt-fse-lire-plus__toggle-label\">\n            <span>Lire plus<\/span>\n            <span>Lire moins<\/span>\n        <\/label>\n        <div class=\"gt-fse-lire-plus__content\" style=\"height: 130px;\">\n            \n\n<div class=\"wp-block-group is-layout-flow wp-block-group-is-layout-flow\" style=\"margin-bottom:0px\">\n<p>Es gibt mehrere <strong>Zahlungsmethoden<\/strong>:<\/p>\n<\/div>\n\n\n\n<div class=\"wp-block-group is-layout-flow wp-block-group-is-layout-flow\" style=\"margin-top:0px\">\n<ul class=\"wp-block-list\">\n<li><strong>Per Scheck<\/strong> oder <strong><a href=\"https:\/\/www.le-cabellou-plage.com\/de\/campingplatz-faq-concarneau\/#ancv\">Urlaubsschecks<\/a><\/strong>Wir empfehlen Ihnen, diese per Einschreiben an die Adresse des Campingplatzes zu schicken. Nach Erhalt erhalten Sie eine E-Mail zur Best\u00e4tigung Ihrer Buchung. <\/li>\n\n\n\n<li><strong>Per Kreditkarte<\/strong>: Sie k\u00f6nnen jederzeit eine sichere Zahlung auf unserer Website vornehmen, indem Sie sich in Ihren pers\u00f6nlichen Bereich einloggen.<\/li>\n\n\n\n<li><strong>Per Bank\u00fcberweisung<\/strong> unter Angabe Ihrer pers\u00f6nlichen Referenznummer.<\/li>\n<\/ul>\n<\/div>\n\n\n\n<p>Sie haben <strong>die M\u00f6glichkeit, den gesamten Betrag f\u00fcr Ihren Aufenthalt bei der Buchung zu bezahlen oder eine Anzahlung zu leisten<\/strong>. Der Restbetrag ist vor Ihrer Ankunft zu begleichen, damit Sie sich keine Sorgen machen m\u00fcssen. Ein auf Ihren Namen ausgestellter Voucher wird Ihnen zur Best\u00e4tigung Ihrer Zahlung zugeschickt.  <\/p>\n\n\n\n<p><strong>Das gesamte Team Ihres Campingplatzes Bretagne S\u00fcd<\/strong> steht Ihnen zur Verf\u00fcgung und begleitet Sie w\u00e4hrend Ihres gesamten Urlaubs.<\/p>\n\n            <div class=\"gt-fse-lire-plus__gradient\" style=\"background: linear-gradient(to bottom,rgba(195,174,156,0) 0%,rgba(195,174,156,1) 100%);\"><\/div>\n        <\/div>\n    <\/div>\n    <\/div>\n<\/div>\n<\/div>\n<\/section>\n\n<section class=\"wp-block-group page-maillage has-custom-color-2-background-color has-background has-global-padding is-layout-constrained wp-block-group-is-layout-constrained\" style=\"margin-top:0;margin-bottom:0;padding-top:var(--wp--preset--spacing--40);padding-bottom:var(--wp--preset--spacing--40)\">\n<div class=\"wp-block-group h1-like is-layout-flow wp-block-group-is-layout-flow\" style=\"margin-bottom:var(--wp--preset--spacing--50)\">\n<p class=\"has-bodidota-font-family\" style=\"font-size:clamp(47.79px, 2.987rem + ((1vw - 3.2px) * 3.916), 94px);line-height:0.8\">Entdecken Sie<\/p>\n\n\n\n<p class=\"has-custom-color-3-color has-text-color has-link-color has-north-wave-font-family wp-elements-1f0691eed73e0714703aeaa6a21677c8\" style=\"padding-left:var(--wp--preset--spacing--60);font-size:clamp(52.125px, 3.258rem + ((1vw - 3.2px) * 4.481), 105px);line-height:0.1\">unsere sch\u00f6ne Region<\/p>\n<\/div>\n\n\n\n<div class=\"wp-block-query is-layout-flow wp-block-query-is-layout-flow\"><ul class=\"columns-3 wp-block-post-template has-medium-font-size is-layout-grid wp-container-core-post-template-is-layout-572542b5 wp-block-post-template-is-layout-grid\"><li class=\"wp-block-post post-20874 page type-page status-publish has-post-thumbnail hentry\">\n\n<figure class=\"wp-block-image maillage-img\"><img decoding=\"async\" src=\"https:\/\/www.le-cabellou-plage.com\/wp-content\/uploads\/2025\/01\/camping-concarneau-bord-de-mer-cabellou-plage-resort-5-etoiles-cta.webp\" alt=\"campingplatz concarneau am meer cabellou plage resort 5 sterne\"\/><\/figure>\n\n\n\n<div class=\"wp-block-group content-maillage has-global-padding is-layout-constrained wp-block-group-is-layout-constrained\">\n<p class=\"maillage-title has-base-2-color has-text-color has-link-color has-josefin-sans-font-family wp-elements-939842b9118177581784f7034ceeec07\" style=\"border-style:none;border-width:0px;border-radius:0px;font-size:clamp(0.875rem, 0.875rem + ((1vw - 0.2rem) * 0.576), 1.3rem);letter-spacing:1px;text-transform:uppercase\">Campingplatz Concarneau am Meer<\/p>\n<\/div>\n\n\n<a class=\"is-style-lien-cover wp-block-read-more\" href=\"https:\/\/www.le-cabellou-plage.com\/de\/campingplatz-concarneau-am-meer\/\" target=\"_self\">Read more<span class=\"screen-reader-text\">: Campingplatz Concarneau am Meer<\/span><\/a>\n<\/li><li class=\"wp-block-post post-20878 page type-page status-publish has-post-thumbnail hentry\">\n\n<figure class=\"wp-block-image maillage-img\"><img decoding=\"async\" src=\"https:\/\/www.le-cabellou-plage.com\/wp-content\/uploads\/2025\/01\/camping-finistere-cabellou-plage-resort-5-etoiles-concarneau-cta.webp\" alt=\"campingplatz finistere cabellou plage resort 5 sterne concarneau\"\/><\/figure>\n\n\n\n<div class=\"wp-block-group content-maillage has-global-padding is-layout-constrained wp-block-group-is-layout-constrained\">\n<p class=\"maillage-title has-base-2-color has-text-color has-link-color has-josefin-sans-font-family wp-elements-939842b9118177581784f7034ceeec07\" style=\"border-style:none;border-width:0px;border-radius:0px;font-size:clamp(0.875rem, 0.875rem + ((1vw - 0.2rem) * 0.576), 1.3rem);letter-spacing:1px;text-transform:uppercase\">Campingplatz S\u00fcd Finistere<\/p>\n<\/div>\n\n\n<a class=\"is-style-lien-cover wp-block-read-more\" href=\"https:\/\/www.le-cabellou-plage.com\/de\/campingplatz-finistere\/\" target=\"_self\">Read more<span class=\"screen-reader-text\">: Campingplatz Finist\u00e8re<\/span><\/a>\n<\/li><li class=\"wp-block-post post-20870 page type-page status-publish has-post-thumbnail hentry\">\n\n<figure class=\"wp-block-image maillage-img\"><img decoding=\"async\" src=\"https:\/\/www.le-cabellou-plage.com\/wp-content\/uploads\/2025\/01\/camping-tourisme-cabellou-plage-resort-5-etoiles-concarneau-cta.webp\" alt=\"campingplatz tourismus cabellou plage resort 5 sterne concarneau\"\/><\/figure>\n\n\n\n<div class=\"wp-block-group content-maillage has-global-padding is-layout-constrained wp-block-group-is-layout-constrained\">\n<p class=\"maillage-title has-base-2-color has-text-color has-link-color has-josefin-sans-font-family wp-elements-939842b9118177581784f7034ceeec07\" style=\"border-style:none;border-width:0px;border-radius:0px;font-size:clamp(0.875rem, 0.875rem + ((1vw - 0.2rem) * 0.576), 1.3rem);letter-spacing:1px;text-transform:uppercase\">Campingplatz Concarneau<\/p>\n<\/div>\n\n\n<a class=\"is-style-lien-cover wp-block-read-more\" href=\"https:\/\/www.le-cabellou-plage.com\/de\/campingplatz-tourismus\/\" target=\"_self\">Read more<span class=\"screen-reader-text\">: Campingplatz Tourismus<\/span><\/a>\n<\/li><\/ul><\/div>\n<\/section>\n","protected":false},"excerpt":{"rendered":"<p>Campingplatz Bretagne s\u00fcd Die wichtigsten Sehensw\u00fcrdigkeitenauf dem Campingplatz Bretagne S\u00fcd Die bretonische K\u00fcste wird Sie mit ihrer Vielfalt begeistern. Jede Landspitze ist einzigartig und verleiht der Region ihren eigenen Charme. Ihr Campingplatz Bretagne Sud ist der ideale Ausgangspunkt f\u00fcr alle Ihre Ausfl\u00fcge. Unser Campingplatz mit Hund im Finist\u00e8re, Le Cabellou, bietet Ihnen die M\u00f6glichkeit, auch [&hellip;]<\/p>\n","protected":false},"author":1,"featured_media":16459,"parent":0,"menu_order":0,"comment_status":"closed","ping_status":"closed","template":"","meta":{"_acf_changed":false,"_seopress_robots_primary_cat":"","_seopress_titles_title":"Campingplatz Bretagne S\u00fcd Le Cabellou Plage 5 Sterne in Concarneau","_seopress_titles_desc":"Entdecken Sie die s\u00fcdliche Bretagne mit Ihrem Hund! Atemberaubende Aussichten, eine reiche Kultur und gute Dienstleistungen f\u00fcr einen unvergesslichen Aufenthalt auf dem Campingplatz. ","_seopress_robots_index":"","inline_featured_image":false,"gt_fse_maillage_image":"https:\/\/www.le-cabellou-plage.com\/wp-content\/uploads\/2025\/01\/camping-bretagne-sud-cabellou-plage-resort-5-etoiles-concarneau-cta.webp","gt_fse_maillage_titre":"Campingplatz Bretagne S\u00fcd","gt_fse_maillage_alt":"campingplatz bretagne sued cabellou plage resort 5 sterne concarneau","gt_fse_maillage_resume":"","footnotes":""},"categories":[],"tags":[],"class_list":["post-20900","page","type-page","status-publish","has-post-thumbnail","hentry"],"acf":[],"_links":{"self":[{"href":"https:\/\/www.le-cabellou-plage.com\/de\/wp-json\/wp\/v2\/pages\/20900","targetHints":{"allow":["GET"]}}],"collection":[{"href":"https:\/\/www.le-cabellou-plage.com\/de\/wp-json\/wp\/v2\/pages"}],"about":[{"href":"https:\/\/www.le-cabellou-plage.com\/de\/wp-json\/wp\/v2\/types\/page"}],"author":[{"embeddable":true,"href":"https:\/\/www.le-cabellou-plage.com\/de\/wp-json\/wp\/v2\/users\/1"}],"replies":[{"embeddable":true,"href":"https:\/\/www.le-cabellou-plage.com\/de\/wp-json\/wp\/v2\/comments?post=20900"}],"version-history":[{"count":10,"href":"https:\/\/www.le-cabellou-plage.com\/de\/wp-json\/wp\/v2\/pages\/20900\/revisions"}],"predecessor-version":[{"id":23173,"href":"https:\/\/www.le-cabellou-plage.com\/de\/wp-json\/wp\/v2\/pages\/20900\/revisions\/23173"}],"wp:featuredmedia":[{"embeddable":true,"href":"https:\/\/www.le-cabellou-plage.com\/de\/wp-json\/wp\/v2\/media\/16459"}],"wp:attachment":[{"href":"https:\/\/www.le-cabellou-plage.com\/de\/wp-json\/wp\/v2\/media?parent=20900"}],"wp:term":[{"taxonomy":"category","embeddable":true,"href":"https:\/\/www.le-cabellou-plage.com\/de\/wp-json\/wp\/v2\/categories?post=20900"},{"taxonomy":"post_tag","embeddable":true,"href":"https:\/\/www.le-cabellou-plage.com\/de\/wp-json\/wp\/v2\/tags?post=20900"}],"curies":[{"name":"wp","href":"https:\/\/api.w.org\/{rel}","templated":true}]}}