{"id":20887,"date":"2025-01-20T09:09:26","date_gmt":"2025-01-20T08:09:26","guid":{"rendered":"https:\/\/www.le-cabellou-plage.com\/camping-5-etoiles-finistere-sud\/"},"modified":"2025-03-05T14:33:19","modified_gmt":"2025-03-05T13:33:19","slug":"5-sterne-campingplatz-sued-finistere","status":"publish","type":"page","link":"https:\/\/www.le-cabellou-plage.com\/de\/5-sterne-campingplatz-sued-finistere\/","title":{"rendered":"5-Sterne-Campingplatz S\u00fcd-Finist\u00e8re"},"content":{"rendered":"\n<section class=\"wp-block-group home-intro page-one has-custom-color-2-background-color has-background is-layout-flow wp-block-group-is-layout-flow\" style=\"padding-top:var(--wp--preset--spacing--40);padding-bottom:var(--wp--preset--spacing--30)\">\n<div class=\"wp-block-columns is-layout-flex wp-container-core-columns-is-layout-b0eedf20 wp-block-columns-is-layout-flex\" style=\"margin-top:1rem;margin-bottom:0\">\n<div class=\"wp-block-column is-layout-flow wp-block-column-is-layout-flow\" style=\"padding-right:2rem;padding-left:2rem;flex-basis:60%\">\n<div class=\"wp-block-group gt-no-padding-mobile is-layout-flow wp-block-group-is-layout-flow\" style=\"padding-right:10rem;padding-left:15rem\">\n<h1 class=\"wp-block-heading\"><strong>5-Sterne-Campingplatz<\/strong> S\u00fcd-Finist\u00e8re<\/h1>\n\n\n\n<h2 class=\"wp-block-heading\" style=\"padding-top:var(--wp--preset--spacing--30);text-transform:uppercase\">5 Sterne <strong>Familien-Campingplatz S\u00fcd-Finist\u00e8re<\/strong><\/h2>\n\n\n\n<p>Wir bieten Ihnen f\u00fcr Ihren Urlaub einen <strong><a href=\"https:\/\/www.le-cabellou-plage.com\/de\/campingplatz-dienstleistungen-bretagne\/\">5-Sterne-Campingplatz Finist\u00e8re Sud<\/a><\/strong> f\u00fcr die ganze Familie. F\u00fcr einen Urlaub zu zweit, mit kleinen Kindern bis hin zu Teenagern und warum nicht auch mit den Gro\u00dfeltern? <\/p>\n\n\n\n<p><strong>Le Cabellou Plage bietet Einrichtungen, damit jeder seinen Urlaub in vollen Z\u00fcgen genie\u00dfen kann<\/strong>: einen Spielplatz f\u00fcr die Kinder, einen <a href=\"https:\/\/www.le-cabellou-plage.com\/de\/camping-animationen-bretagne\/\">Sportplatz<\/a> f\u00fcr die Gr\u00f6\u00dferen und einen <a href=\"https:\/\/www.le-cabellou-plage.com\/de\/campingplatz-wasserpark-bretagne\/\">Wasserbereich<\/a>, in dem Sie <strong>alle zusammen einen Moment verbringen<\/strong> k\u00f6nnen.<\/p>\n\n\n\n<h2 class=\"wp-block-heading\" style=\"padding-top:var(--wp--preset--spacing--30);text-transform:uppercase\">5-Sterne-Campingplatz S\u00fcd-Finist\u00e8re <strong>am Meer<\/strong><\/h2>\n\n\n\n<p>Le Cabellou Plage ist ein Campingplatz <strong><a href=\"https:\/\/www.le-cabellou-plage.com\/de\/\">Campingplatz S\u00fcd-Finist\u00e8re<\/a><\/strong> Der <strong>5-Sterne<\/strong> Campingplatz liegt direkt am <a href=\"https:\/\/www.le-cabellou-plage.com\/de\/camping-am-meer-bretagne\/\">Meer<\/a> mit <strong>direktem Zugang zum Strand Belle Etoile von Concarneau<\/strong>. Der Campingplatz ist sehr charmant und bietet Ihnen einen Spaziergang mit Blick auf<strong> die Ville Close und den Hafen<\/strong>. <\/p>\n\n\n\n<p>Cabellou ist von zahlreichen Str\u00e4nden umgeben. <strong>Genie\u00dfen Sie die feinen Sandstr\u00e4nde, die wilden Buchten<\/strong> oder versuchen Sie, zu Fu\u00df zu angeln und Muscheln von den Felsen zu sammeln.<\/p>\n<\/div>\n<\/div>\n\n\n\n<div class=\"wp-block-column animated fadeIn delay-100ms slow is-layout-flow wp-block-column-is-layout-flow\" style=\"padding-top:0em;flex-basis:40%\">\n<div data-swiper=\"{&quot;speed&quot;:400,&quot;spaceBetween&quot;:16,&quot;slidesPerView&quot;:1,&quot;createElements&quot;:true,&quot;loop&quot;:true,&quot;freemode&quot;:true,&quot;pagination&quot;:{&quot;el&quot;:&quot;.swiper-pagination&quot;,&quot;dynamicBullets&quot;:false},&quot;breakpoints&quot;:{&quot;0&quot;:{&quot;slidesPerView&quot;:1},&quot;380&quot;:[],&quot;1024&quot;:[]},&quot;navigation&quot;:false,&quot;effect&quot;:&quot;fade&quot;}\" class=\"wp-block-group gt-is-slider gt-is-slider-desktop has-global-padding is-layout-constrained wp-block-group-is-layout-constrained\">\n<figure class=\"wp-block-image size-full\"><img decoding=\"async\" width=\"686\" height=\"660\" src=\"https:\/\/www.le-cabellou-plage.com\/wp-content\/uploads\/2025\/01\/camping-5-etoiles-finistere-sud.webp\" alt=\"5-Sterne-Campingplatz S&#xFC;d-Finist&#xE8;re\" class=\"wp-image-15753\" srcset=\"https:\/\/www.le-cabellou-plage.com\/wp-content\/uploads\/2025\/01\/camping-5-etoiles-finistere-sud.webp 686w, https:\/\/www.le-cabellou-plage.com\/wp-content\/uploads\/2025\/01\/camping-5-etoiles-finistere-sud-300x289.webp 300w\" sizes=\"(max-width: 686px) 100vw, 686px\" \/><\/figure>\n\n\n\n<figure class=\"wp-block-image size-full\"><img decoding=\"async\" width=\"686\" height=\"660\" src=\"https:\/\/www.le-cabellou-plage.com\/wp-content\/uploads\/2025\/01\/camping-5-etoiles-finistere-sud-familial.webp\" alt=\"5-Sterne-Famillien-Campingplatz S&#xFC;d-Finist&#xE8;re\" class=\"wp-image-15757\" srcset=\"https:\/\/www.le-cabellou-plage.com\/wp-content\/uploads\/2025\/01\/camping-5-etoiles-finistere-sud-familial.webp 686w, https:\/\/www.le-cabellou-plage.com\/wp-content\/uploads\/2025\/01\/camping-5-etoiles-finistere-sud-familial-300x289.webp 300w\" sizes=\"(max-width: 686px) 100vw, 686px\" \/><\/figure>\n\n\n\n<figure class=\"wp-block-image size-full\"><img decoding=\"async\" width=\"686\" height=\"660\" src=\"https:\/\/www.le-cabellou-plage.com\/wp-content\/uploads\/2025\/01\/camping-5-etoiles-finistere-sud-en-bord-de-mer.webp\" alt=\"5-Sterne-Campingplatz S&#xFC;d-Finist&#xE8;re am Meer\" class=\"wp-image-15761\" srcset=\"https:\/\/www.le-cabellou-plage.com\/wp-content\/uploads\/2025\/01\/camping-5-etoiles-finistere-sud-en-bord-de-mer.webp 686w, https:\/\/www.le-cabellou-plage.com\/wp-content\/uploads\/2025\/01\/camping-5-etoiles-finistere-sud-en-bord-de-mer-300x289.webp 300w\" sizes=\"(max-width: 686px) 100vw, 686px\" \/><\/figure>\n<\/div>\n<\/div>\n<\/div>\n<\/section>\n\n<section class=\"wp-block-group page-fourth has-custom-color-3-background-color has-background is-layout-flow wp-block-group-is-layout-flow\" style=\"margin-top:0;padding-top:var(--wp--preset--spacing--30);padding-bottom:3rem\">\n<div class=\"wp-block-columns is-layout-flex wp-container-core-columns-is-layout-28f84493 wp-block-columns-is-layout-flex\">\n<div class=\"wp-block-column is-layout-flow wp-block-column-is-layout-flow\" style=\"flex-basis:40%\">\n<figure class=\"wp-block-image size-full animated fadeIn delay-100ms slow\"><img decoding=\"async\" width=\"688\" height=\"639\" src=\"https:\/\/www.le-cabellou-plage.com\/wp-content\/uploads\/2025\/01\/camping-5-etoiles-finistere-sud-avec-emplacements-et-locations.webp\" alt=\"5-Sterne-Campingplatz S&#xFC;d-Finist&#xE8;re mit Stellpl&#xE4;tzen und Mietunterk&#xFC;nften\" class=\"wp-image-16157\" srcset=\"https:\/\/www.le-cabellou-plage.com\/wp-content\/uploads\/2025\/01\/camping-5-etoiles-finistere-sud-avec-emplacements-et-locations.webp 688w, https:\/\/www.le-cabellou-plage.com\/wp-content\/uploads\/2025\/01\/camping-5-etoiles-finistere-sud-avec-emplacements-et-locations-300x279.webp 300w\" sizes=\"(max-width: 688px) 100vw, 688px\" \/><\/figure>\n<\/div>\n\n\n\n<div class=\"wp-block-column is-vertically-aligned-center is-layout-flow wp-block-column-is-layout-flow\" style=\"padding-right:2rem;padding-left:2rem;flex-basis:60%\">\n<div class=\"wp-block-group gt-no-padding-mobile is-layout-flow wp-block-group-is-layout-flow\" style=\"padding-right:15rem;padding-left:10rem\">\n<h2 class=\"wp-block-heading has-base-2-color has-text-color has-link-color wp-elements-7d31a486f3deedb42f63625d69d0f20b\" style=\"margin-bottom:var(--wp--preset--spacing--30)\">5-Sterne-Campingplatz S\u00fcd-Finist\u00e8re<br\/>mit <strong>Stellpl\u00e4tzen und Mietunterk\u00fcnften<\/strong><\/h2>\n\n\n\n<p><strong>Ihr 5-Sterne-Campingplatz S\u00fcd-Finist\u00e8re empf\u00e4ngt Sie in verschiedenen Unterk\u00fcnften<\/strong>. F\u00fcr Campingliebhaber gibt es <a href=\"https:\/\/www.le-cabellou-plage.com\/de\/stellplatz-vermietung-bretagne\/\">Stellpl\u00e4tze mit Stromanschluss<\/a>. <\/p>\n\n\n\n<p>Hier k\u00f6nnen Sie <strong>Ihr Zelt, Ihren Wohnwagen oder Ihr Wohnmobil aufstellen<\/strong>. F\u00fcr einen komfortablen Aufenthalt bieten wir auch <a href=\"https:\/\/www.le-cabellou-plage.com\/de\/vermietung-mobilheime-bretagne\/\">Mobilheime<\/a> ab 2 Schlafzimmern an. <\/p>\n\n\n\n<p>Die gr\u00f6\u00dferen Cottages bieten 3 Schlafzimmer, einen Wohnbereich mit Schlafsofa und zwei Badezimmer f\u00fcr 8 Personen.<\/p>\n<\/div>\n<\/div>\n<\/div>\n<\/section>\n\n<section class=\"wp-block-group page-maillage has-custom-color-2-background-color has-background has-global-padding is-layout-constrained wp-block-group-is-layout-constrained\" style=\"margin-top:0;margin-bottom:0;padding-top:var(--wp--preset--spacing--40);padding-bottom:var(--wp--preset--spacing--40)\">\n<div class=\"wp-block-group h1-like is-layout-flow wp-block-group-is-layout-flow\" style=\"margin-bottom:var(--wp--preset--spacing--50)\">\n<p class=\"has-bodidota-font-family\" style=\"font-size:clamp(47.79px, 2.987rem + ((1vw - 3.2px) * 3.916), 94px);line-height:0.8\">Entdecken Sie<\/p>\n\n\n\n<p class=\"has-custom-color-3-color has-text-color has-link-color has-north-wave-font-family wp-elements-d15f657e6ea934fa36a6382e1d192e4c\" style=\"padding-left:var(--wp--preset--spacing--60);font-size:clamp(52.125px, 3.258rem + ((1vw - 3.2px) * 4.481), 105px);line-height:0.1\">die Bretagne<\/p>\n<\/div>\n\n\n\n<div class=\"wp-block-query is-layout-flow wp-block-query-is-layout-flow\"><ul class=\"columns-3 wp-block-post-template has-medium-font-size is-layout-grid wp-container-core-post-template-is-layout-572542b5 wp-block-post-template-is-layout-grid\"><li class=\"wp-block-post post-20891 page type-page status-publish has-post-thumbnail hentry\">\n\n<figure class=\"wp-block-image maillage-img\"><img decoding=\"async\" src=\"https:\/\/www.le-cabellou-plage.com\/wp-content\/uploads\/2025\/01\/camping-archipel-des-glenan-cabellou-plage-resort-5-etoiles-cta.webp\" alt=\"campingplatz glenan archipel cabellou plage resort 5 sterne\"\/><\/figure>\n\n\n\n<div class=\"wp-block-group content-maillage has-global-padding is-layout-constrained wp-block-group-is-layout-constrained\">\n<p class=\"maillage-title has-base-2-color has-text-color has-link-color has-josefin-sans-font-family wp-elements-939842b9118177581784f7034ceeec07\" style=\"border-style:none;border-width:0px;border-radius:0px;font-size:clamp(0.875rem, 0.875rem + ((1vw - 0.2rem) * 0.576), 1.3rem);letter-spacing:1px;text-transform:uppercase\">Campingplatz Archipel des Gl\u00e9nan<\/p>\n<\/div>\n\n\n<a class=\"is-style-lien-cover wp-block-read-more\" href=\"https:\/\/www.le-cabellou-plage.com\/de\/campingplatz-archipel-des-glenan\/\" target=\"_self\">Read more<span class=\"screen-reader-text\">: Campingplatz Archipel des Gl\u00e9nan<\/span><\/a>\n<\/li><li class=\"wp-block-post post-20900 page type-page status-publish has-post-thumbnail hentry\">\n\n<figure class=\"wp-block-image maillage-img\"><img decoding=\"async\" src=\"https:\/\/www.le-cabellou-plage.com\/wp-content\/uploads\/2025\/01\/camping-bretagne-sud-cabellou-plage-resort-5-etoiles-concarneau-cta.webp\" alt=\"campingplatz bretagne sued cabellou plage resort 5 sterne concarneau\"\/><\/figure>\n\n\n\n<div class=\"wp-block-group content-maillage has-global-padding is-layout-constrained wp-block-group-is-layout-constrained\">\n<p class=\"maillage-title has-base-2-color has-text-color has-link-color has-josefin-sans-font-family wp-elements-939842b9118177581784f7034ceeec07\" style=\"border-style:none;border-width:0px;border-radius:0px;font-size:clamp(0.875rem, 0.875rem + ((1vw - 0.2rem) * 0.576), 1.3rem);letter-spacing:1px;text-transform:uppercase\">Campingplatz Bretagne S\u00fcd<\/p>\n<\/div>\n\n\n<a class=\"is-style-lien-cover wp-block-read-more\" href=\"https:\/\/www.le-cabellou-plage.com\/de\/campingplatz-bretagne-sued\/\" target=\"_self\">Read more<span class=\"screen-reader-text\">: Campingplatz Bretagne S\u00fcd<\/span><\/a>\n<\/li><li class=\"wp-block-post post-20835 page type-page status-publish has-post-thumbnail hentry\">\n\n<figure class=\"wp-block-image maillage-img\"><img decoding=\"async\" src=\"https:\/\/www.le-cabellou-plage.com\/wp-content\/uploads\/2025\/01\/camping-quimper-resort-5-etoiles-le-cabellou-plage-cta.webp\" alt=\"campingplatz quimper resort 5 sterne le cabellou plage\"\/><\/figure>\n\n\n\n<div class=\"wp-block-group content-maillage has-global-padding is-layout-constrained wp-block-group-is-layout-constrained\">\n<p class=\"maillage-title has-base-2-color has-text-color has-link-color has-josefin-sans-font-family wp-elements-939842b9118177581784f7034ceeec07\" style=\"border-style:none;border-width:0px;border-radius:0px;font-size:clamp(0.875rem, 0.875rem + ((1vw - 0.2rem) * 0.576), 1.3rem);letter-spacing:1px;text-transform:uppercase\">Campingplatz Quimper<\/p>\n<\/div>\n\n\n<a class=\"is-style-lien-cover wp-block-read-more\" href=\"https:\/\/www.le-cabellou-plage.com\/de\/campingplatz-quimper\/\" target=\"_self\">Read more<span class=\"screen-reader-text\">: Campingplatz Quimper<\/span><\/a>\n<\/li><\/ul><\/div>\n<\/section>\n","protected":false},"excerpt":{"rendered":"<p>5-Sterne-Campingplatz S\u00fcd-Finist\u00e8re 5 Sterne Familien-Campingplatz S\u00fcd-Finist\u00e8re Wir bieten Ihnen f\u00fcr Ihren Urlaub einen 5-Sterne-Campingplatz Finist\u00e8re Sud f\u00fcr die ganze Familie. F\u00fcr einen Urlaub zu zweit, mit kleinen Kindern bis hin zu Teenagern und warum nicht auch mit den Gro\u00dfeltern? Le Cabellou Plage bietet Einrichtungen, damit jeder seinen Urlaub in vollen Z\u00fcgen genie\u00dfen kann: einen Spielplatz [&hellip;]<\/p>\n","protected":false},"author":1,"featured_media":16431,"parent":0,"menu_order":0,"comment_status":"closed","ping_status":"closed","template":"","meta":{"_acf_changed":false,"_seopress_robots_primary_cat":"","_seopress_titles_title":"5-Sterne-Campingplatz S\u00fcd-Finist\u00e8re Le Cabellou Plage","_seopress_titles_desc":"Campingplatz S\u00fcd Finistere 5 Sterne Le Cabellou Plage mit allem Komfort empf\u00e4ngt Sie direkt am Meer am Strand von Belle Etoiles in Concarneau, um einen sehr angenehmen Urlaub zu verbringen.","_seopress_robots_index":"","inline_featured_image":false,"gt_fse_maillage_image":"https:\/\/www.le-cabellou-plage.com\/wp-content\/uploads\/2025\/01\/camping-5-etoiles-finistere-sud-cabellou-plage-resort-5-etoiles-concarneau-cta.webp","gt_fse_maillage_titre":"5-Sterne-Campingplatz","gt_fse_maillage_alt":"5 sterne campingplatz finistere sued cabellou plage resort 5 sterne concarneau","gt_fse_maillage_resume":"","footnotes":""},"categories":[],"tags":[],"class_list":["post-20887","page","type-page","status-publish","has-post-thumbnail","hentry"],"acf":[],"_links":{"self":[{"href":"https:\/\/www.le-cabellou-plage.com\/de\/wp-json\/wp\/v2\/pages\/20887","targetHints":{"allow":["GET"]}}],"collection":[{"href":"https:\/\/www.le-cabellou-plage.com\/de\/wp-json\/wp\/v2\/pages"}],"about":[{"href":"https:\/\/www.le-cabellou-plage.com\/de\/wp-json\/wp\/v2\/types\/page"}],"author":[{"embeddable":true,"href":"https:\/\/www.le-cabellou-plage.com\/de\/wp-json\/wp\/v2\/users\/1"}],"replies":[{"embeddable":true,"href":"https:\/\/www.le-cabellou-plage.com\/de\/wp-json\/wp\/v2\/comments?post=20887"}],"version-history":[{"count":3,"href":"https:\/\/www.le-cabellou-plage.com\/de\/wp-json\/wp\/v2\/pages\/20887\/revisions"}],"predecessor-version":[{"id":22508,"href":"https:\/\/www.le-cabellou-plage.com\/de\/wp-json\/wp\/v2\/pages\/20887\/revisions\/22508"}],"wp:featuredmedia":[{"embeddable":true,"href":"https:\/\/www.le-cabellou-plage.com\/de\/wp-json\/wp\/v2\/media\/16431"}],"wp:attachment":[{"href":"https:\/\/www.le-cabellou-plage.com\/de\/wp-json\/wp\/v2\/media?parent=20887"}],"wp:term":[{"taxonomy":"category","embeddable":true,"href":"https:\/\/www.le-cabellou-plage.com\/de\/wp-json\/wp\/v2\/categories?post=20887"},{"taxonomy":"post_tag","embeddable":true,"href":"https:\/\/www.le-cabellou-plage.com\/de\/wp-json\/wp\/v2\/tags?post=20887"}],"curies":[{"name":"wp","href":"https:\/\/api.w.org\/{rel}","templated":true}]}}