{"id":20842,"date":"2025-01-20T10:03:13","date_gmt":"2025-01-20T09:03:13","guid":{"rendered":"https:\/\/www.le-cabellou-plage.com\/visiter-notre-region\/"},"modified":"2025-03-07T10:50:10","modified_gmt":"2025-03-07T09:50:10","slug":"unsere-region-besuchen","status":"publish","type":"page","link":"https:\/\/www.le-cabellou-plage.com\/de\/unsere-region-besuchen\/","title":{"rendered":"Besuchen Sie unsere Region"},"content":{"rendered":"\n<section class=\"wp-block-group home-intro page-one has-custom-color-2-background-color has-background is-layout-flow wp-block-group-is-layout-flow\" style=\"padding-top:var(--wp--preset--spacing--40);padding-bottom:var(--wp--preset--spacing--30)\">\n<div class=\"wp-block-columns is-layout-flex wp-container-core-columns-is-layout-b0eedf20 wp-block-columns-is-layout-flex\" style=\"margin-top:1rem;margin-bottom:0\">\n<div class=\"wp-block-column is-layout-flow wp-block-column-is-layout-flow\" style=\"padding-right:2rem;padding-left:2rem;flex-basis:60%\">\n<div class=\"wp-block-group gt-no-padding-mobile is-layout-flow wp-block-group-is-layout-flow\" style=\"padding-right:10rem;padding-left:15rem\">\n<h1 class=\"wp-block-heading\"><strong>Besuchen Sie unsere sch\u00f6ne Region<\/strong>,<br\/>die Bretagne<\/h1>\n\n\n\n<p>Von <a href=\"https:\/\/www.le-cabellou-plage.com\/de\/concarneau-tourismus\/\">Concarneau<\/a> aus k\u00f6nnen Sie die Hauptstadt der Cornouaille, <strong>Quimper<\/strong>, erreichen. <strong>Quimper<\/strong> ist eine Stadt der Kunst und der Geschichte, dank der Qualit\u00e4t ihres <strong>architektonischen Erbes<\/strong>. Die Kathedrale St. Corentin, die H\u00e4user aus dem 16. und 17. Jahrhundert neben den Stadtmauern und den Kais der Odet. <\/p>\n\n\n\n<p>Von hier aus erreichen Sie <strong>Locronan<\/strong>, eine Stadt mit Charakter, die K\u00fcnstler inspiriert hat.<\/p>\n\n\n\n<p>Weiter s\u00fcdlich, aber nicht weit von Ihrem <a href=\"https:\/\/www.le-cabellou-plage.com\/de\/\">Campingplatz<\/a> entfernt, besuchen Sie <strong>Pont Aven<\/strong>, die Stadt der Maler, die Gauguin so sehr liebte, und fahren dann nach <strong>Riec sur Bel<\/strong> on, wo Sie die ber\u00fchmten Austern von Belon probieren k\u00f6nnen. Nur einen Steinwurf von Le Cabellou entfernt liegt <strong>Morbihan <\/strong>: von <strong>Lorient bis Vannes<\/strong> finden Sie die Wunder der <strong>s\u00fcdlichen Bretagne<\/strong>: <strong>Carnac <\/strong>und die ber\u00fchmten Alignements, <strong>La Trinit\u00e9 sur Mer<\/strong>, <strong>Quiberon<\/strong>&#8230;. <\/p>\n\n\n\n<p>Von hier aus erreichen Sie <strong>Locronan<\/strong>, eine Stadt mit Charakter, die K\u00fcnstler inspiriert hat.<\/p>\n\n\n\n<p>Weiter s\u00fcdlich, aber nicht weit von Ihrem Campingplatz entfernt, besuchen Sie <strong>Pont Aven<\/strong>, die Stadt der Maler, die Gauguin so sehr liebte, und fahren dann nach <strong>Riec sur Bel<\/strong> on, wo Sie die ber\u00fchmten Austern von Belon probieren k\u00f6nnen. Nur einen Steinwurf von Le Cabellou entfernt liegt <strong>Morbihan <\/strong>: von <strong>Lorient bis Vannes<\/strong> finden Sie die Wunder der <strong>s\u00fcdlichen Bretagne<\/strong>: <strong>Carnac <\/strong>und die ber\u00fchmten Alignements, <strong>La Trinit\u00e9 sur Mer<\/strong>, <strong>Quiberon<\/strong>&#8230;. <\/p>\n<\/div>\n<\/div>\n\n\n\n<div class=\"wp-block-column animated fadeIn delay-100ms slow is-layout-flow wp-block-column-is-layout-flow\" style=\"padding-top:0em;flex-basis:40%\">\n<div data-swiper=\"{&quot;speed&quot;:400,&quot;spaceBetween&quot;:16,&quot;slidesPerView&quot;:1,&quot;createElements&quot;:true,&quot;loop&quot;:true,&quot;freemode&quot;:true,&quot;pagination&quot;:{&quot;el&quot;:&quot;.swiper-pagination&quot;,&quot;dynamicBullets&quot;:false},&quot;breakpoints&quot;:{&quot;0&quot;:{&quot;slidesPerView&quot;:1},&quot;380&quot;:[],&quot;1024&quot;:[]},&quot;navigation&quot;:false,&quot;effect&quot;:&quot;fade&quot;}\" class=\"wp-block-group gt-is-slider gt-is-slider-desktop has-global-padding is-layout-constrained wp-block-group-is-layout-constrained\">\n<figure class=\"wp-block-image size-full\"><img decoding=\"async\" width=\"686\" height=\"660\" src=\"https:\/\/www.le-cabellou-plage.com\/wp-content\/uploads\/2025\/02\/visitez-notre-belle-region-la-bretagne.webp\" alt=\"Besuchen Sie unsere sch&#xF6;ne Region, die Bretagne\" class=\"wp-image-17038\" srcset=\"https:\/\/www.le-cabellou-plage.com\/wp-content\/uploads\/2025\/02\/visitez-notre-belle-region-la-bretagne.webp 686w, https:\/\/www.le-cabellou-plage.com\/wp-content\/uploads\/2025\/02\/visitez-notre-belle-region-la-bretagne-300x289.webp 300w\" sizes=\"(max-width: 686px) 100vw, 686px\" \/><\/figure>\n\n\n\n<figure class=\"wp-block-image size-full\"><img decoding=\"async\" width=\"686\" height=\"660\" src=\"https:\/\/www.le-cabellou-plage.com\/wp-content\/uploads\/2025\/02\/visiterez-pont-aven-la-citee-des-peintres.webp\" alt=\"Besuchen Sie Pont Aven, die Stadt der Maler.\" class=\"wp-image-17042\" srcset=\"https:\/\/www.le-cabellou-plage.com\/wp-content\/uploads\/2025\/02\/visiterez-pont-aven-la-citee-des-peintres.webp 686w, https:\/\/www.le-cabellou-plage.com\/wp-content\/uploads\/2025\/02\/visiterez-pont-aven-la-citee-des-peintres-300x289.webp 300w\" sizes=\"(max-width: 686px) 100vw, 686px\" \/><\/figure>\n\n\n\n<figure class=\"wp-block-image size-full\"><img decoding=\"async\" width=\"686\" height=\"660\" src=\"https:\/\/www.le-cabellou-plage.com\/wp-content\/uploads\/2025\/02\/plage-de-quiberon.webp\" alt=\"Strand von Quiberon\" class=\"wp-image-17046\" srcset=\"https:\/\/www.le-cabellou-plage.com\/wp-content\/uploads\/2025\/02\/plage-de-quiberon.webp 686w, https:\/\/www.le-cabellou-plage.com\/wp-content\/uploads\/2025\/02\/plage-de-quiberon-300x289.webp 300w\" sizes=\"(max-width: 686px) 100vw, 686px\" \/><\/figure>\n<\/div>\n<\/div>\n<\/div>\n<\/section>\n\n<section class=\"wp-block-group page-fourth has-custom-color-3-background-color has-background is-layout-flow wp-block-group-is-layout-flow\" style=\"margin-top:0;padding-top:var(--wp--preset--spacing--30);padding-bottom:3rem\">\n<div class=\"wp-block-columns is-layout-flex wp-container-core-columns-is-layout-28f84493 wp-block-columns-is-layout-flex\">\n<div class=\"wp-block-column is-layout-flow wp-block-column-is-layout-flow\" style=\"flex-basis:40%\">\n<figure class=\"wp-block-image size-full animated fadeIn delay-100ms slow\"><img decoding=\"async\" width=\"688\" height=\"639\" src=\"https:\/\/www.le-cabellou-plage.com\/wp-content\/uploads\/2025\/02\/la-ville-bleue-joyaux-de-bretagne.webp\" alt=\"die blaue Stadt, die Juwelen der Bretagne\" class=\"wp-image-17050\" srcset=\"https:\/\/www.le-cabellou-plage.com\/wp-content\/uploads\/2025\/02\/la-ville-bleue-joyaux-de-bretagne.webp 688w, https:\/\/www.le-cabellou-plage.com\/wp-content\/uploads\/2025\/02\/la-ville-bleue-joyaux-de-bretagne-300x279.webp 300w\" sizes=\"(max-width: 688px) 100vw, 688px\" \/><\/figure>\n<\/div>\n\n\n\n<div class=\"wp-block-column is-vertically-aligned-center is-layout-flow wp-block-column-is-layout-flow\" style=\"padding-right:2rem;padding-left:2rem;flex-basis:60%\">\n<div class=\"wp-block-group gt-no-padding-mobile is-layout-flow wp-block-group-is-layout-flow\" style=\"padding-right:15rem;padding-left:10rem\">\n<h2 class=\"wp-block-heading has-base-2-color has-text-color has-link-color wp-elements-5b884b6c4e59ed495b004381c63a4182\" style=\"margin-bottom:var(--wp--preset--spacing--30)\">Die blaue Stadt: <strong>Juwelen der Bretagne<\/strong><\/h2>\n\n\n\n<p>Neben der Freude, <strong>Concarneau<\/strong>, die Stadt der Kunst und Geschichte, zu <strong>besuchen<\/strong>, k\u00f6nnen Sie die denkmalgesch\u00fctzten Monumente bewundern: die geschlossene Stadt und ihre Stadtmauern, das Schloss Keriolet, das Fort du Cabellou&#8230;. Sie k\u00f6nnen auch eine Abfahrt zu den <a href=\"https:\/\/www.le-cabellou-plage.com\/de\/willkommen-auf-dem-blog-von-le-cabellou-plage\/finistere-sud-de\/archipel-des-glenan\/\">Gl\u00e9nan-Inseln<\/a>, der &#8220;<strong>bretonischen Karibik<\/strong> &#8220;, planen. <\/p>\n\n\n\n<p>Die <strong>Schlosskirche<\/strong> ist eine der meistbesuchten Sehensw\u00fcrdigkeiten der <a href=\"https:\/\/www.le-cabellou-plage.com\/de\/tourismus-bretagne-sued\/\">Bretagne<\/a>. Im Sommer sollte man sie am besten am Morgen besuchen. Auf einer 350 m langen und 100 m breiten Insel steht sie mit einem freundlichen Glockenturm und einer Sonnenuhr. Zwei kleine Br\u00fccken \u00f6ffnen Ihnen die Tore zur Stadtmauer. Die Hauptstra\u00dfe, die Rue Vauban, ist ges\u00e4umt von charmanten H\u00e4usern mit Schildern, die zu der Stadt passen.     <strong>An den Seiten f\u00fchren gepflasterte Gassen zu \u00d6ffnungen, die den Blick auf den Fischereihafen freigeben. Auf dem Weg dorthin sollten Sie sich den sch\u00f6nen Brunnen auf dem Place Saint-Gu\u00e9nol\u00e9 nicht entgehen lassen. <\/strong><\/p>\n<\/div>\n<\/div>\n<\/div>\n<\/section>\n\n<section class=\"wp-block-group page-maillage has-custom-color-2-background-color has-background has-global-padding is-layout-constrained wp-block-group-is-layout-constrained\" style=\"margin-top:0;margin-bottom:0;padding-top:var(--wp--preset--spacing--40);padding-bottom:var(--wp--preset--spacing--40)\">\n<div class=\"wp-block-group h1-like is-layout-flow wp-block-group-is-layout-flow\" style=\"margin-bottom:var(--wp--preset--spacing--50)\">\n<p class=\"has-bodidota-font-family\" style=\"font-size:clamp(47.79px, 2.987rem + ((1vw - 3.2px) * 3.916), 94px);line-height:0.8\">Entdecken Sie<\/p>\n\n\n\n<p class=\"has-custom-color-3-color has-text-color has-link-color has-north-wave-font-family wp-elements-d15f657e6ea934fa36a6382e1d192e4c\" style=\"padding-left:var(--wp--preset--spacing--60);font-size:clamp(52.125px, 3.258rem + ((1vw - 3.2px) * 4.481), 105px);line-height:0.1\">die Bretagne<\/p>\n<\/div>\n\n\n\n<div class=\"wp-block-query is-layout-flow wp-block-query-is-layout-flow\"><ul class=\"columns-3 wp-block-post-template has-medium-font-size is-layout-grid wp-container-core-post-template-is-layout-572542b5 wp-block-post-template-is-layout-grid\"><li class=\"wp-block-post post-20828 page type-page status-publish has-post-thumbnail hentry\">\n\n<figure class=\"wp-block-image maillage-img\"><img decoding=\"async\" src=\"https:\/\/www.le-cabellou-plage.com\/wp-content\/uploads\/2025\/01\/camping-bretagne-sud-chien-resort-5-etoiles-le-cabellou-plage-concarneau-cta.webp\" alt=\"campingplatz bretagne sued hund resort 5 sterne le cabellou strand concarneau\"\/><\/figure>\n\n\n\n<div class=\"wp-block-group content-maillage has-global-padding is-layout-constrained wp-block-group-is-layout-constrained\">\n<p class=\"maillage-title has-base-2-color has-text-color has-link-color has-josefin-sans-font-family wp-elements-939842b9118177581784f7034ceeec07\" style=\"border-style:none;border-width:0px;border-radius:0px;font-size:clamp(0.875rem, 0.875rem + ((1vw - 0.2rem) * 0.576), 1.3rem);letter-spacing:1px;text-transform:uppercase\">Campingplatz Bretagne S\u00fcd Hund<\/p>\n<\/div>\n\n\n<a class=\"is-style-lien-cover wp-block-read-more\" href=\"https:\/\/www.le-cabellou-plage.com\/de\/campingplatz-bretagne-sued-hund\/\" target=\"_self\">Read more<span class=\"screen-reader-text\">: Campingplatz Bretagne S\u00fcd Hund<\/span><\/a>\n<\/li><li class=\"wp-block-post post-20847 page type-page status-publish has-post-thumbnail hentry\">\n\n<figure class=\"wp-block-image maillage-img\"><img decoding=\"async\" src=\"https:\/\/www.le-cabellou-plage.com\/wp-content\/uploads\/2025\/01\/camping-concarneau-tout-confort-resort-5-etoiles-le-cabellou-plage-cta.webp\" alt=\"campingplatz concarneau mit allem Komfort resort 5 sterne le cabellou plage\"\/><\/figure>\n\n\n\n<div class=\"wp-block-group content-maillage has-global-padding is-layout-constrained wp-block-group-is-layout-constrained\">\n<p class=\"maillage-title has-base-2-color has-text-color has-link-color has-josefin-sans-font-family wp-elements-939842b9118177581784f7034ceeec07\" style=\"border-style:none;border-width:0px;border-radius:0px;font-size:clamp(0.875rem, 0.875rem + ((1vw - 0.2rem) * 0.576), 1.3rem);letter-spacing:1px;text-transform:uppercase\">Campingplatz Concarneau mit allem Komfort<\/p>\n<\/div>\n\n\n<a class=\"is-style-lien-cover wp-block-read-more\" href=\"https:\/\/www.le-cabellou-plage.com\/de\/campingplatz-concarneau-mit-allem-komfort\/\" target=\"_self\">Read more<span class=\"screen-reader-text\">: Campingplatz Concarneau mit allem Komfort<\/span><\/a>\n<\/li><li class=\"wp-block-post post-20854 page type-page status-publish has-post-thumbnail hentry\">\n\n<figure class=\"wp-block-image maillage-img\"><img decoding=\"async\" src=\"https:\/\/www.le-cabellou-plage.com\/wp-content\/uploads\/2025\/01\/camping-finistere-sud-cabellou-plage-resort-5-etoiles-concarneau-cta.webp\" alt=\"campingplatz sued finistere cabellou plage resort 5 sterne concarneau\"\/><\/figure>\n\n\n\n<div class=\"wp-block-group content-maillage has-global-padding is-layout-constrained wp-block-group-is-layout-constrained\">\n<p class=\"maillage-title has-base-2-color has-text-color has-link-color has-josefin-sans-font-family wp-elements-939842b9118177581784f7034ceeec07\" style=\"border-style:none;border-width:0px;border-radius:0px;font-size:clamp(0.875rem, 0.875rem + ((1vw - 0.2rem) * 0.576), 1.3rem);letter-spacing:1px;text-transform:uppercase\">Campingplatz S\u00fcd-Finist\u00e8re Cabellou Plage<\/p>\n<\/div>\n\n\n<a class=\"is-style-lien-cover wp-block-read-more\" href=\"https:\/\/www.le-cabellou-plage.com\/de\/campingplatz-sued-finistere-cabellou-plage\/\" target=\"_self\">Read more<span class=\"screen-reader-text\">: Campingplatz S\u00fcd-Finist\u00e8re Cabellou Plage<\/span><\/a>\n<\/li><\/ul><\/div>\n<\/section>\n","protected":false},"excerpt":{"rendered":"<p>Besuchen Sie unsere sch\u00f6ne Region,die Bretagne Von Concarneau aus k\u00f6nnen Sie die Hauptstadt der Cornouaille, Quimper, erreichen. Quimper ist eine Stadt der Kunst und der Geschichte, dank der Qualit\u00e4t ihres architektonischen Erbes. Die Kathedrale St. Corentin, die H\u00e4user aus dem 16. und 17. Jahrhundert neben den Stadtmauern und den Kais der Odet. Von hier aus [&hellip;]<\/p>\n","protected":false},"author":1,"featured_media":12968,"parent":0,"menu_order":0,"comment_status":"closed","ping_status":"closed","template":"","meta":{"_acf_changed":false,"_seopress_robots_primary_cat":"","_seopress_titles_title":"Besuchen Sie unsere Region - Camping Le Cabellou Plage","_seopress_titles_desc":"Erkunden Sie Concarneau, Quimper, Locronan und mehr! Bewundern Sie die Kunst, die Geschichte und probieren Sie Austern. Erleben Sie ein Abenteuer in der s\u00fcdlichen Bretagne.  ","_seopress_robots_index":"","inline_featured_image":false,"gt_fse_maillage_image":"https:\/\/www.le-cabellou-plage.com\/wp-content\/uploads\/2025\/01\/visiter-notre-region-la-bretagne-cta.webp","gt_fse_maillage_titre":"Besuchen Sie unsere Region","gt_fse_maillage_alt":"Besuchen Sie unsere Region, die Bretagne","gt_fse_maillage_resume":"","footnotes":""},"categories":[],"tags":[],"class_list":["post-20842","page","type-page","status-publish","has-post-thumbnail","hentry"],"acf":[],"_links":{"self":[{"href":"https:\/\/www.le-cabellou-plage.com\/de\/wp-json\/wp\/v2\/pages\/20842","targetHints":{"allow":["GET"]}}],"collection":[{"href":"https:\/\/www.le-cabellou-plage.com\/de\/wp-json\/wp\/v2\/pages"}],"about":[{"href":"https:\/\/www.le-cabellou-plage.com\/de\/wp-json\/wp\/v2\/types\/page"}],"author":[{"embeddable":true,"href":"https:\/\/www.le-cabellou-plage.com\/de\/wp-json\/wp\/v2\/users\/1"}],"replies":[{"embeddable":true,"href":"https:\/\/www.le-cabellou-plage.com\/de\/wp-json\/wp\/v2\/comments?post=20842"}],"version-history":[{"count":8,"href":"https:\/\/www.le-cabellou-plage.com\/de\/wp-json\/wp\/v2\/pages\/20842\/revisions"}],"predecessor-version":[{"id":22990,"href":"https:\/\/www.le-cabellou-plage.com\/de\/wp-json\/wp\/v2\/pages\/20842\/revisions\/22990"}],"wp:featuredmedia":[{"embeddable":true,"href":"https:\/\/www.le-cabellou-plage.com\/de\/wp-json\/wp\/v2\/media\/12968"}],"wp:attachment":[{"href":"https:\/\/www.le-cabellou-plage.com\/de\/wp-json\/wp\/v2\/media?parent=20842"}],"wp:term":[{"taxonomy":"category","embeddable":true,"href":"https:\/\/www.le-cabellou-plage.com\/de\/wp-json\/wp\/v2\/categories?post=20842"},{"taxonomy":"post_tag","embeddable":true,"href":"https:\/\/www.le-cabellou-plage.com\/de\/wp-json\/wp\/v2\/tags?post=20842"}],"curies":[{"name":"wp","href":"https:\/\/api.w.org\/{rel}","templated":true}]}}