{"id":20828,"date":"2025-01-20T10:07:16","date_gmt":"2025-01-20T09:07:16","guid":{"rendered":"https:\/\/www.le-cabellou-plage.com\/camping-bretagne-sud-chien\/"},"modified":"2025-03-07T13:43:57","modified_gmt":"2025-03-07T12:43:57","slug":"campingplatz-bretagne-sued-hund","status":"publish","type":"page","link":"https:\/\/www.le-cabellou-plage.com\/de\/campingplatz-bretagne-sued-hund\/","title":{"rendered":"Campingplatz Bretagne S\u00fcd Hund"},"content":{"rendered":"\n<section class=\"wp-block-group home-intro page-one has-custom-color-2-background-color has-background is-layout-flow wp-block-group-is-layout-flow\" style=\"padding-top:var(--wp--preset--spacing--40);padding-bottom:var(--wp--preset--spacing--30)\">\n<div class=\"wp-block-columns is-layout-flex wp-container-core-columns-is-layout-b0eedf20 wp-block-columns-is-layout-flex\" style=\"margin-top:1rem;margin-bottom:0\">\n<div class=\"wp-block-column is-layout-flow wp-block-column-is-layout-flow\" style=\"padding-right:2rem;padding-left:2rem;flex-basis:60%\">\n<div class=\"wp-block-group gt-no-padding-mobile is-layout-flow wp-block-group-is-layout-flow\" style=\"padding-right:10rem;padding-left:15rem\">\n<h1 class=\"wp-block-heading\"><strong>Campingplatz Finist\u00e8re S\u00fcd<\/strong> mit Hund<\/h1>\n\n\n\n<h2 class=\"wp-block-heading\" style=\"padding-top:var(--wp--preset--spacing--30);text-transform:uppercase\">Campingurlaub Finist\u00e8re Sud <strong>mit Hund<\/strong><\/h2>\n\n\n\n<p><strong>Ihre Haustiere sind auf dem <a href=\"https:\/\/www.le-cabellou-plage.com\/de\/tourismus-finistere-sued\/\">Campingplatz Finist\u00e8re Sud<\/a> in Le Cabellou Plage de Concarneau herzlich willkommen<\/strong>. Hier finden Sie alles, was Sie brauchen, um Ihren Urlaub mit Ihrem treuen Begleiter zu genie\u00dfen! <\/p>\n\n\n\n<p>In der Sanit\u00e4ranlage gibt es eine Dusche, um <strong>Ihren Hund abzusp\u00fclen<\/strong>, und in der N\u00e4he der Rezeption stehen Beutel zur Verf\u00fcgung, um den Kot zu entsorgen.<\/p>\n\n\n\n<p>Nur Hunde der ersten und zweiten Kategorie sind nicht zugelassen.<\/p>\n\n\n\n<h2 class=\"wp-block-heading\" style=\"padding-top:var(--wp--preset--spacing--30);text-transform:uppercase\"><strong>Was kann man auf dem Campingplatz Finist\u00e8re Sud<\/strong> mit seinem Hund unternehmen?<\/h2>\n\n\n\n<p>Lassen Sie ihn nicht hinter sich, wenn Sie einen Spaziergang machen. <strong>Der GR34<\/strong>, ein K\u00fcstenpfad, der um die<strong> Pointe du Cabellou<\/strong> und Ihren <a href=\"https:\/\/www.le-cabellou-plage.com\/de\/\">Campingplatz Concarneau<\/a> herumf\u00fchrt, ist ein wunderbarer Spielplatz.<\/p>\n\n\n\n<p>Obwohl einige Str\u00e4nde nicht f\u00fcr Haustiere geeignet sind, gibt es in der<strong>Bucht von Pouldohan mehrere Buchten mit Zugang zum Meer.<\/strong> Hier k\u00f6nnen Sie mit Ihrem Hund in einer wundersch\u00f6nen Umgebung schwimmen gehen. <\/p>\n<\/div>\n<\/div>\n\n\n\n<div class=\"wp-block-column animated fadeIn delay-100ms slow is-layout-flow wp-block-column-is-layout-flow\" style=\"padding-top:0em;flex-basis:40%\">\n<div data-swiper=\"{&quot;speed&quot;:400,&quot;spaceBetween&quot;:16,&quot;slidesPerView&quot;:1,&quot;createElements&quot;:true,&quot;loop&quot;:true,&quot;freemode&quot;:true,&quot;pagination&quot;:{&quot;el&quot;:&quot;.swiper-pagination&quot;,&quot;dynamicBullets&quot;:false},&quot;breakpoints&quot;:{&quot;0&quot;:{&quot;slidesPerView&quot;:1},&quot;380&quot;:[],&quot;1024&quot;:[]},&quot;navigation&quot;:false,&quot;effect&quot;:&quot;fade&quot;}\" class=\"wp-block-group gt-is-slider gt-is-slider-desktop has-global-padding is-layout-constrained wp-block-group-is-layout-constrained\">\n<figure class=\"wp-block-image size-full\"><img decoding=\"async\" width=\"686\" height=\"660\" src=\"https:\/\/www.le-cabellou-plage.com\/wp-content\/uploads\/2025\/02\/camping-finistere-sud-avec-son-chien.webp\" alt=\"Campingplatz S&#xFC;dfinistere mit Hund\" class=\"wp-image-17173\" srcset=\"https:\/\/www.le-cabellou-plage.com\/wp-content\/uploads\/2025\/02\/camping-finistere-sud-avec-son-chien.webp 686w, https:\/\/www.le-cabellou-plage.com\/wp-content\/uploads\/2025\/02\/camping-finistere-sud-avec-son-chien-300x289.webp 300w\" sizes=\"(max-width: 686px) 100vw, 686px\" \/><\/figure>\n\n\n\n<figure class=\"wp-block-image size-full\"><img decoding=\"async\" width=\"686\" height=\"660\" src=\"https:\/\/www.le-cabellou-plage.com\/wp-content\/uploads\/2025\/02\/partir-en-camping-finistere-sud-avec-son-chien.webp\" alt=\"Campingurlaub mit Hund in S&#xFC;d-Finistere\" class=\"wp-image-17177\" srcset=\"https:\/\/www.le-cabellou-plage.com\/wp-content\/uploads\/2025\/02\/partir-en-camping-finistere-sud-avec-son-chien.webp 686w, https:\/\/www.le-cabellou-plage.com\/wp-content\/uploads\/2025\/02\/partir-en-camping-finistere-sud-avec-son-chien-300x289.webp 300w\" sizes=\"(max-width: 686px) 100vw, 686px\" \/><\/figure>\n\n\n\n<figure class=\"wp-block-image size-full\"><img decoding=\"async\" width=\"686\" height=\"660\" src=\"https:\/\/www.le-cabellou-plage.com\/wp-content\/uploads\/2025\/02\/que-faire-en-camping-finistere-sud-avec-son-chien.webp\" alt=\"Was kann man mit seinem Hund auf einem Campingplatz in S&#xFC;d-Finistere unternehmen?\" class=\"wp-image-17181\" srcset=\"https:\/\/www.le-cabellou-plage.com\/wp-content\/uploads\/2025\/02\/que-faire-en-camping-finistere-sud-avec-son-chien.webp 686w, https:\/\/www.le-cabellou-plage.com\/wp-content\/uploads\/2025\/02\/que-faire-en-camping-finistere-sud-avec-son-chien-300x289.webp 300w\" sizes=\"(max-width: 686px) 100vw, 686px\" \/><\/figure>\n<\/div>\n<\/div>\n<\/div>\n<\/section>\n\n<section class=\"wp-block-group page-fourth has-custom-color-3-background-color has-background is-layout-flow wp-block-group-is-layout-flow\" style=\"margin-top:0;padding-top:var(--wp--preset--spacing--30);padding-bottom:3rem\">\n<div class=\"wp-block-columns is-layout-flex wp-container-core-columns-is-layout-28f84493 wp-block-columns-is-layout-flex\">\n<div class=\"wp-block-column is-layout-flow wp-block-column-is-layout-flow\" style=\"flex-basis:40%\">\n<figure class=\"wp-block-image size-full animated fadeIn delay-100ms slow\"><img decoding=\"async\" width=\"688\" height=\"639\" src=\"https:\/\/www.le-cabellou-plage.com\/wp-content\/uploads\/2025\/02\/prendre-soin-de-lui-en-camping-finistere-sud-salon-de-toilettage.webp\" alt=\"Pflege auf dem Campingplatz Finistere Sued Grooming Salon\" class=\"wp-image-17186\" srcset=\"https:\/\/www.le-cabellou-plage.com\/wp-content\/uploads\/2025\/02\/prendre-soin-de-lui-en-camping-finistere-sud-salon-de-toilettage.webp 688w, https:\/\/www.le-cabellou-plage.com\/wp-content\/uploads\/2025\/02\/prendre-soin-de-lui-en-camping-finistere-sud-salon-de-toilettage-300x279.webp 300w\" sizes=\"(max-width: 688px) 100vw, 688px\" \/><\/figure>\n<\/div>\n\n\n\n<div class=\"wp-block-column is-vertically-aligned-center is-layout-flow wp-block-column-is-layout-flow\" style=\"padding-right:2rem;padding-left:2rem;flex-basis:60%\">\n<div class=\"wp-block-group gt-no-padding-mobile is-layout-flow wp-block-group-is-layout-flow\" style=\"padding-right:15rem;padding-left:10rem\">\n<h2 class=\"wp-block-heading has-base-2-color has-text-color has-link-color wp-elements-f8b8d64d74ae9a469953880779ded720\" style=\"margin-bottom:var(--wp--preset--spacing--30)\"><strong>Pflege<\/strong> auf dem Campingplatz Finist\u00e8re S\u00fcd<\/h2>\n\n\n\n<p>Da <strong>auch Ihr Hund gerne verw\u00f6hnt wird,<\/strong> gibt es in <strong>Concarneau<\/strong> mehrere Hundesalons, die ihn pflegen.<\/p>\n\n\n\n<p>Ihre Gesundheit ist Ihnen wichtig? Eine Tierarztpraxis befindet sich nur wenige Schritte von <strong>Ihrem Campingplatz Finist\u00e8re Sud<\/strong> entfernt in der Avenue du Cabellou. <\/p>\n\n\n\n<p>F\u00fcr sein Wohlbefinden und das der anderen <strong>wird bei Ihrer Ankunft ein aktueller Impfpass, einschlie\u00dflich Tollwutschutz, verlangt.<\/strong><\/p>\n<\/div>\n<\/div>\n<\/div>\n<\/section>\n\n<section class=\"wp-block-group page-maillage has-custom-color-2-background-color has-background has-global-padding is-layout-constrained wp-block-group-is-layout-constrained\" style=\"margin-top:0;margin-bottom:0;padding-top:var(--wp--preset--spacing--40);padding-bottom:var(--wp--preset--spacing--40)\">\n<div class=\"wp-block-group h1-like is-layout-flow wp-block-group-is-layout-flow\" style=\"margin-bottom:var(--wp--preset--spacing--50)\">\n<p class=\"has-bodidota-font-family\" style=\"font-size:clamp(47.79px, 2.987rem + ((1vw - 3.2px) * 3.916), 94px);line-height:0.8\">Entdecken Sie<\/p>\n\n\n\n<p class=\"has-custom-color-3-color has-text-color has-link-color has-north-wave-font-family wp-elements-d15f657e6ea934fa36a6382e1d192e4c\" style=\"padding-left:var(--wp--preset--spacing--60);font-size:clamp(52.125px, 3.258rem + ((1vw - 3.2px) * 4.481), 105px);line-height:0.1\">die Bretagne<\/p>\n<\/div>\n\n\n\n<div class=\"wp-block-query is-layout-flow wp-block-query-is-layout-flow\"><ul class=\"columns-3 wp-block-post-template has-medium-font-size is-layout-grid wp-container-core-post-template-is-layout-572542b5 wp-block-post-template-is-layout-grid\"><li class=\"wp-block-post post-20847 page type-page status-publish has-post-thumbnail hentry\">\n\n<figure class=\"wp-block-image maillage-img\"><img decoding=\"async\" src=\"https:\/\/www.le-cabellou-plage.com\/wp-content\/uploads\/2025\/01\/camping-concarneau-tout-confort-resort-5-etoiles-le-cabellou-plage-cta.webp\" alt=\"campingplatz concarneau mit allem Komfort resort 5 sterne le cabellou plage\"\/><\/figure>\n\n\n\n<div class=\"wp-block-group content-maillage has-global-padding is-layout-constrained wp-block-group-is-layout-constrained\">\n<p class=\"maillage-title has-base-2-color has-text-color has-link-color has-josefin-sans-font-family wp-elements-939842b9118177581784f7034ceeec07\" style=\"border-style:none;border-width:0px;border-radius:0px;font-size:clamp(0.875rem, 0.875rem + ((1vw - 0.2rem) * 0.576), 1.3rem);letter-spacing:1px;text-transform:uppercase\">Campingplatz Concarneau mit allem Komfort<\/p>\n<\/div>\n\n\n<a class=\"is-style-lien-cover wp-block-read-more\" href=\"https:\/\/www.le-cabellou-plage.com\/de\/campingplatz-concarneau-mit-allem-komfort\/\" target=\"_self\">Read more<span class=\"screen-reader-text\">: Campingplatz Concarneau mit allem Komfort<\/span><\/a>\n<\/li><li class=\"wp-block-post post-20854 page type-page status-publish has-post-thumbnail hentry\">\n\n<figure class=\"wp-block-image maillage-img\"><img decoding=\"async\" src=\"https:\/\/www.le-cabellou-plage.com\/wp-content\/uploads\/2025\/01\/camping-finistere-sud-cabellou-plage-resort-5-etoiles-concarneau-cta.webp\" alt=\"campingplatz sued finistere cabellou plage resort 5 sterne concarneau\"\/><\/figure>\n\n\n\n<div class=\"wp-block-group content-maillage has-global-padding is-layout-constrained wp-block-group-is-layout-constrained\">\n<p class=\"maillage-title has-base-2-color has-text-color has-link-color has-josefin-sans-font-family wp-elements-939842b9118177581784f7034ceeec07\" style=\"border-style:none;border-width:0px;border-radius:0px;font-size:clamp(0.875rem, 0.875rem + ((1vw - 0.2rem) * 0.576), 1.3rem);letter-spacing:1px;text-transform:uppercase\">Campingplatz S\u00fcd-Finist\u00e8re Cabellou Plage<\/p>\n<\/div>\n\n\n<a class=\"is-style-lien-cover wp-block-read-more\" href=\"https:\/\/www.le-cabellou-plage.com\/de\/campingplatz-sued-finistere-cabellou-plage\/\" target=\"_self\">Read more<span class=\"screen-reader-text\">: Campingplatz S\u00fcd-Finist\u00e8re Cabellou Plage<\/span><\/a>\n<\/li><li class=\"wp-block-post post-20835 page type-page status-publish has-post-thumbnail hentry\">\n\n<figure class=\"wp-block-image maillage-img\"><img decoding=\"async\" src=\"https:\/\/www.le-cabellou-plage.com\/wp-content\/uploads\/2025\/01\/camping-quimper-resort-5-etoiles-le-cabellou-plage-cta.webp\" alt=\"campingplatz quimper resort 5 sterne le cabellou plage\"\/><\/figure>\n\n\n\n<div class=\"wp-block-group content-maillage has-global-padding is-layout-constrained wp-block-group-is-layout-constrained\">\n<p class=\"maillage-title has-base-2-color has-text-color has-link-color has-josefin-sans-font-family wp-elements-939842b9118177581784f7034ceeec07\" style=\"border-style:none;border-width:0px;border-radius:0px;font-size:clamp(0.875rem, 0.875rem + ((1vw - 0.2rem) * 0.576), 1.3rem);letter-spacing:1px;text-transform:uppercase\">Campingplatz Quimper<\/p>\n<\/div>\n\n\n<a class=\"is-style-lien-cover wp-block-read-more\" href=\"https:\/\/www.le-cabellou-plage.com\/de\/campingplatz-quimper\/\" target=\"_self\">Read more<span class=\"screen-reader-text\">: Campingplatz Quimper<\/span><\/a>\n<\/li><\/ul><\/div>\n<\/section>\n","protected":false},"excerpt":{"rendered":"<p>Campingplatz Finist\u00e8re S\u00fcd mit Hund Campingurlaub Finist\u00e8re Sud mit Hund Ihre Haustiere sind auf dem Campingplatz Finist\u00e8re Sud in Le Cabellou Plage de Concarneau herzlich willkommen. Hier finden Sie alles, was Sie brauchen, um Ihren Urlaub mit Ihrem treuen Begleiter zu genie\u00dfen! In der Sanit\u00e4ranlage gibt es eine Dusche, um Ihren Hund abzusp\u00fclen, und in [&hellip;]<\/p>\n","protected":false},"author":1,"featured_media":16468,"parent":0,"menu_order":0,"comment_status":"closed","ping_status":"closed","template":"","meta":{"_acf_changed":false,"_seopress_robots_primary_cat":"","_seopress_titles_title":"Campingplatz S\u00fcdbretagne mit Hund Le Cabellou 5 Sterne Strand in Concarneau","_seopress_titles_desc":"Camping S\u00fcd Bretagne mit Hund.=. Dies ist m\u00f6glich auf dem 5-Sterne-Campingplatz Le Cabellou Plage am Strand von Le Belle Etoile in Concarneau.","_seopress_robots_index":"","inline_featured_image":false,"gt_fse_maillage_image":"https:\/\/www.le-cabellou-plage.com\/wp-content\/uploads\/2025\/01\/camping-bretagne-sud-chien-resort-5-etoiles-le-cabellou-plage-concarneau-cta.webp","gt_fse_maillage_titre":"Campingplatz Bretagne S\u00fcd Hund","gt_fse_maillage_alt":"campingplatz bretagne sued hund resort 5 sterne le cabellou strand concarneau","gt_fse_maillage_resume":"","footnotes":""},"categories":[],"tags":[],"class_list":["post-20828","page","type-page","status-publish","has-post-thumbnail","hentry"],"acf":[],"_links":{"self":[{"href":"https:\/\/www.le-cabellou-plage.com\/de\/wp-json\/wp\/v2\/pages\/20828","targetHints":{"allow":["GET"]}}],"collection":[{"href":"https:\/\/www.le-cabellou-plage.com\/de\/wp-json\/wp\/v2\/pages"}],"about":[{"href":"https:\/\/www.le-cabellou-plage.com\/de\/wp-json\/wp\/v2\/types\/page"}],"author":[{"embeddable":true,"href":"https:\/\/www.le-cabellou-plage.com\/de\/wp-json\/wp\/v2\/users\/1"}],"replies":[{"embeddable":true,"href":"https:\/\/www.le-cabellou-plage.com\/de\/wp-json\/wp\/v2\/comments?post=20828"}],"version-history":[{"count":5,"href":"https:\/\/www.le-cabellou-plage.com\/de\/wp-json\/wp\/v2\/pages\/20828\/revisions"}],"predecessor-version":[{"id":23163,"href":"https:\/\/www.le-cabellou-plage.com\/de\/wp-json\/wp\/v2\/pages\/20828\/revisions\/23163"}],"wp:featuredmedia":[{"embeddable":true,"href":"https:\/\/www.le-cabellou-plage.com\/de\/wp-json\/wp\/v2\/media\/16468"}],"wp:attachment":[{"href":"https:\/\/www.le-cabellou-plage.com\/de\/wp-json\/wp\/v2\/media?parent=20828"}],"wp:term":[{"taxonomy":"category","embeddable":true,"href":"https:\/\/www.le-cabellou-plage.com\/de\/wp-json\/wp\/v2\/categories?post=20828"},{"taxonomy":"post_tag","embeddable":true,"href":"https:\/\/www.le-cabellou-plage.com\/de\/wp-json\/wp\/v2\/tags?post=20828"}],"curies":[{"name":"wp","href":"https:\/\/api.w.org\/{rel}","templated":true}]}}